{"id":5902,"date":"2025-07-25T08:01:26","date_gmt":"2025-07-25T08:01:26","guid":{"rendered":"https:\/\/engitech.az\/?post_type=product&#038;p=5902"},"modified":"2025-07-25T08:03:16","modified_gmt":"2025-07-25T08:03:16","slug":"fireprotect-2-heat-co-jeweler-ajax","status":"publish","type":"product","link":"https:\/\/engitech.az\/en\/product\/fireprotect-2-heat-co-jeweler-ajax\/","title":{"rendered":"FireProtect 2 (Heat\/CO) Jeweler \u2013 Ajax"},"content":{"rendered":"<p><strong data-start=\"118\" data-end=\"143\">Sensor Technology:<\/strong> Heat and carbon monoxide (CO) sensors<br data-start=\"185\" data-end=\"188\" \/><strong data-start=\"188\" data-end=\"218\">Maximum Detection Speed:<\/strong> Rapid increase in temperature and CO levels<br data-start=\"257\" data-end=\"260\" \/><strong data-start=\"260\" data-end=\"277\" data-is-only-node=\"\">Audible Signal:<\/strong> 85 dB internal siren<br data-start=\"296\" data-end=\"299\" \/><strong data-start=\"299\" data-end=\"318\">Energy Source:<\/strong> 2 \u00d7 CR123A battery (7 years operating life)<br data-start=\"360\" data-end=\"363\" \/><strong data-start=\"363\" data-end=\"388\">Communication Technology:<\/strong> Jeweler (double-sided, encrypted)<br data-start=\"423\" data-end=\"426\" \/><strong data-start=\"426\" data-end=\"437\">Assembly:<\/strong> Ceiling or wall<br data-start=\"455\" data-end=\"458\" \/><strong data-start=\"458\" data-end=\"476\">Security:<\/strong> Anti-sabotage protection, encryption<br data-start=\"509\" data-end=\"512\" \/><strong data-start=\"512\" data-end=\"528\">Protocols:<\/strong> Compatibility with the Ajax ecosystem<br data-start=\"557\" data-end=\"560\" \/><strong data-start=\"560\" data-end=\"584\">Additional Features:<\/strong> Automatic test mode, mobile notification, temperature display<br data-start=\"646\" data-end=\"649\" \/><strong data-start=\"649\" data-end=\"666\">Coverage Area:<\/strong> Radius of effect up to 50 m\u00b2<\/p>","protected":false},"excerpt":{"rendered":"<p>Sensor Texnologiyas\u0131: \u0130stilik v\u0259 karbonmonoksit (CO) sensorlar\u0131Maksimum A\u015fkarlama S\u00fcr\u0259ti: S\u00fcr\u0259tli  [&#8230;]<\/p>","protected":false},"featured_media":5905,"comment_status":"open","ping_status":"closed","template":"","meta":[],"product_brand":[],"product_cat":[148],"product_tag":[],"class_list":{"0":"post-5902","1":"product","2":"type-product","3":"status-publish","4":"has-post-thumbnail","6":"product_cat-ajax-systems","7":"pa_mehsul-tipi-yangin-detektorlari","9":"first","10":"instock","11":"sold-individually","12":"shipping-taxable","13":"purchasable","14":"product-type-simple"},"_links":{"self":[{"href":"https:\/\/engitech.az\/en\/wp-json\/wp\/v2\/product\/5902","targetHints":{"allow":["GET"]}}],"collection":[{"href":"https:\/\/engitech.az\/en\/wp-json\/wp\/v2\/product"}],"about":[{"href":"https:\/\/engitech.az\/en\/wp-json\/wp\/v2\/types\/product"}],"replies":[{"embeddable":true,"href":"https:\/\/engitech.az\/en\/wp-json\/wp\/v2\/comments?post=5902"}],"wp:featuredmedia":[{"embeddable":true,"href":"https:\/\/engitech.az\/en\/wp-json\/wp\/v2\/media\/5905"}],"wp:attachment":[{"href":"https:\/\/engitech.az\/en\/wp-json\/wp\/v2\/media?parent=5902"}],"wp:term":[{"taxonomy":"product_brand","embeddable":true,"href":"https:\/\/engitech.az\/en\/wp-json\/wp\/v2\/product_brand?post=5902"},{"taxonomy":"product_cat","embeddable":true,"href":"https:\/\/engitech.az\/en\/wp-json\/wp\/v2\/product_cat?post=5902"},{"taxonomy":"product_tag","embeddable":true,"href":"https:\/\/engitech.az\/en\/wp-json\/wp\/v2\/product_tag?post=5902"}],"curies":[{"name":"wp","href":"https:\/\/api.w.org\/{rel}","templated":true}]}}