{"id":5906,"date":"2025-07-25T08:10:12","date_gmt":"2025-07-25T08:10:12","guid":{"rendered":"https:\/\/engitech.az\/?post_type=product&#038;p=5906"},"modified":"2025-07-25T08:10:12","modified_gmt":"2025-07-25T08:10:12","slug":"fireprotect-jeweler-ajax","status":"publish","type":"product","link":"https:\/\/engitech.az\/en\/product\/fireprotect-jeweler-ajax\/","title":{"rendered":"FireProtect Jeweler \u2013 Ajax"},"content":{"rendered":"<p><strong data-start=\"101\" data-end=\"126\">Sensor Technology:<\/strong> Heat and smoke sensor<br data-start=\"151\" data-end=\"154\" \/><strong data-start=\"154\" data-end=\"184\">Maximum Detection Speed:<\/strong> Sudden smoke and temperature increase<br data-start=\"215\" data-end=\"218\" \/><strong data-start=\"218\" data-end=\"235\" data-is-only-node=\"\">Audible Signal:<\/strong> 85 dB internal siren<br data-start=\"254\" data-end=\"257\" \/><strong data-start=\"257\" data-end=\"282\">Communication Technology:<\/strong> Jeweller (encrypted two-way communication)<br data-start=\"322\" data-end=\"325\" \/><strong data-start=\"325\" data-end=\"344\">Energy Source:<\/strong> 2 \u00d7 CR123A batteries (approx. 4 years operating time)<br data-start=\"395\" data-end=\"398\" \/><strong data-start=\"398\" data-end=\"409\">Assembly:<\/strong> Ceiling or wall mounting<br data-start=\"435\" data-end=\"438\" \/><strong data-start=\"438\" data-end=\"456\">Security:<\/strong> Anti-sabotage protection, encrypted connection<br data-start=\"497\" data-end=\"500\" \/><strong data-start=\"500\" data-end=\"518\">Coverage Radius:<\/strong> Up to 50 m\u00b2<br data-start=\"532\" data-end=\"535\" \/><strong data-start=\"535\" data-end=\"559\">Additional Features:<\/strong> Mobile notification, temperature indicator, autotest mode<\/p>","protected":false},"excerpt":{"rendered":"<p>Sensor Texnologiyas\u0131: \u0130stilik v\u0259 t\u00fcst\u00fc sensoruMaksimum A\u015fkarlama S\u00fcr\u0259ti: Ani t\u00fcst\u00fc  [&#8230;]<\/p>","protected":false},"featured_media":5908,"comment_status":"open","ping_status":"closed","template":"","meta":[],"product_brand":[],"product_cat":[148],"product_tag":[],"class_list":{"0":"post-5906","1":"product","2":"type-product","3":"status-publish","4":"has-post-thumbnail","6":"product_cat-ajax-systems","7":"pa_mehsul-tipi-yangin-detektorlari","9":"first","10":"instock","11":"sold-individually","12":"shipping-taxable","13":"purchasable","14":"product-type-simple"},"_links":{"self":[{"href":"https:\/\/engitech.az\/en\/wp-json\/wp\/v2\/product\/5906","targetHints":{"allow":["GET"]}}],"collection":[{"href":"https:\/\/engitech.az\/en\/wp-json\/wp\/v2\/product"}],"about":[{"href":"https:\/\/engitech.az\/en\/wp-json\/wp\/v2\/types\/product"}],"replies":[{"embeddable":true,"href":"https:\/\/engitech.az\/en\/wp-json\/wp\/v2\/comments?post=5906"}],"wp:featuredmedia":[{"embeddable":true,"href":"https:\/\/engitech.az\/en\/wp-json\/wp\/v2\/media\/5908"}],"wp:attachment":[{"href":"https:\/\/engitech.az\/en\/wp-json\/wp\/v2\/media?parent=5906"}],"wp:term":[{"taxonomy":"product_brand","embeddable":true,"href":"https:\/\/engitech.az\/en\/wp-json\/wp\/v2\/product_brand?post=5906"},{"taxonomy":"product_cat","embeddable":true,"href":"https:\/\/engitech.az\/en\/wp-json\/wp\/v2\/product_cat?post=5906"},{"taxonomy":"product_tag","embeddable":true,"href":"https:\/\/engitech.az\/en\/wp-json\/wp\/v2\/product_tag?post=5906"}],"curies":[{"name":"wp","href":"https:\/\/api.w.org\/{rel}","templated":true}]}}