{"id":5909,"date":"2025-07-25T08:14:40","date_gmt":"2025-07-25T08:14:40","guid":{"rendered":"https:\/\/engitech.az\/?post_type=product&#038;p=5909"},"modified":"2025-07-25T08:14:40","modified_gmt":"2025-07-25T08:14:40","slug":"manualcallpoint-red-jeweler-ajax","status":"publish","type":"product","link":"https:\/\/engitech.az\/en\/product\/manualcallpoint-red-jeweler-ajax\/","title":{"rendered":"ManualCallPoint (Ed) Jeweler \u2013 Ajax"},"content":{"rendered":"<p><strong data-start=\"114\" data-end=\"130\">Signal Type:<\/strong> Manual fire alarm activation<br data-start=\"166\" data-end=\"169\" \/><strong data-start=\"169\" data-end=\"194\">Communication Technology:<\/strong> Jeweller (encrypted wireless connection)<br data-start=\"230\" data-end=\"233\" \/><strong data-start=\"233\" data-end=\"252\" data-is-only-node=\"\">Contact Distance:<\/strong> Up to 1700 m in open area<br data-start=\"279\" data-end=\"282\" \/><strong data-start=\"282\" data-end=\"301\">Energy Source:<\/strong> 2 \u00d7 CR123A batteries (up to 5 years of operation)<br data-start=\"350\" data-end=\"353\" \/><strong data-start=\"353\" data-end=\"364\">Assembly:<\/strong> Wall mounting (suitable for indoor and outdoor use)<br data-start=\"417\" data-end=\"420\" \/><strong data-start=\"420\" data-end=\"438\">Security:<\/strong> Anti-sabotage protection, fully encrypted communication<br data-start=\"484\" data-end=\"487\" \/><strong data-start=\"487\" data-end=\"505\">LED Indicator:<\/strong> Visual notification for activation and test mode<br data-start=\"552\" data-end=\"555\" \/><strong data-start=\"555\" data-end=\"579\">Additional Features:<\/strong> Test button, integration with mobile app, compliant with EN 54-11 standard<\/p>","protected":false},"excerpt":{"rendered":"<p>Siqnal Tipi: \u018fl il\u0259 yan\u011f\u0131n siqnal\u0131 aktivl\u0259\u015fdirm\u0259Rabit\u0259 Texnologiyas\u0131: Jeweller (\u015fifr\u0259l\u0259nmi\u015f  [&#8230;]<\/p>","protected":false},"featured_media":5910,"comment_status":"open","ping_status":"closed","template":"","meta":[],"product_brand":[],"product_cat":[148],"product_tag":[],"class_list":{"0":"post-5909","1":"product","2":"type-product","3":"status-publish","4":"has-post-thumbnail","6":"product_cat-ajax-systems","7":"pa_mehsul-tipi-el-ile-cagirma-duymeleri","9":"first","10":"instock","11":"sold-individually","12":"shipping-taxable","13":"purchasable","14":"product-type-simple"},"_links":{"self":[{"href":"https:\/\/engitech.az\/en\/wp-json\/wp\/v2\/product\/5909","targetHints":{"allow":["GET"]}}],"collection":[{"href":"https:\/\/engitech.az\/en\/wp-json\/wp\/v2\/product"}],"about":[{"href":"https:\/\/engitech.az\/en\/wp-json\/wp\/v2\/types\/product"}],"replies":[{"embeddable":true,"href":"https:\/\/engitech.az\/en\/wp-json\/wp\/v2\/comments?post=5909"}],"wp:featuredmedia":[{"embeddable":true,"href":"https:\/\/engitech.az\/en\/wp-json\/wp\/v2\/media\/5910"}],"wp:attachment":[{"href":"https:\/\/engitech.az\/en\/wp-json\/wp\/v2\/media?parent=5909"}],"wp:term":[{"taxonomy":"product_brand","embeddable":true,"href":"https:\/\/engitech.az\/en\/wp-json\/wp\/v2\/product_brand?post=5909"},{"taxonomy":"product_cat","embeddable":true,"href":"https:\/\/engitech.az\/en\/wp-json\/wp\/v2\/product_cat?post=5909"},{"taxonomy":"product_tag","embeddable":true,"href":"https:\/\/engitech.az\/en\/wp-json\/wp\/v2\/product_tag?post=5909"}],"curies":[{"name":"wp","href":"https:\/\/api.w.org\/{rel}","templated":true}]}}