{"id":5950,"date":"2025-07-28T06:58:42","date_gmt":"2025-07-28T06:58:42","guid":{"rendered":"https:\/\/engitech.az\/?post_type=product&#038;p=5950"},"modified":"2025-09-25T05:06:53","modified_gmt":"2025-09-25T05:06:53","slug":"pro-max-48-poe-ubiquiti","status":"publish","type":"product","link":"https:\/\/engitech.az\/en\/product\/pro-max-48-poe-ubiquiti\/","title":{"rendered":"Pro Max 48 PoE \u2013 Ubiquiti"},"content":{"rendered":"<div class=\"sc-13lrnwl-15 kgtTah\">\n<div class=\"sc-13lrnwl-2 cCIQSf\">\n<h6 class=\"sc-13lrnwl-5 eYpEVk\">(USW-Pro-Max-48-PoE (720W))<\/h6>\n<\/div>\n<\/div>\n<p><strong data-start=\"89\" data-end=\"111\">Ethernet Ports:<\/strong> 48 x 2.5GbE PoE+ ports<br data-start=\"137\" data-end=\"140\" \/><strong data-start=\"140\" data-end=\"160\">Uplink Ports:<\/strong> 4 x 10G SFP+<br data-start=\"173\" data-end=\"176\" \/><strong data-start=\"176\" data-end=\"189\" data-is-only-node=\"\">PoE Power:<\/strong> 720W PoE budget<br data-start=\"206\" data-end=\"209\" \/><strong data-start=\"209\" data-end=\"223\">Management:<\/strong> UniFi Controller support<br data-start=\"248\" data-end=\"251\" \/><strong data-start=\"251\" data-end=\"262\">Assembly:<\/strong> Rack mount (1U or 2U)<br data-start=\"287\" data-end=\"290\" \/><strong data-start=\"290\" data-end=\"308\">Security:<\/strong> ACL, port isolation, DoS protection<br data-start=\"340\" data-end=\"343\" \/><strong data-start=\"343\" data-end=\"359\">Protocols:<\/strong> 802.1Q VLAN, STP, RSTP, LACP<br data-start=\"388\" data-end=\"391\" \/><strong data-start=\"391\" data-end=\"415\">Additional Features:<\/strong> Layer 2\/3 switching, QoS, LED status indicators<br data-start=\"466\" data-end=\"469\" \/><strong data-start=\"469\" data-end=\"488\">Energy Source:<\/strong> Works with AC power<br data-start=\"507\" data-end=\"510\" \/><strong data-start=\"510\" data-end=\"521\">Corps:<\/strong> Professional metal design, fan cooling system<\/p>","protected":false},"excerpt":{"rendered":"<p>(USW-Pro-Max-48-PoE (720W)) Ethernet Portlar\u0131: 48 x 2.5GbE PoE+ portlar\u0131Uplink Portlar\u0131:  [&#8230;]<\/p>","protected":false},"featured_media":5956,"comment_status":"open","ping_status":"closed","template":"","meta":[],"product_brand":[],"product_cat":[42],"product_tag":[],"class_list":{"0":"post-5950","1":"product","2":"type-product","3":"status-publish","4":"has-post-thumbnail","6":"product_cat-ubiquiti","7":"pa_mehsul-tipi-unifi-switching","9":"first","10":"instock","11":"sold-individually","12":"shipping-taxable","13":"product-type-simple"},"_links":{"self":[{"href":"https:\/\/engitech.az\/en\/wp-json\/wp\/v2\/product\/5950","targetHints":{"allow":["GET"]}}],"collection":[{"href":"https:\/\/engitech.az\/en\/wp-json\/wp\/v2\/product"}],"about":[{"href":"https:\/\/engitech.az\/en\/wp-json\/wp\/v2\/types\/product"}],"replies":[{"embeddable":true,"href":"https:\/\/engitech.az\/en\/wp-json\/wp\/v2\/comments?post=5950"}],"wp:featuredmedia":[{"embeddable":true,"href":"https:\/\/engitech.az\/en\/wp-json\/wp\/v2\/media\/5956"}],"wp:attachment":[{"href":"https:\/\/engitech.az\/en\/wp-json\/wp\/v2\/media?parent=5950"}],"wp:term":[{"taxonomy":"product_brand","embeddable":true,"href":"https:\/\/engitech.az\/en\/wp-json\/wp\/v2\/product_brand?post=5950"},{"taxonomy":"product_cat","embeddable":true,"href":"https:\/\/engitech.az\/en\/wp-json\/wp\/v2\/product_cat?post=5950"},{"taxonomy":"product_tag","embeddable":true,"href":"https:\/\/engitech.az\/en\/wp-json\/wp\/v2\/product_tag?post=5950"}],"curies":[{"name":"wp","href":"https:\/\/api.w.org\/{rel}","templated":true}]}}