{"id":6283,"date":"2025-07-31T10:47:08","date_gmt":"2025-07-31T10:47:08","guid":{"rendered":"https:\/\/engitech.az\/?post_type=product&#038;p=6283"},"modified":"2025-09-24T11:44:02","modified_gmt":"2025-09-24T11:44:02","slug":"device-bridge-pro-sector-ubiquiti","status":"publish","type":"product","link":"https:\/\/engitech.az\/en\/product\/device-bridge-pro-sector-ubiquiti\/","title":{"rendered":"Device Bridge Pro Sector \u2013 Ubiquiti"},"content":{"rendered":"<h6>(UDB-Pro-Sector)<\/h6>\n<p><strong data-start=\"110\" data-end=\"137\">Connection Technology:<\/strong> 60 GHz (802.11ay) + 5 GHz backup link<br data-start=\"180\" data-end=\"183\" \/><strong data-start=\"183\" data-end=\"203\">Maximum Distance:<\/strong> 15+ km (with optical sight)<br data-start=\"228\" data-end=\"231\" \/><strong data-start=\"231\" data-end=\"259\" data-is-only-node=\"\">Maximum Upload Speed:<\/strong> 1.5+ Gbps<br data-start=\"269\" data-end=\"272\" \/><strong data-start=\"272\" data-end=\"291\">Ethernet Port:<\/strong> 1 x 2.5GbE<br data-start=\"302\" data-end=\"305\" \/><strong data-start=\"305\" data-end=\"313\">Power:<\/strong> PoE (802.3af)<br data-start=\"327\" data-end=\"330\" \/><strong data-start=\"330\" data-end=\"341\">Assembly:<\/strong> Outdoor, pole mounting<br data-start=\"366\" data-end=\"369\" \/><strong data-start=\"369\" data-end=\"387\">Security:<\/strong> Encrypted connection, MAC filter<br data-start=\"419\" data-end=\"422\" \/><strong data-start=\"422\" data-end=\"447\">Operating Frequencies:<\/strong> 60 GHz (main), 5 GHz (reserve)<br data-start=\"478\" data-end=\"481\" \/><strong data-start=\"481\" data-end=\"497\">Protocols:<\/strong> IPv4, IPv6<br data-start=\"508\" data-end=\"511\" \/><strong data-start=\"511\" data-end=\"531\">Number of Users:<\/strong> 10+ point-to-point communication (PTMP mode)<br data-start=\"565\" data-end=\"568\" \/><strong data-start=\"568\" data-end=\"592\">Additional Features:<\/strong> Sector antenna design, gigabit redundant connection, weather resistance, high transmission stability<\/p>","protected":false},"excerpt":{"rendered":"<p>(UDB-Pro-Sector) Ba\u011flant\u0131 Texnologiyas\u0131: 60 GHz (802.11ay) + 5 GHz ehtiyat  [&#8230;]<\/p>","protected":false},"featured_media":6284,"comment_status":"open","ping_status":"closed","template":"","meta":[],"product_brand":[],"product_cat":[42],"product_tag":[117],"class_list":{"0":"post-6283","1":"product","2":"type-product","3":"status-publish","4":"has-post-thumbnail","6":"product_cat-ubiquiti","7":"product_tag-accesspoint","8":"pa_mehsul-tipi-access-point","10":"first","11":"instock","12":"sold-individually","13":"shipping-taxable","14":"purchasable","15":"product-type-simple"},"_links":{"self":[{"href":"https:\/\/engitech.az\/en\/wp-json\/wp\/v2\/product\/6283","targetHints":{"allow":["GET"]}}],"collection":[{"href":"https:\/\/engitech.az\/en\/wp-json\/wp\/v2\/product"}],"about":[{"href":"https:\/\/engitech.az\/en\/wp-json\/wp\/v2\/types\/product"}],"replies":[{"embeddable":true,"href":"https:\/\/engitech.az\/en\/wp-json\/wp\/v2\/comments?post=6283"}],"wp:featuredmedia":[{"embeddable":true,"href":"https:\/\/engitech.az\/en\/wp-json\/wp\/v2\/media\/6284"}],"wp:attachment":[{"href":"https:\/\/engitech.az\/en\/wp-json\/wp\/v2\/media?parent=6283"}],"wp:term":[{"taxonomy":"product_brand","embeddable":true,"href":"https:\/\/engitech.az\/en\/wp-json\/wp\/v2\/product_brand?post=6283"},{"taxonomy":"product_cat","embeddable":true,"href":"https:\/\/engitech.az\/en\/wp-json\/wp\/v2\/product_cat?post=6283"},{"taxonomy":"product_tag","embeddable":true,"href":"https:\/\/engitech.az\/en\/wp-json\/wp\/v2\/product_tag?post=6283"}],"curies":[{"name":"wp","href":"https:\/\/api.w.org\/{rel}","templated":true}]}}