{"id":6930,"date":"2025-09-25T11:38:26","date_gmt":"2025-09-25T11:38:26","guid":{"rendered":"https:\/\/engitech.az\/?post_type=product&#038;p=6930"},"modified":"2025-09-25T11:38:26","modified_gmt":"2025-09-25T11:38:26","slug":"fortiap-432fr","status":"publish","type":"product","link":"https:\/\/engitech.az\/en\/product\/fortiap-432fr\/","title":{"rendered":"FortiAP 432FR"},"content":{"rendered":"<ul>\n<li id=\"tw-target-text\" class=\"tw-data-text tw-text-large tw-ta\" dir=\"ltr\" tabindex=\"-1\" role=\"text\" data-placeholder=\"\u041f\u0435\u0440\u0435\u0432\u043e\u0434\" data-ved=\"2ahUKEwigupKGhuSPAxVDAhAIHd-ILa0Q3ewLegQIChAV\" aria-label=\"Translated text: Wi-Fi Technology WiFi 6Performance 4x4Number of Radios 3Antenna Type (Internal or External) External ExternalBLE Enabled YesDual 5GHz Capable No\"><strong><span class=\"Y2IQFc\" lang=\"az\">Wi-Fi Technology WiFi: <\/span><\/strong><span class=\"Y2IQFc\" lang=\"az\">6<\/span><\/li>\n<li class=\"tw-data-text tw-text-large tw-ta\" dir=\"ltr\" tabindex=\"-1\" role=\"text\" data-placeholder=\"\u041f\u0435\u0440\u0435\u0432\u043e\u0434\" data-ved=\"2ahUKEwigupKGhuSPAxVDAhAIHd-ILa0Q3ewLegQIChAV\" aria-label=\"Translated text: Wi-Fi Technology WiFi 6Performance 4x4Number of Radios 3Antenna Type (Internal or External) External ExternalBLE Enabled YesDual 5GHz Capable No\"><strong><span class=\"Y2IQFc\" lang=\"az\"> Performance: <\/span><\/strong><span class=\"Y2IQFc\" lang=\"az\">4&#215;4<\/span><\/li>\n<li class=\"tw-data-text tw-text-large tw-ta\" dir=\"ltr\" tabindex=\"-1\" role=\"text\" data-placeholder=\"\u041f\u0435\u0440\u0435\u0432\u043e\u0434\" data-ved=\"2ahUKEwigupKGhuSPAxVDAhAIHd-ILa0Q3ewLegQIChAV\" aria-label=\"Translated text: Wi-Fi Technology WiFi 6Performance 4x4Number of Radios 3Antenna Type (Internal or External) External ExternalBLE Enabled YesDual 5GHz Capable No\"><strong><span class=\"Y2IQFc\" lang=\"az\"> Number of radios: <\/span><\/strong><span class=\"Y2IQFc\" lang=\"az\">3<\/span><\/li>\n<li class=\"tw-data-text tw-text-large tw-ta\" dir=\"ltr\" tabindex=\"-1\" role=\"text\" data-placeholder=\"\u041f\u0435\u0440\u0435\u0432\u043e\u0434\" data-ved=\"2ahUKEwigupKGhuSPAxVDAhAIHd-ILa0Q3ewLegQIChAV\" aria-label=\"Translated text: Wi-Fi Technology WiFi 6Performance 4x4Number of Radios 3Antenna Type (Internal or External) External ExternalBLE Enabled YesDual 5GHz Capable No\"><strong><span class=\"Y2IQFc\" lang=\"az\">Antenna Type (Internal or External): <\/span><\/strong><span class=\"Y2IQFc\" lang=\"az\">External Internal<\/span><\/li>\n<li class=\"tw-data-text tw-text-large tw-ta\" dir=\"ltr\" tabindex=\"-1\" role=\"text\" data-placeholder=\"\u041f\u0435\u0440\u0435\u0432\u043e\u0434\" data-ved=\"2ahUKEwigupKGhuSPAxVDAhAIHd-ILa0Q3ewLegQIChAV\" aria-label=\"Translated text: Wi-Fi Technology WiFi 6Performance 4x4Number of Radios 3Antenna Type (Internal or External) External ExternalBLE Enabled YesDual 5GHz Capable No\"><strong><span class=\"Y2IQFc\" lang=\"az\">BLE Enabled: <\/span><\/strong><span class=\"Y2IQFc\" lang=\"az\">Yes<\/span><\/li>\n<li class=\"tw-data-text tw-text-large tw-ta\" dir=\"ltr\" tabindex=\"-1\" role=\"text\" data-placeholder=\"\u041f\u0435\u0440\u0435\u0432\u043e\u0434\" data-ved=\"2ahUKEwigupKGhuSPAxVDAhAIHd-ILa0Q3ewLegQIChAV\" aria-label=\"Translated text: Wi-Fi Technology WiFi 6Performance 4x4Number of Radios 3Antenna Type (Internal or External) External ExternalBLE Enabled YesDual 5GHz Capable No\"><strong><span class=\"Y2IQFc\" lang=\"az\"> Dual 5GHz Capable: <\/span><\/strong><span class=\"Y2IQFc\" lang=\"az\">No<\/span><\/li>\n<\/ul>","protected":false},"excerpt":{"rendered":"<p>Wi-Fi Texnologiyas\u0131 WiFi : 6 Performans : 4&#215;4 Radiolar\u0131n say\u0131  [&#8230;]<\/p>","protected":false},"featured_media":6931,"comment_status":"open","ping_status":"closed","template":"","meta":[],"product_brand":[],"product_cat":[45],"product_tag":[],"class_list":{"0":"post-6930","1":"product","2":"type-product","3":"status-publish","4":"has-post-thumbnail","6":"product_cat-fortinet","7":"pa_mehsul-tipi-forti-accesspoint","9":"first","10":"instock","11":"sold-individually","12":"shipping-taxable","13":"purchasable","14":"product-type-simple"},"_links":{"self":[{"href":"https:\/\/engitech.az\/en\/wp-json\/wp\/v2\/product\/6930","targetHints":{"allow":["GET"]}}],"collection":[{"href":"https:\/\/engitech.az\/en\/wp-json\/wp\/v2\/product"}],"about":[{"href":"https:\/\/engitech.az\/en\/wp-json\/wp\/v2\/types\/product"}],"replies":[{"embeddable":true,"href":"https:\/\/engitech.az\/en\/wp-json\/wp\/v2\/comments?post=6930"}],"wp:featuredmedia":[{"embeddable":true,"href":"https:\/\/engitech.az\/en\/wp-json\/wp\/v2\/media\/6931"}],"wp:attachment":[{"href":"https:\/\/engitech.az\/en\/wp-json\/wp\/v2\/media?parent=6930"}],"wp:term":[{"taxonomy":"product_brand","embeddable":true,"href":"https:\/\/engitech.az\/en\/wp-json\/wp\/v2\/product_brand?post=6930"},{"taxonomy":"product_cat","embeddable":true,"href":"https:\/\/engitech.az\/en\/wp-json\/wp\/v2\/product_cat?post=6930"},{"taxonomy":"product_tag","embeddable":true,"href":"https:\/\/engitech.az\/en\/wp-json\/wp\/v2\/product_tag?post=6930"}],"curies":[{"name":"wp","href":"https:\/\/api.w.org\/{rel}","templated":true}]}}