{"id":6952,"date":"2025-09-26T07:06:51","date_gmt":"2025-09-26T07:06:51","guid":{"rendered":"https:\/\/engitech.az\/?post_type=product&#038;p=6952"},"modified":"2025-09-26T07:06:51","modified_gmt":"2025-09-26T07:06:51","slug":"fortiap-221e","status":"publish","type":"product","link":"https:\/\/engitech.az\/en\/product\/fortiap-221e\/","title":{"rendered":"FortiAP 221E"},"content":{"rendered":"<ul>\n<li id=\"tw-target-text\" class=\"tw-data-text tw-text-large tw-ta\" dir=\"ltr\" tabindex=\"-1\" role=\"text\" data-placeholder=\"\u041f\u0435\u0440\u0435\u0432\u043e\u0434\" data-ved=\"2ahUKEwigupKGhuSPAxVDAhAIHd-ILa0Q3ewLegQIChAV\" aria-label=\"Translated text: Wi-Fi Technology AC Wave 2Performance 2x2Number of Radios 2Antenna Type (Internal or External) Internal Internal AntennaBLE Enabled YesDual 5GHz Capable No\"><strong><span class=\"Y2IQFc\" lang=\"az\">Wi-Fi technology AC wave: <\/span><\/strong><span class=\"Y2IQFc\" lang=\"az\">2<\/span><\/li>\n<li class=\"tw-data-text tw-text-large tw-ta\" dir=\"ltr\" tabindex=\"-1\" role=\"text\" data-placeholder=\"\u041f\u0435\u0440\u0435\u0432\u043e\u0434\" data-ved=\"2ahUKEwigupKGhuSPAxVDAhAIHd-ILa0Q3ewLegQIChAV\" aria-label=\"Translated text: Wi-Fi Technology AC Wave 2Performance 2x2Number of Radios 2Antenna Type (Internal or External) Internal Internal AntennaBLE Enabled YesDual 5GHz Capable No\"><strong><span class=\"Y2IQFc\" lang=\"az\"> Performance: <\/span><\/strong><span class=\"Y2IQFc\" lang=\"az\">2&#215;2<\/span><\/li>\n<li class=\"tw-data-text tw-text-large tw-ta\" dir=\"ltr\" tabindex=\"-1\" role=\"text\" data-placeholder=\"\u041f\u0435\u0440\u0435\u0432\u043e\u0434\" data-ved=\"2ahUKEwigupKGhuSPAxVDAhAIHd-ILa0Q3ewLegQIChAV\" aria-label=\"Translated text: Wi-Fi Technology AC Wave 2Performance 2x2Number of Radios 2Antenna Type (Internal or External) Internal Internal AntennaBLE Enabled YesDual 5GHz Capable No\"><strong><span class=\"Y2IQFc\" lang=\"az\"> Number of radios:<\/span><\/strong><span class=\"Y2IQFc\" lang=\"az\"> 2<\/span><\/li>\n<li class=\"tw-data-text tw-text-large tw-ta\" dir=\"ltr\" tabindex=\"-1\" role=\"text\" data-placeholder=\"\u041f\u0435\u0440\u0435\u0432\u043e\u0434\" data-ved=\"2ahUKEwigupKGhuSPAxVDAhAIHd-ILa0Q3ewLegQIChAV\" aria-label=\"Translated text: Wi-Fi Technology AC Wave 2Performance 2x2Number of Radios 2Antenna Type (Internal or External) Internal Internal AntennaBLE Enabled YesDual 5GHz Capable No\"><strong><span class=\"Y2IQFc\" lang=\"az\"> Antenna Type (Internal or External):<\/span><\/strong><span class=\"Y2IQFc\" lang=\"az\"> Internal External Antenna<\/span><\/li>\n<li class=\"tw-data-text tw-text-large tw-ta\" dir=\"ltr\" tabindex=\"-1\" role=\"text\" data-placeholder=\"\u041f\u0435\u0440\u0435\u0432\u043e\u0434\" data-ved=\"2ahUKEwigupKGhuSPAxVDAhAIHd-ILa0Q3ewLegQIChAV\" aria-label=\"Translated text: Wi-Fi Technology AC Wave 2Performance 2x2Number of Radios 2Antenna Type (Internal or External) Internal Internal AntennaBLE Enabled YesDual 5GHz Capable No\"><strong><span class=\"Y2IQFc\" lang=\"az\">BLE Enabled: <\/span><\/strong><span class=\"Y2IQFc\" lang=\"az\">Yes<\/span><\/li>\n<li class=\"tw-data-text tw-text-large tw-ta\" dir=\"ltr\" tabindex=\"-1\" role=\"text\" data-placeholder=\"\u041f\u0435\u0440\u0435\u0432\u043e\u0434\" data-ved=\"2ahUKEwigupKGhuSPAxVDAhAIHd-ILa0Q3ewLegQIChAV\" aria-label=\"Translated text: Wi-Fi Technology AC Wave 2Performance 2x2Number of Radios 2Antenna Type (Internal or External) Internal Internal AntennaBLE Enabled YesDual 5GHz Capable No\"><strong><span class=\"Y2IQFc\" lang=\"az\"> Dual 5GHz Capable:<\/span><\/strong><span class=\"Y2IQFc\" lang=\"az\"> No<\/span><\/li>\n<\/ul>","protected":false},"excerpt":{"rendered":"<p>Wi-Fi texnologiyas\u0131 AC dal\u011fas\u0131 : 2 Performans : 2&#215;2 Radiolar\u0131n  [&#8230;]<\/p>","protected":false},"featured_media":6953,"comment_status":"open","ping_status":"closed","template":"","meta":[],"product_brand":[],"product_cat":[45],"product_tag":[],"class_list":{"0":"post-6952","1":"product","2":"type-product","3":"status-publish","4":"has-post-thumbnail","6":"product_cat-fortinet","7":"pa_mehsul-tipi-forti-accesspoint","9":"first","10":"instock","11":"sold-individually","12":"shipping-taxable","13":"purchasable","14":"product-type-simple"},"_links":{"self":[{"href":"https:\/\/engitech.az\/en\/wp-json\/wp\/v2\/product\/6952","targetHints":{"allow":["GET"]}}],"collection":[{"href":"https:\/\/engitech.az\/en\/wp-json\/wp\/v2\/product"}],"about":[{"href":"https:\/\/engitech.az\/en\/wp-json\/wp\/v2\/types\/product"}],"replies":[{"embeddable":true,"href":"https:\/\/engitech.az\/en\/wp-json\/wp\/v2\/comments?post=6952"}],"wp:featuredmedia":[{"embeddable":true,"href":"https:\/\/engitech.az\/en\/wp-json\/wp\/v2\/media\/6953"}],"wp:attachment":[{"href":"https:\/\/engitech.az\/en\/wp-json\/wp\/v2\/media?parent=6952"}],"wp:term":[{"taxonomy":"product_brand","embeddable":true,"href":"https:\/\/engitech.az\/en\/wp-json\/wp\/v2\/product_brand?post=6952"},{"taxonomy":"product_cat","embeddable":true,"href":"https:\/\/engitech.az\/en\/wp-json\/wp\/v2\/product_cat?post=6952"},{"taxonomy":"product_tag","embeddable":true,"href":"https:\/\/engitech.az\/en\/wp-json\/wp\/v2\/product_tag?post=6952"}],"curies":[{"name":"wp","href":"https:\/\/api.w.org\/{rel}","templated":true}]}}