{"id":7157,"date":"2025-10-03T07:27:31","date_gmt":"2025-10-03T07:27:31","guid":{"rendered":"https:\/\/engitech.az\/?post_type=product&#038;p=7157"},"modified":"2025-10-03T09:17:23","modified_gmt":"2025-10-03T09:17:23","slug":"fortiswitch-t1024f-fpoe","status":"publish","type":"product","link":"https:\/\/engitech.az\/en\/product\/fortiswitch-t1024f-fpoe\/","title":{"rendered":"FortiSwitch T1024F-FPOE"},"content":{"rendered":"<ul>\n<li id=\"tw-target-text\" class=\"tw-data-text tw-text-large tw-ta\" dir=\"ltr\" tabindex=\"-1\" role=\"text\" data-placeholder=\"\u041f\u0435\u0440\u0435\u0432\u043e\u0434\" data-ved=\"2ahUKEwjqns36u4KQAxVIBNsEHSJlKlIQ3ewLegQIChAV\" aria-label=\"Translated text: Primary Port Type 10 GbE Copper Number of Ports 24 Uplink Capability 200 GbE (2x 100 GbE) POE+ Capability Yes Layer 2 Capable Yes Layer 3 Capable Yes Rugged No.\"><strong><span class=\"Y2IQFc\" lang=\"az\">Primary Port Type: <\/span><\/strong><span class=\"Y2IQFc\" lang=\"az\">10GbE Copper<\/span><\/li>\n<li class=\"tw-data-text tw-text-large tw-ta\" dir=\"ltr\" tabindex=\"-1\" role=\"text\" data-placeholder=\"\u041f\u0435\u0440\u0435\u0432\u043e\u0434\" data-ved=\"2ahUKEwjqns36u4KQAxVIBNsEHSJlKlIQ3ewLegQIChAV\" aria-label=\"Translated text: Primary Port Type 10 GbE Copper Number of Ports 24 Uplink Capability 200 GbE (2x 100 GbE) POE+ Capability Yes Layer 2 Capable Yes Layer 3 Capable Yes Rugged No.\"><strong><span class=\"Y2IQFc\" lang=\"az\">Number of ports: <\/span><\/strong><span class=\"Y2IQFc\" lang=\"az\">24<\/span><\/li>\n<li class=\"tw-data-text tw-text-large tw-ta\" dir=\"ltr\" tabindex=\"-1\" role=\"text\" data-placeholder=\"\u041f\u0435\u0440\u0435\u0432\u043e\u0434\" data-ved=\"2ahUKEwjqns36u4KQAxVIBNsEHSJlKlIQ3ewLegQIChAV\" aria-label=\"Translated text: Primary Port Type 10 GbE Copper Number of Ports 24 Uplink Capability 200 GbE (2x 100 GbE) POE+ Capability Yes Layer 2 Capable Yes Layer 3 Capable Yes Rugged No.\"><strong><span class=\"Y2IQFc\" lang=\"az\"> Uplink capability: <\/span><\/strong><span class=\"Y2IQFc\" lang=\"az\">200GbE (2x 100GbE)<\/span><\/li>\n<li class=\"tw-data-text tw-text-large tw-ta\" dir=\"ltr\" tabindex=\"-1\" role=\"text\" data-placeholder=\"\u041f\u0435\u0440\u0435\u0432\u043e\u0434\" data-ved=\"2ahUKEwjqns36u4KQAxVIBNsEHSJlKlIQ3ewLegQIChAV\" aria-label=\"Translated text: Primary Port Type 10 GbE Copper Number of Ports 24 Uplink Capability 200 GbE (2x 100 GbE) POE+ Capability Yes Layer 2 Capable Yes Layer 3 Capable Yes Rugged No.\"><strong><span class=\"Y2IQFc\" lang=\"az\">POE+ capability: <\/span><\/strong><span class=\"Y2IQFc\" lang=\"az\">Yes<\/span><\/li>\n<li class=\"tw-data-text tw-text-large tw-ta\" dir=\"ltr\" tabindex=\"-1\" role=\"text\" data-placeholder=\"\u041f\u0435\u0440\u0435\u0432\u043e\u0434\" data-ved=\"2ahUKEwjqns36u4KQAxVIBNsEHSJlKlIQ3ewLegQIChAV\" aria-label=\"Translated text: Primary Port Type 10 GbE Copper Number of Ports 24 Uplink Capability 200 GbE (2x 100 GbE) POE+ Capability Yes Layer 2 Capable Yes Layer 3 Capable Yes Rugged No.\"><strong><span class=\"Y2IQFc\" lang=\"az\"> Layer 2 Skilled: <\/span><\/strong><span class=\"Y2IQFc\" lang=\"az\">Yes<\/span><\/li>\n<li class=\"tw-data-text tw-text-large tw-ta\" dir=\"ltr\" tabindex=\"-1\" role=\"text\" data-placeholder=\"\u041f\u0435\u0440\u0435\u0432\u043e\u0434\" data-ved=\"2ahUKEwjqns36u4KQAxVIBNsEHSJlKlIQ3ewLegQIChAV\" aria-label=\"Translated text: Primary Port Type 10 GbE Copper Number of Ports 24 Uplink Capability 200 GbE (2x 100 GbE) POE+ Capability Yes Layer 2 Capable Yes Layer 3 Capable Yes Rugged No.\"><strong><span class=\"Y2IQFc\" lang=\"az\">Layer 3 Skilled: <\/span><\/strong><span class=\"Y2IQFc\" lang=\"az\">Yes<\/span><\/li>\n<\/ul>","protected":false},"excerpt":{"rendered":"<p>\u0130lkin Port Tipi : 10 GbE Mis Portlar\u0131n say\u0131 :  [&#8230;]<\/p>","protected":false},"featured_media":7158,"comment_status":"open","ping_status":"closed","template":"","meta":[],"product_brand":[],"product_cat":[45],"product_tag":[],"class_list":{"0":"post-7157","1":"product","2":"type-product","3":"status-publish","4":"has-post-thumbnail","6":"product_cat-fortinet","7":"pa_mehsul-tipi-fortiswitch","9":"first","10":"instock","11":"sold-individually","12":"shipping-taxable","13":"purchasable","14":"product-type-simple"},"_links":{"self":[{"href":"https:\/\/engitech.az\/en\/wp-json\/wp\/v2\/product\/7157","targetHints":{"allow":["GET"]}}],"collection":[{"href":"https:\/\/engitech.az\/en\/wp-json\/wp\/v2\/product"}],"about":[{"href":"https:\/\/engitech.az\/en\/wp-json\/wp\/v2\/types\/product"}],"replies":[{"embeddable":true,"href":"https:\/\/engitech.az\/en\/wp-json\/wp\/v2\/comments?post=7157"}],"wp:featuredmedia":[{"embeddable":true,"href":"https:\/\/engitech.az\/en\/wp-json\/wp\/v2\/media\/7158"}],"wp:attachment":[{"href":"https:\/\/engitech.az\/en\/wp-json\/wp\/v2\/media?parent=7157"}],"wp:term":[{"taxonomy":"product_brand","embeddable":true,"href":"https:\/\/engitech.az\/en\/wp-json\/wp\/v2\/product_brand?post=7157"},{"taxonomy":"product_cat","embeddable":true,"href":"https:\/\/engitech.az\/en\/wp-json\/wp\/v2\/product_cat?post=7157"},{"taxonomy":"product_tag","embeddable":true,"href":"https:\/\/engitech.az\/en\/wp-json\/wp\/v2\/product_tag?post=7157"}],"curies":[{"name":"wp","href":"https:\/\/api.w.org\/{rel}","templated":true}]}}