{"id":7200,"date":"2025-10-03T10:09:46","date_gmt":"2025-10-03T10:09:46","guid":{"rendered":"https:\/\/engitech.az\/?post_type=product&#038;p=7200"},"modified":"2025-10-03T10:09:46","modified_gmt":"2025-10-03T10:09:46","slug":"fortiextender-200f","status":"publish","type":"product","link":"https:\/\/engitech.az\/en\/product\/fortiextender-200f\/","title":{"rendered":"FortiExtender 200F"},"content":{"rendered":"<ul>\n<li id=\"tw-target-text\" class=\"tw-data-text tw-text-large tw-ta\" dir=\"ltr\" tabindex=\"-1\" role=\"text\" data-placeholder=\"\u041f\u0435\u0440\u0435\u0432\u043e\u0434\" data-ved=\"2ahUKEwjqns36u4KQAxVIBNsEHSJlKlIQ3ewLegQIChAV\" aria-label=\"Translated text: Deployment MicrobranchEthernet connection onlyMaximum download speed (Mbps) N\/ASingle Modems (Dual SIM)Rugged NoDevice weight (lbs) 1.01FirstNet Ready NoCompatibility N\/AAntennas N\/AManagement FortiManager, FortiGate, FortiExtender Cloud, FortiSASE\"><strong><span class=\"Y2IQFc\" lang=\"az\">Placement: <\/span><\/strong><span class=\"Y2IQFc\" lang=\"az\">Microbranch<\/span><\/li>\n<li class=\"tw-data-text tw-text-large tw-ta\" dir=\"ltr\" tabindex=\"-1\" role=\"text\" data-placeholder=\"\u041f\u0435\u0440\u0435\u0432\u043e\u0434\" data-ved=\"2ahUKEwjqns36u4KQAxVIBNsEHSJlKlIQ3ewLegQIChAV\" aria-label=\"Translated text: Deployment MicrobranchEthernet connection onlyMaximum download speed (Mbps) N\/ASingle Modems (Dual SIM)Rugged NoDevice weight (lbs) 1.01FirstNet Ready NoCompatibility N\/AAntennas N\/AManagement FortiManager, FortiGate, FortiExtender Cloud, FortiSASE\"><strong><span class=\"Y2IQFc\" lang=\"az\"> Only : <\/span><\/strong><span class=\"Y2IQFc\" lang=\"az\">Ethernet connection<\/span><\/li>\n<li class=\"tw-data-text tw-text-large tw-ta\" dir=\"ltr\" tabindex=\"-1\" role=\"text\" data-placeholder=\"\u041f\u0435\u0440\u0435\u0432\u043e\u0434\" data-ved=\"2ahUKEwjqns36u4KQAxVIBNsEHSJlKlIQ3ewLegQIChAV\" aria-label=\"Translated text: Deployment MicrobranchEthernet connection onlyMaximum download speed (Mbps) N\/ASingle Modems (Dual SIM)Rugged NoDevice weight (lbs) 1.01FirstNet Ready NoCompatibility N\/AAntennas N\/AManagement FortiManager, FortiGate, FortiExtender Cloud, FortiSASE\"><strong><span class=\"Y2IQFc\" lang=\"az\">Maximum descent speed: <\/span><\/strong><span class=\"Y2IQFc\" lang=\"az\">(Mbps) N\/A<\/span><\/li>\n<li class=\"tw-data-text tw-text-large tw-ta\" dir=\"ltr\" tabindex=\"-1\" role=\"text\" data-placeholder=\"\u041f\u0435\u0440\u0435\u0432\u043e\u0434\" data-ved=\"2ahUKEwjqns36u4KQAxVIBNsEHSJlKlIQ3ewLegQIChAV\" aria-label=\"Translated text: Deployment MicrobranchEthernet connection onlyMaximum download speed (Mbps) N\/ASingle Modems (Dual SIM)Rugged NoDevice weight (lbs) 1.01FirstNet Ready NoCompatibility N\/AAntennas N\/AManagement FortiManager, FortiGate, FortiExtender Cloud, FortiSASE\"><strong><span class=\"Y2IQFc\" lang=\"az\">Single Modems: <\/span><\/strong><span class=\"Y2IQFc\" lang=\"az\">(Dual SIM)<\/span><\/li>\n<li class=\"tw-data-text tw-text-large tw-ta\" dir=\"ltr\" tabindex=\"-1\" role=\"text\" data-placeholder=\"\u041f\u0435\u0440\u0435\u0432\u043e\u0434\" data-ved=\"2ahUKEwjqns36u4KQAxVIBNsEHSJlKlIQ3ewLegQIChAV\" aria-label=\"Translated text: Deployment MicrobranchEthernet connection onlyMaximum download speed (Mbps) N\/ASingle Modems (Dual SIM)Rugged NoDevice weight (lbs) 1.01FirstNet Ready NoCompatibility N\/AAntennas N\/AManagement FortiManager, FortiGate, FortiExtender Cloud, FortiSASE\"><strong><span class=\"Y2IQFc\" lang=\"az\"> Device weight (lbs) : <\/span><\/strong><span class=\"Y2IQFc\" lang=\"az\">1.01<\/span><\/li>\n<li class=\"tw-data-text tw-text-large tw-ta\" dir=\"ltr\" tabindex=\"-1\" role=\"text\" data-placeholder=\"\u041f\u0435\u0440\u0435\u0432\u043e\u0434\" data-ved=\"2ahUKEwjqns36u4KQAxVIBNsEHSJlKlIQ3ewLegQIChAV\" aria-label=\"Translated text: Deployment MicrobranchEthernet connection onlyMaximum download speed (Mbps) N\/ASingle Modems (Dual SIM)Rugged NoDevice weight (lbs) 1.01FirstNet Ready NoCompatibility N\/AAntennas N\/AManagement FortiManager, FortiGate, FortiExtender Cloud, FortiSASE\"><strong><span class=\"Y2IQFc\" lang=\"az\">FirstNet Ready: <\/span><\/strong><span class=\"Y2IQFc\" lang=\"az\">No<\/span><\/li>\n<li class=\"tw-data-text tw-text-large tw-ta\" dir=\"ltr\" tabindex=\"-1\" role=\"text\" data-placeholder=\"\u041f\u0435\u0440\u0435\u0432\u043e\u0434\" data-ved=\"2ahUKEwjqns36u4KQAxVIBNsEHSJlKlIQ3ewLegQIChAV\" aria-label=\"Translated text: Deployment MicrobranchEthernet connection onlyMaximum download speed (Mbps) N\/ASingle Modems (Dual SIM)Rugged NoDevice weight (lbs) 1.01FirstNet Ready NoCompatibility N\/AAntennas N\/AManagement FortiManager, FortiGate, FortiExtender Cloud, FortiSASE\"><strong><span class=\"Y2IQFc\" lang=\"az\">Compatibility: <\/span><\/strong><span class=\"Y2IQFc\" lang=\"az\">N\/A<\/span><\/li>\n<li class=\"tw-data-text tw-text-large tw-ta\" dir=\"ltr\" tabindex=\"-1\" role=\"text\" data-placeholder=\"\u041f\u0435\u0440\u0435\u0432\u043e\u0434\" data-ved=\"2ahUKEwjqns36u4KQAxVIBNsEHSJlKlIQ3ewLegQIChAV\" aria-label=\"Translated text: Deployment MicrobranchEthernet connection onlyMaximum download speed (Mbps) N\/ASingle Modems (Dual SIM)Rugged NoDevice weight (lbs) 1.01FirstNet Ready NoCompatibility N\/AAntennas N\/AManagement FortiManager, FortiGate, FortiExtender Cloud, FortiSASE\"><strong><span class=\"Y2IQFc\" lang=\"az\"> Antennas: <\/span><\/strong><span class=\"Y2IQFc\" lang=\"az\">N\/A<\/span><\/li>\n<li class=\"tw-data-text tw-text-large tw-ta\" dir=\"ltr\" tabindex=\"-1\" role=\"text\" data-placeholder=\"\u041f\u0435\u0440\u0435\u0432\u043e\u0434\" data-ved=\"2ahUKEwjqns36u4KQAxVIBNsEHSJlKlIQ3ewLegQIChAV\" aria-label=\"Translated text: Deployment MicrobranchEthernet connection onlyMaximum download speed (Mbps) N\/ASingle Modems (Dual SIM)Rugged NoDevice weight (lbs) 1.01FirstNet Ready NoCompatibility N\/AAntennas N\/AManagement FortiManager, FortiGate, FortiExtender Cloud, FortiSASE\"><strong><span class=\"Y2IQFc\" lang=\"az\">Management: <\/span><\/strong><span class=\"Y2IQFc\" lang=\"az\"> FortiManager, FortiGate, FortiExtender Cloud, FortiSASE<\/span><\/li>\n<\/ul>","protected":false},"excerpt":{"rendered":"<p>Yerl\u0259\u015fdirm\u0259 : Mikrobranch Yaln\u0131z : Ethernet ba\u011flant\u0131s\u0131 Maksimum enm\u0259 s\u00fcr\u0259ti  [&#8230;]<\/p>","protected":false},"featured_media":7201,"comment_status":"open","ping_status":"closed","template":"","meta":[],"product_brand":[],"product_cat":[45],"product_tag":[],"class_list":{"0":"post-7200","1":"product","2":"type-product","3":"status-publish","4":"has-post-thumbnail","6":"product_cat-fortinet","7":"pa_mehsul-tipi-extender","9":"first","10":"instock","11":"sold-individually","12":"shipping-taxable","13":"purchasable","14":"product-type-simple"},"_links":{"self":[{"href":"https:\/\/engitech.az\/en\/wp-json\/wp\/v2\/product\/7200","targetHints":{"allow":["GET"]}}],"collection":[{"href":"https:\/\/engitech.az\/en\/wp-json\/wp\/v2\/product"}],"about":[{"href":"https:\/\/engitech.az\/en\/wp-json\/wp\/v2\/types\/product"}],"replies":[{"embeddable":true,"href":"https:\/\/engitech.az\/en\/wp-json\/wp\/v2\/comments?post=7200"}],"wp:featuredmedia":[{"embeddable":true,"href":"https:\/\/engitech.az\/en\/wp-json\/wp\/v2\/media\/7201"}],"wp:attachment":[{"href":"https:\/\/engitech.az\/en\/wp-json\/wp\/v2\/media?parent=7200"}],"wp:term":[{"taxonomy":"product_brand","embeddable":true,"href":"https:\/\/engitech.az\/en\/wp-json\/wp\/v2\/product_brand?post=7200"},{"taxonomy":"product_cat","embeddable":true,"href":"https:\/\/engitech.az\/en\/wp-json\/wp\/v2\/product_cat?post=7200"},{"taxonomy":"product_tag","embeddable":true,"href":"https:\/\/engitech.az\/en\/wp-json\/wp\/v2\/product_tag?post=7200"}],"curies":[{"name":"wp","href":"https:\/\/api.w.org\/{rel}","templated":true}]}}