{"id":7440,"date":"2025-10-22T12:09:11","date_gmt":"2025-10-22T12:09:11","guid":{"rendered":"https:\/\/engitech.az\/?post_type=product&#038;p=7440"},"modified":"2025-10-22T12:09:11","modified_gmt":"2025-10-22T12:09:11","slug":"aruba-ion-1830-24g-2sfp-sw-smart-cloud-managed-switch-l2","status":"publish","type":"product","link":"https:\/\/engitech.az\/en\/product\/aruba-ion-1830-24g-2sfp-sw-smart-cloud-managed-switch-l2\/","title":{"rendered":"Aruba IOn 1830 24G 2SFP Sw Smart\/Cloud Managed Switch L2"},"content":{"rendered":"<h6><strong>(JL812A)<\/strong><\/h6>\n<ul>\n<li data-start=\"56\" data-end=\"101\"><strong data-start=\"56\" data-end=\"68\">Ports:<\/strong> 24 \u00d7 Gigabit Ethernet, 2 \u00d7 SFP<\/li>\n<li data-start=\"104\" data-end=\"136\"><strong data-start=\"104\" data-end=\"126\">Passability:<\/strong> 52 Gbps<\/li>\n<li data-start=\"139\" data-end=\"167\"><strong data-start=\"139\" data-end=\"154\">Throughput:<\/strong> 38.68 Mpps<\/li>\n<li data-start=\"170\" data-end=\"196\"><strong data-start=\"170\" data-end=\"187\">MAC addresses:<\/strong> 16,000<\/li>\n<li data-start=\"199\" data-end=\"229\"><strong data-start=\"199\" data-end=\"215\">Jumbo frame:<\/strong> 9,216 bytes<\/li>\n<li data-start=\"232\" data-end=\"268\"><strong data-start=\"232\" data-end=\"246\">Management:<\/strong> Smart\/Cloud Managed<\/li>\n<li data-start=\"271\" data-end=\"297\"><strong data-start=\"271\" data-end=\"287\">Fan:<\/strong> Fanless<\/li>\n<li data-start=\"300\" data-end=\"337\"><strong data-start=\"300\" data-end=\"311\">Assembly:<\/strong> Rack, desktop and wall<\/li>\n<li data-start=\"340\" data-end=\"375\"><strong data-start=\"340\" data-end=\"351\">Corps:<\/strong> Metal, passive cooling<\/li>\n<\/ul>","protected":false},"excerpt":{"rendered":"<p>(JL812A) Portlar: 24 \u00d7 Gigabit Ethernet, 2 \u00d7 SFP Ke\u00e7id  [&#8230;]<\/p>","protected":false},"featured_media":7441,"comment_status":"open","ping_status":"closed","template":"","meta":[],"product_brand":[],"product_cat":[53],"product_tag":[],"class_list":{"0":"post-7440","1":"product","2":"type-product","3":"status-publish","4":"has-post-thumbnail","6":"product_cat-aruba","7":"pa_mehsul-tipi-aruba-smb-smart-and-cloud-managed-switches","9":"first","10":"instock","11":"sold-individually","12":"shipping-taxable","13":"purchasable","14":"product-type-simple"},"_links":{"self":[{"href":"https:\/\/engitech.az\/en\/wp-json\/wp\/v2\/product\/7440","targetHints":{"allow":["GET"]}}],"collection":[{"href":"https:\/\/engitech.az\/en\/wp-json\/wp\/v2\/product"}],"about":[{"href":"https:\/\/engitech.az\/en\/wp-json\/wp\/v2\/types\/product"}],"replies":[{"embeddable":true,"href":"https:\/\/engitech.az\/en\/wp-json\/wp\/v2\/comments?post=7440"}],"wp:featuredmedia":[{"embeddable":true,"href":"https:\/\/engitech.az\/en\/wp-json\/wp\/v2\/media\/7441"}],"wp:attachment":[{"href":"https:\/\/engitech.az\/en\/wp-json\/wp\/v2\/media?parent=7440"}],"wp:term":[{"taxonomy":"product_brand","embeddable":true,"href":"https:\/\/engitech.az\/en\/wp-json\/wp\/v2\/product_brand?post=7440"},{"taxonomy":"product_cat","embeddable":true,"href":"https:\/\/engitech.az\/en\/wp-json\/wp\/v2\/product_cat?post=7440"},{"taxonomy":"product_tag","embeddable":true,"href":"https:\/\/engitech.az\/en\/wp-json\/wp\/v2\/product_tag?post=7440"}],"curies":[{"name":"wp","href":"https:\/\/api.w.org\/{rel}","templated":true}]}}