{"id":7558,"date":"2025-10-23T11:26:13","date_gmt":"2025-10-23T11:26:13","guid":{"rendered":"https:\/\/engitech.az\/?post_type=product&#038;p=7558"},"modified":"2025-10-23T11:26:14","modified_gmt":"2025-10-23T11:26:14","slug":"aruba-instant-on-802-3af-poe-midspan-injector","status":"publish","type":"product","link":"https:\/\/engitech.az\/en\/product\/aruba-instant-on-802-3af-poe-midspan-injector\/","title":{"rendered":"Aruba Instant On 802.3af PoE Midspan Injector"},"content":{"rendered":"<h6><strong>(R8W31A)<\/strong><\/h6>\n<ul>\n<li data-start=\"62\" data-end=\"90\"><strong data-start=\"62\" data-end=\"75\">Standard:<\/strong> IEEE 802.3af<\/li>\n<li data-start=\"93\" data-end=\"111\"><strong data-start=\"93\" data-end=\"102\">Power:<\/strong> 15.4W<\/li>\n<li data-start=\"114\" data-end=\"170\"><strong data-start=\"114\" data-end=\"126\">Ports:<\/strong> 1\u00d7 Data IN, 1\u00d7 PoE OUT (Gigabit Ethernet)<\/li>\n<li data-start=\"173\" data-end=\"208\"><strong data-start=\"173\" data-end=\"194\">Input voltage:<\/strong> 100\u2013240 VAC<\/li>\n<li data-start=\"211\" data-end=\"256\"><strong data-start=\"211\" data-end=\"224\">Compatibility:<\/strong> Aruba Instant On AP models<\/li>\n<\/ul>","protected":false},"excerpt":{"rendered":"<p>(R8W31A) Standart: IEEE 802.3af G\u00fcc\u00fc: 15.4 W Portlar: 1\u00d7 Data  [&#8230;]<\/p>","protected":false},"featured_media":7559,"comment_status":"open","ping_status":"closed","template":"","meta":[],"product_brand":[],"product_cat":[53],"product_tag":[],"class_list":{"0":"post-7558","1":"product","2":"type-product","3":"status-publish","4":"has-post-thumbnail","6":"product_cat-aruba","7":"pa_mehsul-tipi-aruba-transceiver","9":"first","10":"instock","11":"sold-individually","12":"shipping-taxable","13":"purchasable","14":"product-type-simple"},"_links":{"self":[{"href":"https:\/\/engitech.az\/en\/wp-json\/wp\/v2\/product\/7558","targetHints":{"allow":["GET"]}}],"collection":[{"href":"https:\/\/engitech.az\/en\/wp-json\/wp\/v2\/product"}],"about":[{"href":"https:\/\/engitech.az\/en\/wp-json\/wp\/v2\/types\/product"}],"replies":[{"embeddable":true,"href":"https:\/\/engitech.az\/en\/wp-json\/wp\/v2\/comments?post=7558"}],"wp:featuredmedia":[{"embeddable":true,"href":"https:\/\/engitech.az\/en\/wp-json\/wp\/v2\/media\/7559"}],"wp:attachment":[{"href":"https:\/\/engitech.az\/en\/wp-json\/wp\/v2\/media?parent=7558"}],"wp:term":[{"taxonomy":"product_brand","embeddable":true,"href":"https:\/\/engitech.az\/en\/wp-json\/wp\/v2\/product_brand?post=7558"},{"taxonomy":"product_cat","embeddable":true,"href":"https:\/\/engitech.az\/en\/wp-json\/wp\/v2\/product_cat?post=7558"},{"taxonomy":"product_tag","embeddable":true,"href":"https:\/\/engitech.az\/en\/wp-json\/wp\/v2\/product_tag?post=7558"}],"curies":[{"name":"wp","href":"https:\/\/api.w.org\/{rel}","templated":true}]}}