{"id":7628,"date":"2025-10-24T12:11:06","date_gmt":"2025-10-24T12:11:06","guid":{"rendered":"https:\/\/engitech.az\/?post_type=product&#038;p=7628"},"modified":"2025-10-24T12:11:06","modified_gmt":"2025-10-24T12:11:06","slug":"idis-dr-8416-16-channel-h-265-4k-nvr","status":"publish","type":"product","link":"https:\/\/engitech.az\/en\/product\/idis-dr-8416-16-channel-h-265-4k-nvr\/","title":{"rendered":"IDIS DR-8416 16-channel H.265 4K NVR"},"content":{"rendered":"<ul>\n<li data-start=\"66\" data-end=\"101\"><strong data-start=\"66\" data-end=\"86\">Video inputs:<\/strong> 16 IP channels<\/li>\n<li data-start=\"104\" data-end=\"139\"><strong data-start=\"104\" data-end=\"128\">Maximum throughput:<\/strong> 320 Mbps<\/li>\n<li data-start=\"142\" data-end=\"176\"><strong data-start=\"142\" data-end=\"160\">Live view:<\/strong> 480 fps (UHD)<\/li>\n<li data-start=\"179\" data-end=\"207\"><strong data-start=\"179\" data-end=\"192\">Codecs:<\/strong> H.265, H.264<\/li>\n<li data-start=\"210\" data-end=\"270\"><strong data-start=\"210\" data-end=\"230\">Screen outputs:<\/strong> 1\u00d7HDMI (3840\u00d72160), 1\u00d7VGA (1920\u00d71200)<\/li>\n<li data-start=\"273\" data-end=\"312\"><strong data-start=\"273\" data-end=\"285\">Storage:<\/strong> Up to 144 TB with eSATA<\/li>\n<li data-start=\"315\" data-end=\"346\"><strong data-start=\"315\" data-end=\"332\">RAID support:<\/strong> 1, 5, 6, 10<\/li>\n<li data-start=\"349\" data-end=\"402\"><strong data-start=\"349\" data-end=\"377\">Third-party cameras:<\/strong> Axis, Panasonic, ONVIF<\/li>\n<li data-start=\"405\" data-end=\"462\"><strong data-start=\"405\" data-end=\"415\">Additional:<\/strong> Redundant power support, DirectIP integration<\/li>\n<\/ul>","protected":false},"excerpt":{"rendered":"<p>Video giri\u015fl\u0259ri: 16 IP kanal\u0131 Maksimum throughput: 320 Mbps Canl\u0131  [&#8230;]<\/p>","protected":false},"featured_media":7630,"comment_status":"open","ping_status":"closed","template":"","meta":[],"product_brand":[],"product_cat":[216],"product_tag":[],"class_list":{"0":"post-7628","1":"product","2":"type-product","3":"status-publish","4":"has-post-thumbnail","6":"product_cat-idis-global","7":"pa_mehsul-tipi-ip-videoqeydiyyat","9":"first","10":"instock","11":"sold-individually","12":"shipping-taxable","13":"purchasable","14":"product-type-simple"},"_links":{"self":[{"href":"https:\/\/engitech.az\/en\/wp-json\/wp\/v2\/product\/7628","targetHints":{"allow":["GET"]}}],"collection":[{"href":"https:\/\/engitech.az\/en\/wp-json\/wp\/v2\/product"}],"about":[{"href":"https:\/\/engitech.az\/en\/wp-json\/wp\/v2\/types\/product"}],"replies":[{"embeddable":true,"href":"https:\/\/engitech.az\/en\/wp-json\/wp\/v2\/comments?post=7628"}],"wp:featuredmedia":[{"embeddable":true,"href":"https:\/\/engitech.az\/en\/wp-json\/wp\/v2\/media\/7630"}],"wp:attachment":[{"href":"https:\/\/engitech.az\/en\/wp-json\/wp\/v2\/media?parent=7628"}],"wp:term":[{"taxonomy":"product_brand","embeddable":true,"href":"https:\/\/engitech.az\/en\/wp-json\/wp\/v2\/product_brand?post=7628"},{"taxonomy":"product_cat","embeddable":true,"href":"https:\/\/engitech.az\/en\/wp-json\/wp\/v2\/product_cat?post=7628"},{"taxonomy":"product_tag","embeddable":true,"href":"https:\/\/engitech.az\/en\/wp-json\/wp\/v2\/product_tag?post=7628"}],"curies":[{"name":"wp","href":"https:\/\/api.w.org\/{rel}","templated":true}]}}