{"id":7632,"date":"2025-10-24T12:26:27","date_gmt":"2025-10-24T12:26:27","guid":{"rendered":"https:\/\/engitech.az\/?post_type=product&#038;p=7632"},"modified":"2025-10-24T12:26:27","modified_gmt":"2025-10-24T12:26:27","slug":"idis-dr-2316p-16-channel-h-265-4k-nvr","status":"publish","type":"product","link":"https:\/\/engitech.az\/en\/product\/idis-dr-2316p-16-channel-h-265-4k-nvr\/","title":{"rendered":"IDIS DR-2316P 16-channel H.265 4K NVR"},"content":{"rendered":"<ul>\n<li data-start=\"67\" data-end=\"102\"><strong data-start=\"67\" data-end=\"87\">Video inputs:<\/strong> 16 IP channels<\/li>\n<li data-start=\"105\" data-end=\"140\"><strong data-start=\"105\" data-end=\"129\">Maximum throughput:<\/strong> 320 Mbps<\/li>\n<li data-start=\"143\" data-end=\"177\"><strong data-start=\"143\" data-end=\"161\">Live view:<\/strong> 480 fps (UHD)<\/li>\n<li data-start=\"180\" data-end=\"240\"><strong data-start=\"180\" data-end=\"200\">Screen outputs:<\/strong> 1\u00d7HDMI (3840\u00d72160), 1\u00d7VGA (1920\u00d71200)<\/li>\n<li data-start=\"243\" data-end=\"276\"><strong data-start=\"243\" data-end=\"261\">Video compression:<\/strong> H.265, H.264<\/li>\n<li data-start=\"279\" data-end=\"329\"><strong data-start=\"279\" data-end=\"291\">Storage:<\/strong> 2\u00d7SATA HDD (8 TB each), 1\u00d7eSATA<\/li>\n<li data-start=\"332\" data-end=\"357\"><strong data-start=\"332\" data-end=\"340\">PoE:<\/strong> 8-channel internal<\/li>\n<li data-start=\"360\" data-end=\"420\"><strong data-start=\"360\" data-end=\"385\">Third-party support:<\/strong> DirectIP, Axis, Panasonic, ONVIF<\/li>\n<li data-start=\"423\" data-end=\"488\"><strong data-start=\"423\" data-end=\"433\">Additional:<\/strong> USB 2.0 \u00d71, USB 3.0 \u00d71, Linux-based operating system<\/li>\n<\/ul>","protected":false},"excerpt":{"rendered":"<p>Video giri\u015fl\u0259ri: 16 IP kanal\u0131 Maksimum throughput: 320 Mbps Canl\u0131  [&#8230;]<\/p>","protected":false},"featured_media":7633,"comment_status":"open","ping_status":"closed","template":"","meta":[],"product_brand":[],"product_cat":[216],"product_tag":[],"class_list":{"0":"post-7632","1":"product","2":"type-product","3":"status-publish","4":"has-post-thumbnail","6":"product_cat-idis-global","7":"pa_mehsul-tipi-ip-videoqeydiyyat","9":"first","10":"instock","11":"sold-individually","12":"shipping-taxable","13":"purchasable","14":"product-type-simple"},"_links":{"self":[{"href":"https:\/\/engitech.az\/en\/wp-json\/wp\/v2\/product\/7632","targetHints":{"allow":["GET"]}}],"collection":[{"href":"https:\/\/engitech.az\/en\/wp-json\/wp\/v2\/product"}],"about":[{"href":"https:\/\/engitech.az\/en\/wp-json\/wp\/v2\/types\/product"}],"replies":[{"embeddable":true,"href":"https:\/\/engitech.az\/en\/wp-json\/wp\/v2\/comments?post=7632"}],"wp:featuredmedia":[{"embeddable":true,"href":"https:\/\/engitech.az\/en\/wp-json\/wp\/v2\/media\/7633"}],"wp:attachment":[{"href":"https:\/\/engitech.az\/en\/wp-json\/wp\/v2\/media?parent=7632"}],"wp:term":[{"taxonomy":"product_brand","embeddable":true,"href":"https:\/\/engitech.az\/en\/wp-json\/wp\/v2\/product_brand?post=7632"},{"taxonomy":"product_cat","embeddable":true,"href":"https:\/\/engitech.az\/en\/wp-json\/wp\/v2\/product_cat?post=7632"},{"taxonomy":"product_tag","embeddable":true,"href":"https:\/\/engitech.az\/en\/wp-json\/wp\/v2\/product_tag?post=7632"}],"curies":[{"name":"wp","href":"https:\/\/api.w.org\/{rel}","templated":true}]}}