{"id":7642,"date":"2025-10-24T13:03:46","date_gmt":"2025-10-24T13:03:46","guid":{"rendered":"https:\/\/engitech.az\/?post_type=product&#038;p=7642"},"modified":"2025-10-24T13:04:32","modified_gmt":"2025-10-24T13:04:32","slug":"idis-dc-m4211wrx-3-3mm-vandal-resistant-ir-network-camera","status":"publish","type":"product","link":"https:\/\/engitech.az\/en\/product\/idis-dc-m4211wrx-3-3mm-vandal-resistant-ir-network-camera\/","title":{"rendered":"IDIS DC-M4211WRX 3.3mm Vandal-Resistant IR Network Camera"},"content":{"rendered":"<ul>\n<li data-start=\"89\" data-end=\"114\"><strong data-start=\"89\" data-end=\"100\">Sensor:<\/strong> 1\/2.8\u2033 CMOS<\/li>\n<li data-start=\"117\" data-end=\"154\"><strong data-start=\"117\" data-end=\"132\">Resolution:<\/strong> 1920\u00d71080 (Full HD)<\/li>\n<li data-start=\"157\" data-end=\"193\"><strong data-start=\"157\" data-end=\"166\">Lens:<\/strong> Fixed focus 3.3 mm, F2.0<\/li>\n<li data-start=\"196\" data-end=\"249\"><strong data-start=\"196\" data-end=\"213\">Viewing angle:<\/strong> 101.3\u00b0 (H), 54.5\u00b0 (W), 119.7\u00b0 (D)<\/li>\n<li data-start=\"252\" data-end=\"314\"><strong data-start=\"252\" data-end=\"277\">Minimum lighting:<\/strong> 0.1 lux (color), 0 lux (IR active)<\/li>\n<li data-start=\"317\" data-end=\"345\"><strong data-start=\"317\" data-end=\"325\">WDR:<\/strong> 120 dB (True WDR)<\/li>\n<li data-start=\"348\" data-end=\"388\"><strong data-start=\"348\" data-end=\"364\">Day\/Night:<\/strong> ICR, IR distance 10 m<\/li>\n<li data-start=\"391\" data-end=\"415\"><strong data-start=\"391\" data-end=\"402\">Protection:<\/strong> IK10, IP67<\/li>\n<li data-start=\"418\" data-end=\"449\"><strong data-start=\"418\" data-end=\"426\">PoE:<\/strong> IEEE 802.3af Class 3<\/li>\n<li data-start=\"452\" data-end=\"480\"><strong data-start=\"452\" data-end=\"462\">Audio:<\/strong> Built-in microphone<\/li>\n<li data-start=\"483\" data-end=\"514\"><strong data-start=\"483\" data-end=\"494\">Memory:<\/strong> microSD\/SDHC\/SDXC<\/li>\n<li data-start=\"517\" data-end=\"555\"><strong data-start=\"517\" data-end=\"532\">Installation:<\/strong> 3-axis mechanical design<\/li>\n<\/ul>","protected":false},"excerpt":{"rendered":"<p>Sensor: 1\/2.8&#8243; CMOS \u00c7\u00f6z\u00fcn\u00fcrl\u00fck: 1920\u00d71080 (Full HD) Lens: Sabit fokus  [&#8230;]<\/p>","protected":false},"featured_media":7644,"comment_status":"open","ping_status":"closed","template":"","meta":[],"product_brand":[],"product_cat":[216],"product_tag":[],"class_list":{"0":"post-7642","1":"product","2":"type-product","3":"status-publish","4":"has-post-thumbnail","6":"product_cat-idis-global","7":"pa_mehsul-tipi-ip-videokameralari","9":"first","10":"instock","11":"sold-individually","12":"shipping-taxable","13":"purchasable","14":"product-type-simple"},"_links":{"self":[{"href":"https:\/\/engitech.az\/en\/wp-json\/wp\/v2\/product\/7642","targetHints":{"allow":["GET"]}}],"collection":[{"href":"https:\/\/engitech.az\/en\/wp-json\/wp\/v2\/product"}],"about":[{"href":"https:\/\/engitech.az\/en\/wp-json\/wp\/v2\/types\/product"}],"replies":[{"embeddable":true,"href":"https:\/\/engitech.az\/en\/wp-json\/wp\/v2\/comments?post=7642"}],"wp:featuredmedia":[{"embeddable":true,"href":"https:\/\/engitech.az\/en\/wp-json\/wp\/v2\/media\/7644"}],"wp:attachment":[{"href":"https:\/\/engitech.az\/en\/wp-json\/wp\/v2\/media?parent=7642"}],"wp:term":[{"taxonomy":"product_brand","embeddable":true,"href":"https:\/\/engitech.az\/en\/wp-json\/wp\/v2\/product_brand?post=7642"},{"taxonomy":"product_cat","embeddable":true,"href":"https:\/\/engitech.az\/en\/wp-json\/wp\/v2\/product_cat?post=7642"},{"taxonomy":"product_tag","embeddable":true,"href":"https:\/\/engitech.az\/en\/wp-json\/wp\/v2\/product_tag?post=7642"}],"curies":[{"name":"wp","href":"https:\/\/api.w.org\/{rel}","templated":true}]}}