{"id":7664,"date":"2025-10-25T07:00:23","date_gmt":"2025-10-25T07:00:23","guid":{"rendered":"https:\/\/engitech.az\/?post_type=product&#038;p=7664"},"modified":"2025-10-25T07:00:23","modified_gmt":"2025-10-25T07:00:23","slug":"idis-dd-1216-directip-16-channel-decoder","status":"publish","type":"product","link":"https:\/\/engitech.az\/en\/product\/idis-dd-1216-directip-16-channel-decoder\/","title":{"rendered":"IDIS DD-1216 DirectIP 16-Channel Decoder"},"content":{"rendered":"<article class=\"text-token-text-primary w-full focus:outline-none [--shadow-height:45px] has-data-writing-block:pointer-events-none has-data-writing-block:-mt-(--shadow-height) has-data-writing-block:pt-(--shadow-height) [&amp;:has([data-writing-block])&gt;*]:pointer-events-auto [content-visibility:auto] supports-[content-visibility:auto]:[contain-intrinsic-size:auto_100lvh] scroll-mt-[calc(var(--header-height)+min(200px,max(70px,20svh)))]\" dir=\"auto\" tabindex=\"-1\" data-turn-id=\"request-WEB:18234ce4-66ad-4f07-b2b3-27abcf4d7746-81\" data-testid=\"conversation-turn-144\" data-scroll-anchor=\"true\" data-turn=\"assistant\">\n<div class=\"text-base my-auto mx-auto pb-10 [--thread-content-margin:--spacing(4)] thread-sm:[--thread-content-margin:--spacing(6)] thread-lg:[--thread-content-margin:--spacing(16)] px-(--thread-content-margin)\">\n<div class=\"[--thread-content-max-width:40rem] thread-lg:[--thread-content-max-width:48rem] mx-auto max-w-(--thread-content-max-width) flex-1 group\/turn-messages focus-visible:outline-hidden relative flex w-full min-w-0 flex-col agent-turn\" tabindex=\"-1\">\n<div class=\"flex max-w-full flex-col grow\">\n<div class=\"min-h-8 text-message relative flex w-full flex-col items-end gap-2 text-start break-words whitespace-normal [.text-message+&amp;]:mt-1\" dir=\"auto\" data-message-author-role=\"assistant\" data-message-id=\"3e77a0b7-f47c-4759-8391-a5a85e89edbd\" data-message-model-slug=\"gpt-5-mini\">\n<div class=\"flex w-full flex-col gap-1 empty:hidden first:pt-[1px]\">\n<div class=\"markdown prose dark:prose-invert w-full break-words light markdown-new-styling\">\n<ul>\n<li data-start=\"70\" data-end=\"105\"><strong data-start=\"70\" data-end=\"90\">Video inputs:<\/strong> 16 IP channels<\/li>\n<li data-start=\"108\" data-end=\"136\"><strong data-start=\"108\" data-end=\"120\">Compression:<\/strong> H.264 \/ H.265<\/li>\n<li data-start=\"139\" data-end=\"176\"><strong data-start=\"139\" data-end=\"152\">Speeches:<\/strong> 1\u00d7HDMI, 1\u00d7VGA, 1\u00d7CVBS<\/li>\n<li data-start=\"179\" data-end=\"234\"><strong data-start=\"179\" data-end=\"195\">Screen resolution:<\/strong> 3840\u00d72160 (HDMI\/VGA), 640\u00d7480 (CVBS)<\/li>\n<li data-start=\"237\" data-end=\"269\"><strong data-start=\"237\" data-end=\"248\">Network:<\/strong> 1\u00d7Gigabit Ethernet<\/li>\n<li data-start=\"272\" data-end=\"308\"><strong data-start=\"272\" data-end=\"280\">Power:<\/strong> 12 V DC or PoE, 12.7 W<\/li>\n<li data-start=\"311\" data-end=\"353\"><strong data-start=\"311\" data-end=\"327\">Size \/ Weight:<\/strong> 200\u00d744\u00d7153mm \/ 0.78kg<\/li>\n<li data-start=\"356\" data-end=\"392\"><strong data-start=\"356\" data-end=\"379\">Operating temperature:<\/strong> 0\u00b0C ~ 40\u00b0C<\/li>\n<li data-start=\"395\" data-end=\"442\"><strong data-start=\"395\" data-end=\"408\">Compatibility:<\/strong> DirectIP NVR and IDIS IP cameras<\/li>\n<\/ul>\n<\/div>\n<\/div>\n<\/div>\n<\/div>\n<div class=\"z-0 flex min-h-[46px] justify-start\"><\/div>\n<div class=\"mt-3 w-full empty:hidden\">\n<div class=\"text-center\"><\/div>\n<\/div>\n<\/div>\n<\/div>\n<\/article>\n<div class=\"pointer-events-none h-px w-px\" aria-hidden=\"true\" data-edge=\"true\"><\/div>","protected":false},"excerpt":{"rendered":"<p>Video giri\u015fl\u0259ri: 16 IP kanal\u0131 S\u0131x\u0131lma: H.264 \/ H.265 \u00c7\u0131x\u0131\u015flar:  [&#8230;]<\/p>","protected":false},"featured_media":7665,"comment_status":"open","ping_status":"closed","template":"","meta":[],"product_brand":[],"product_cat":[216],"product_tag":[],"class_list":{"0":"post-7664","1":"product","2":"type-product","3":"status-publish","4":"has-post-thumbnail","6":"product_cat-idis-global","7":"pa_mehsul-tipi-aksesuarlar","9":"first","10":"instock","11":"sold-individually","12":"shipping-taxable","13":"purchasable","14":"product-type-simple"},"_links":{"self":[{"href":"https:\/\/engitech.az\/en\/wp-json\/wp\/v2\/product\/7664","targetHints":{"allow":["GET"]}}],"collection":[{"href":"https:\/\/engitech.az\/en\/wp-json\/wp\/v2\/product"}],"about":[{"href":"https:\/\/engitech.az\/en\/wp-json\/wp\/v2\/types\/product"}],"replies":[{"embeddable":true,"href":"https:\/\/engitech.az\/en\/wp-json\/wp\/v2\/comments?post=7664"}],"wp:featuredmedia":[{"embeddable":true,"href":"https:\/\/engitech.az\/en\/wp-json\/wp\/v2\/media\/7665"}],"wp:attachment":[{"href":"https:\/\/engitech.az\/en\/wp-json\/wp\/v2\/media?parent=7664"}],"wp:term":[{"taxonomy":"product_brand","embeddable":true,"href":"https:\/\/engitech.az\/en\/wp-json\/wp\/v2\/product_brand?post=7664"},{"taxonomy":"product_cat","embeddable":true,"href":"https:\/\/engitech.az\/en\/wp-json\/wp\/v2\/product_cat?post=7664"},{"taxonomy":"product_tag","embeddable":true,"href":"https:\/\/engitech.az\/en\/wp-json\/wp\/v2\/product_tag?post=7664"}],"curies":[{"name":"wp","href":"https:\/\/api.w.org\/{rel}","templated":true}]}}