{"id":7668,"date":"2025-10-25T07:09:24","date_gmt":"2025-10-25T07:09:24","guid":{"rendered":"https:\/\/engitech.az\/?post_type=product&#038;p=7668"},"modified":"2025-10-25T07:09:25","modified_gmt":"2025-10-25T07:09:25","slug":"idis-dd-1216-directip-16-kanal-decoder-2","status":"publish","type":"product","link":"https:\/\/engitech.az\/en\/product\/idis-dd-1216-directip-16-kanal-decoder-2\/","title":{"rendered":"IDIS DD-1216 DirectIP 16-Channel Decoder"},"content":{"rendered":"<ul>\n<li data-start=\"70\" data-end=\"105\"><strong data-start=\"70\" data-end=\"90\">Video inputs:<\/strong> 16 IP channels<\/li>\n<li data-start=\"108\" data-end=\"136\"><strong data-start=\"108\" data-end=\"120\">Compression:<\/strong> H.264 \/ H.265<\/li>\n<li data-start=\"139\" data-end=\"176\"><strong data-start=\"139\" data-end=\"152\">Speeches:<\/strong> 1\u00d7HDMI, 1\u00d7VGA, 1\u00d7CVBS<\/li>\n<li data-start=\"179\" data-end=\"234\"><strong data-start=\"179\" data-end=\"195\">Screen resolution:<\/strong> 3840\u00d72160 (HDMI\/VGA), 720\u00d7480 (CVBS)<\/li>\n<li data-start=\"237\" data-end=\"269\"><strong data-start=\"237\" data-end=\"248\">Network:<\/strong> 1\u00d7Gigabit Ethernet<\/li>\n<li data-start=\"272\" data-end=\"308\"><strong data-start=\"272\" data-end=\"280\">Power:<\/strong> 12 V DC or PoE, 12.7 W<\/li>\n<li data-start=\"311\" data-end=\"353\"><strong data-start=\"311\" data-end=\"327\">Size \/ Weight:<\/strong> 200\u00d744\u00d7153mm \/ 0.78kg<\/li>\n<li data-start=\"356\" data-end=\"389\"><strong data-start=\"356\" data-end=\"379\">Operating temperature:<\/strong> 0\u201340 \u00b0C<\/li>\n<li data-start=\"392\" data-end=\"439\"><strong data-start=\"392\" data-end=\"405\">Compatibility:<\/strong> DirectIP NVR and IDIS IP cameras<\/li>\n<\/ul>","protected":false},"excerpt":{"rendered":"<p>Video giri\u015fl\u0259ri: 16 IP kanal\u0131 S\u0131x\u0131lma: H.264 \/ H.265 \u00c7\u0131x\u0131\u015flar:  [&#8230;]<\/p>","protected":false},"featured_media":7669,"comment_status":"open","ping_status":"closed","template":"","meta":[],"product_brand":[],"product_cat":[216],"product_tag":[],"class_list":{"0":"post-7668","1":"product","2":"type-product","3":"status-publish","4":"has-post-thumbnail","6":"product_cat-idis-global","7":"pa_mehsul-tipi-aksesuarlar","9":"first","10":"instock","11":"sold-individually","12":"shipping-taxable","13":"purchasable","14":"product-type-simple"},"_links":{"self":[{"href":"https:\/\/engitech.az\/en\/wp-json\/wp\/v2\/product\/7668","targetHints":{"allow":["GET"]}}],"collection":[{"href":"https:\/\/engitech.az\/en\/wp-json\/wp\/v2\/product"}],"about":[{"href":"https:\/\/engitech.az\/en\/wp-json\/wp\/v2\/types\/product"}],"replies":[{"embeddable":true,"href":"https:\/\/engitech.az\/en\/wp-json\/wp\/v2\/comments?post=7668"}],"wp:featuredmedia":[{"embeddable":true,"href":"https:\/\/engitech.az\/en\/wp-json\/wp\/v2\/media\/7669"}],"wp:attachment":[{"href":"https:\/\/engitech.az\/en\/wp-json\/wp\/v2\/media?parent=7668"}],"wp:term":[{"taxonomy":"product_brand","embeddable":true,"href":"https:\/\/engitech.az\/en\/wp-json\/wp\/v2\/product_brand?post=7668"},{"taxonomy":"product_cat","embeddable":true,"href":"https:\/\/engitech.az\/en\/wp-json\/wp\/v2\/product_cat?post=7668"},{"taxonomy":"product_tag","embeddable":true,"href":"https:\/\/engitech.az\/en\/wp-json\/wp\/v2\/product_tag?post=7668"}],"curies":[{"name":"wp","href":"https:\/\/api.w.org\/{rel}","templated":true}]}}