{"id":7688,"date":"2025-10-25T08:35:50","date_gmt":"2025-10-25T08:35:50","guid":{"rendered":"https:\/\/engitech.az\/?post_type=product&#038;p=7688"},"modified":"2025-10-25T08:35:50","modified_gmt":"2025-10-25T08:35:50","slug":"idis-tr-4316r-16-channel-directcx-dvr","status":"publish","type":"product","link":"https:\/\/engitech.az\/en\/product\/idis-tr-4316r-16-channel-directcx-dvr\/","title":{"rendered":"IDIS TR-4316R \u2013 16-channel DirectCX DVR"},"content":{"rendered":"<ul>\n<li data-start=\"48\" data-end=\"74\"><strong data-start=\"48\" data-end=\"66\">Video compression:<\/strong> H.264<\/li>\n<li data-start=\"77\" data-end=\"116\"><strong data-start=\"77\" data-end=\"98\">Registration speed:<\/strong> 480fps @ 1080p<\/li>\n<li data-start=\"119\" data-end=\"168\"><strong data-start=\"119\" data-end=\"132\">Speeches:<\/strong> HDMI (3840\u00d72160), VGA (1920\u00d71080)<\/li>\n<li data-start=\"171\" data-end=\"232\"><strong data-start=\"171\" data-end=\"182\">Memory:<\/strong> 4\u00d7SATA + 1\u00d7eSATA, up to 48 TB, RAID 1 support<\/li>\n<li data-start=\"235\" data-end=\"278\"><strong data-start=\"235\" data-end=\"248\">Compatibility:<\/strong> HD-TVI, AHD, CVBS cameras<\/li>\n<li data-start=\"281\" data-end=\"331\"><strong data-start=\"281\" data-end=\"291\">Additional:<\/strong> Alarm input\/output, audio input\/output<\/li>\n<li data-start=\"334\" data-end=\"409\"><strong data-start=\"334\" data-end=\"347\">Function:<\/strong> High-quality video recording and long-term surveillance<\/li>\n<\/ul>","protected":false},"excerpt":{"rendered":"<p>Video s\u0131x\u0131lma: H.264 Qeydiyyat s\u00fcr\u0259ti: 480 fps @ 1080p \u00c7\u0131x\u0131\u015flar:  [&#8230;]<\/p>","protected":false},"featured_media":7689,"comment_status":"open","ping_status":"closed","template":"","meta":[],"product_brand":[],"product_cat":[216],"product_tag":[],"class_list":{"0":"post-7688","1":"product","2":"type-product","3":"status-publish","4":"has-post-thumbnail","6":"product_cat-idis-global","7":"pa_mehsul-tipi-hd-tvi","9":"first","10":"instock","11":"sold-individually","12":"shipping-taxable","13":"purchasable","14":"product-type-simple"},"_links":{"self":[{"href":"https:\/\/engitech.az\/en\/wp-json\/wp\/v2\/product\/7688","targetHints":{"allow":["GET"]}}],"collection":[{"href":"https:\/\/engitech.az\/en\/wp-json\/wp\/v2\/product"}],"about":[{"href":"https:\/\/engitech.az\/en\/wp-json\/wp\/v2\/types\/product"}],"replies":[{"embeddable":true,"href":"https:\/\/engitech.az\/en\/wp-json\/wp\/v2\/comments?post=7688"}],"wp:featuredmedia":[{"embeddable":true,"href":"https:\/\/engitech.az\/en\/wp-json\/wp\/v2\/media\/7689"}],"wp:attachment":[{"href":"https:\/\/engitech.az\/en\/wp-json\/wp\/v2\/media?parent=7688"}],"wp:term":[{"taxonomy":"product_brand","embeddable":true,"href":"https:\/\/engitech.az\/en\/wp-json\/wp\/v2\/product_brand?post=7688"},{"taxonomy":"product_cat","embeddable":true,"href":"https:\/\/engitech.az\/en\/wp-json\/wp\/v2\/product_cat?post=7688"},{"taxonomy":"product_tag","embeddable":true,"href":"https:\/\/engitech.az\/en\/wp-json\/wp\/v2\/product_tag?post=7688"}],"curies":[{"name":"wp","href":"https:\/\/api.w.org\/{rel}","templated":true}]}}