{"id":7690,"date":"2025-10-25T08:39:36","date_gmt":"2025-10-25T08:39:36","guid":{"rendered":"https:\/\/engitech.az\/?post_type=product&#038;p=7690"},"modified":"2025-10-25T08:39:36","modified_gmt":"2025-10-25T08:39:36","slug":"idis-tr-4316-16-channel-hd-tvi-dvr","status":"publish","type":"product","link":"https:\/\/engitech.az\/en\/product\/idis-tr-4316-16-channel-hd-tvi-dvr\/","title":{"rendered":"IDIS TR-4316 \u2013 16-channel HD-TVI DVR"},"content":{"rendered":"<article class=\"text-token-text-primary w-full focus:outline-none [--shadow-height:45px] has-data-writing-block:pointer-events-none has-data-writing-block:-mt-(--shadow-height) has-data-writing-block:pt-(--shadow-height) [&amp;:has([data-writing-block])&gt;*]:pointer-events-auto [content-visibility:auto] supports-[content-visibility:auto]:[contain-intrinsic-size:auto_100lvh] scroll-mt-[calc(var(--header-height)+min(200px,max(70px,20svh)))]\" dir=\"auto\" tabindex=\"-1\" data-turn-id=\"request-WEB:18234ce4-66ad-4f07-b2b3-27abcf4d7746-103\" data-testid=\"conversation-turn-188\" data-scroll-anchor=\"true\" data-turn=\"assistant\">\n<div class=\"text-base my-auto mx-auto pb-10 [--thread-content-margin:--spacing(4)] thread-sm:[--thread-content-margin:--spacing(6)] thread-lg:[--thread-content-margin:--spacing(16)] px-(--thread-content-margin)\">\n<div class=\"[--thread-content-max-width:40rem] thread-lg:[--thread-content-max-width:48rem] mx-auto max-w-(--thread-content-max-width) flex-1 group\/turn-messages focus-visible:outline-hidden relative flex w-full min-w-0 flex-col agent-turn\" tabindex=\"-1\">\n<div class=\"flex max-w-full flex-col grow\">\n<div class=\"min-h-8 text-message relative flex w-full flex-col items-end gap-2 text-start break-words whitespace-normal [.text-message+&amp;]:mt-1\" dir=\"auto\" data-message-author-role=\"assistant\" data-message-id=\"9e00d72d-ab30-4fac-9b64-36f53853ec75\" data-message-model-slug=\"gpt-5-mini\">\n<div class=\"flex w-full flex-col gap-1 empty:hidden first:pt-[1px]\">\n<div class=\"markdown prose dark:prose-invert w-full break-words light markdown-new-styling\">\n<ul>\n<li data-start=\"45\" data-end=\"71\"><strong data-start=\"45\" data-end=\"63\">Video compression:<\/strong> H.264<\/li>\n<li data-start=\"74\" data-end=\"113\"><strong data-start=\"74\" data-end=\"95\">Registration speed:<\/strong> 480fps @ 1080p<\/li>\n<li data-start=\"116\" data-end=\"165\"><strong data-start=\"116\" data-end=\"129\">Speeches:<\/strong> HDMI (3840\u00d72160), VGA (1920\u00d71080)<\/li>\n<li data-start=\"168\" data-end=\"213\"><strong data-start=\"168\" data-end=\"179\">Memory:<\/strong> 4\u00d7SATA + 1\u00d7eSATA, up to 48 TB<\/li>\n<li data-start=\"216\" data-end=\"259\"><strong data-start=\"216\" data-end=\"229\">Compatibility:<\/strong> HD-TVI, AHD, CVBS cameras<\/li>\n<li data-start=\"262\" data-end=\"312\"><strong data-start=\"262\" data-end=\"272\">Additional:<\/strong> Alarm input\/output, audio input\/output<\/li>\n<li data-start=\"315\" data-end=\"381\"><strong data-start=\"315\" data-end=\"328\">Function:<\/strong> Long-term and high-quality video surveillance<\/li>\n<\/ul>\n<\/div>\n<\/div>\n<\/div>\n<\/div>\n<div class=\"z-0 flex min-h-[46px] justify-start\"><\/div>\n<div class=\"mt-3 w-full empty:hidden\">\n<div class=\"text-center\"><\/div>\n<\/div>\n<\/div>\n<\/div>\n<\/article>\n<div class=\"pointer-events-none h-px w-px\" aria-hidden=\"true\" data-edge=\"true\"><\/div>","protected":false},"excerpt":{"rendered":"<p>Video s\u0131x\u0131lma: H.264 Qeydiyyat s\u00fcr\u0259ti: 480 fps @ 1080p \u00c7\u0131x\u0131\u015flar:  [&#8230;]<\/p>","protected":false},"featured_media":7691,"comment_status":"open","ping_status":"closed","template":"","meta":[],"product_brand":[],"product_cat":[216],"product_tag":[],"class_list":{"0":"post-7690","1":"product","2":"type-product","3":"status-publish","4":"has-post-thumbnail","6":"product_cat-idis-global","7":"pa_mehsul-tipi-hd-tvi","9":"first","10":"instock","11":"sold-individually","12":"shipping-taxable","13":"purchasable","14":"product-type-simple"},"_links":{"self":[{"href":"https:\/\/engitech.az\/en\/wp-json\/wp\/v2\/product\/7690","targetHints":{"allow":["GET"]}}],"collection":[{"href":"https:\/\/engitech.az\/en\/wp-json\/wp\/v2\/product"}],"about":[{"href":"https:\/\/engitech.az\/en\/wp-json\/wp\/v2\/types\/product"}],"replies":[{"embeddable":true,"href":"https:\/\/engitech.az\/en\/wp-json\/wp\/v2\/comments?post=7690"}],"wp:featuredmedia":[{"embeddable":true,"href":"https:\/\/engitech.az\/en\/wp-json\/wp\/v2\/media\/7691"}],"wp:attachment":[{"href":"https:\/\/engitech.az\/en\/wp-json\/wp\/v2\/media?parent=7690"}],"wp:term":[{"taxonomy":"product_brand","embeddable":true,"href":"https:\/\/engitech.az\/en\/wp-json\/wp\/v2\/product_brand?post=7690"},{"taxonomy":"product_cat","embeddable":true,"href":"https:\/\/engitech.az\/en\/wp-json\/wp\/v2\/product_cat?post=7690"},{"taxonomy":"product_tag","embeddable":true,"href":"https:\/\/engitech.az\/en\/wp-json\/wp\/v2\/product_tag?post=7690"}],"curies":[{"name":"wp","href":"https:\/\/api.w.org\/{rel}","templated":true}]}}