{"id":7692,"date":"2025-10-25T08:44:20","date_gmt":"2025-10-25T08:44:20","guid":{"rendered":"https:\/\/engitech.az\/?post_type=product&#038;p=7692"},"modified":"2025-10-25T08:44:20","modified_gmt":"2025-10-25T08:44:20","slug":"idis-tr-4516-16-channel-directcx-h-265-dvr","status":"publish","type":"product","link":"https:\/\/engitech.az\/en\/product\/idis-tr-4516-16-channel-directcx-h-265-dvr\/","title":{"rendered":"IDIS TR-4516 \u2013 16-channel DirectCX H.265 DVR"},"content":{"rendered":"<ul>\n<li data-start=\"53\" data-end=\"79\"><strong data-start=\"53\" data-end=\"71\">Video compression:<\/strong> H.265<\/li>\n<li data-start=\"82\" data-end=\"121\"><strong data-start=\"82\" data-end=\"103\">Registration speed:<\/strong> 480fps @ 1080p<\/li>\n<li data-start=\"124\" data-end=\"173\"><strong data-start=\"124\" data-end=\"137\">Speeches:<\/strong> HDMI (3840\u00d72160), VGA (1920\u00d71080)<\/li>\n<li data-start=\"176\" data-end=\"229\"><strong data-start=\"176\" data-end=\"187\">Memory:<\/strong> 4\u00d7SATA + 1\u00d7eSATA, up to 40 TB, RAID 1<\/li>\n<li data-start=\"232\" data-end=\"275\"><strong data-start=\"232\" data-end=\"245\">Compatibility:<\/strong> HD-TVI, AHD, CVBS cameras<\/li>\n<li data-start=\"278\" data-end=\"318\"><strong data-start=\"278\" data-end=\"288\">Additional:<\/strong> Alarm and audio input\/output<\/li>\n<li data-start=\"321\" data-end=\"387\"><strong data-start=\"321\" data-end=\"334\">Function:<\/strong> High-quality and long-term video recording<\/li>\n<\/ul>","protected":false},"excerpt":{"rendered":"<p>Video s\u0131x\u0131lma: H.265 Qeydiyyat s\u00fcr\u0259ti: 480 fps @ 1080p \u00c7\u0131x\u0131\u015flar:  [&#8230;]<\/p>","protected":false},"featured_media":7693,"comment_status":"open","ping_status":"closed","template":"","meta":[],"product_brand":[],"product_cat":[216],"product_tag":[],"class_list":{"0":"post-7692","1":"product","2":"type-product","3":"status-publish","4":"has-post-thumbnail","6":"product_cat-idis-global","7":"pa_mehsul-tipi-hd-tvi","9":"first","10":"instock","11":"sold-individually","12":"shipping-taxable","13":"purchasable","14":"product-type-simple"},"_links":{"self":[{"href":"https:\/\/engitech.az\/en\/wp-json\/wp\/v2\/product\/7692","targetHints":{"allow":["GET"]}}],"collection":[{"href":"https:\/\/engitech.az\/en\/wp-json\/wp\/v2\/product"}],"about":[{"href":"https:\/\/engitech.az\/en\/wp-json\/wp\/v2\/types\/product"}],"replies":[{"embeddable":true,"href":"https:\/\/engitech.az\/en\/wp-json\/wp\/v2\/comments?post=7692"}],"wp:featuredmedia":[{"embeddable":true,"href":"https:\/\/engitech.az\/en\/wp-json\/wp\/v2\/media\/7693"}],"wp:attachment":[{"href":"https:\/\/engitech.az\/en\/wp-json\/wp\/v2\/media?parent=7692"}],"wp:term":[{"taxonomy":"product_brand","embeddable":true,"href":"https:\/\/engitech.az\/en\/wp-json\/wp\/v2\/product_brand?post=7692"},{"taxonomy":"product_cat","embeddable":true,"href":"https:\/\/engitech.az\/en\/wp-json\/wp\/v2\/product_cat?post=7692"},{"taxonomy":"product_tag","embeddable":true,"href":"https:\/\/engitech.az\/en\/wp-json\/wp\/v2\/product_tag?post=7692"}],"curies":[{"name":"wp","href":"https:\/\/api.w.org\/{rel}","templated":true}]}}