{"id":7718,"date":"2025-10-27T12:32:24","date_gmt":"2025-10-27T12:32:24","guid":{"rendered":"https:\/\/engitech.az\/?post_type=product&#038;p=7718"},"modified":"2025-10-27T12:32:24","modified_gmt":"2025-10-27T12:32:24","slug":"dcl-m2812d-2mp-dc-iris-lens","status":"publish","type":"product","link":"https:\/\/engitech.az\/en\/product\/dcl-m2812d-2mp-dc-iris-lens\/","title":{"rendered":"DCL-M2812D \u2013 2MP DC-Iris Lens"},"content":{"rendered":"<p><strong data-start=\"40\" data-end=\"61\">Sensor compatibility:<\/strong> 1\/2.7\u2033<br data-start=\"68\" data-end=\"71\" \/><strong data-start=\"71\" data-end=\"89\">Focal length:<\/strong> 2.8\u201312 mm vari-focal<br data-start=\"110\" data-end=\"113\" \/><strong data-start=\"113\" data-end=\"124\">Opening:<\/strong> F\/1.4 \u2013 Close<br data-start=\"138\" data-end=\"141\" \/><strong data-start=\"141\" data-end=\"151\">Focus:<\/strong> 0.3 m \u2013 \u221e<br data-start=\"161\" data-end=\"164\" \/><strong data-start=\"164\" data-end=\"182\">Features:<\/strong> Motorized DC-Iris, IR compatible, Full HD 2MP<br data-start=\"225\" data-end=\"228\" \/><strong data-start=\"228\" data-end=\"246\">Body \/ Weight:<\/strong> CS-mount, compact, 40 g<\/p>","protected":false},"excerpt":{"rendered":"<p>Sensor uy\u011funlu\u011fu: 1\/2.7\u2033Fokal uzunluq: 2.8\u201312 mm vari-fokalA\u00e7\u0131l\u0131\u015f: F\/1.4 \u2013 CloseFokus:  [&#8230;]<\/p>","protected":false},"featured_media":7719,"comment_status":"open","ping_status":"closed","template":"","meta":[],"product_brand":[],"product_cat":[41],"product_tag":[],"class_list":{"0":"post-7718","1":"product","2":"type-product","3":"status-publish","4":"has-post-thumbnail","6":"product_cat-uncategorized","7":"pa_mehsul-tipi-obyektiv","9":"first","10":"instock","11":"sold-individually","12":"shipping-taxable","13":"purchasable","14":"product-type-simple"},"_links":{"self":[{"href":"https:\/\/engitech.az\/en\/wp-json\/wp\/v2\/product\/7718","targetHints":{"allow":["GET"]}}],"collection":[{"href":"https:\/\/engitech.az\/en\/wp-json\/wp\/v2\/product"}],"about":[{"href":"https:\/\/engitech.az\/en\/wp-json\/wp\/v2\/types\/product"}],"replies":[{"embeddable":true,"href":"https:\/\/engitech.az\/en\/wp-json\/wp\/v2\/comments?post=7718"}],"wp:featuredmedia":[{"embeddable":true,"href":"https:\/\/engitech.az\/en\/wp-json\/wp\/v2\/media\/7719"}],"wp:attachment":[{"href":"https:\/\/engitech.az\/en\/wp-json\/wp\/v2\/media?parent=7718"}],"wp:term":[{"taxonomy":"product_brand","embeddable":true,"href":"https:\/\/engitech.az\/en\/wp-json\/wp\/v2\/product_brand?post=7718"},{"taxonomy":"product_cat","embeddable":true,"href":"https:\/\/engitech.az\/en\/wp-json\/wp\/v2\/product_cat?post=7718"},{"taxonomy":"product_tag","embeddable":true,"href":"https:\/\/engitech.az\/en\/wp-json\/wp\/v2\/product_tag?post=7718"}],"curies":[{"name":"wp","href":"https:\/\/api.w.org\/{rel}","templated":true}]}}