{"id":7720,"date":"2025-10-27T12:35:10","date_gmt":"2025-10-27T12:35:10","guid":{"rendered":"https:\/\/engitech.az\/?post_type=product&#038;p=7720"},"modified":"2025-10-27T12:35:10","modified_gmt":"2025-10-27T12:35:10","slug":"dcl-m0550d-3mp-dc-iris-lens","status":"publish","type":"product","link":"https:\/\/engitech.az\/en\/product\/dcl-m0550d-3mp-dc-iris-lens\/","title":{"rendered":"DCL-M0550D \u2013 3MP DC-Iris Lens"},"content":{"rendered":"<p><strong data-start=\"40\" data-end=\"61\">Sensor compatibility:<\/strong> 1\/2.7\u2033<br data-start=\"68\" data-end=\"71\" \/><strong data-start=\"71\" data-end=\"89\">Focal length:<\/strong> 5\u201350 mm vari-focal<br data-start=\"108\" data-end=\"111\" \/><strong data-start=\"111\" data-end=\"122\">Opening:<\/strong> F\/1.4 \u2013 Close<br data-start=\"136\" data-end=\"139\" \/><strong data-start=\"139\" data-end=\"149\">Focus:<\/strong> 0.5 m \u2013 \u221e<br data-start=\"159\" data-end=\"162\" \/><strong data-start=\"162\" data-end=\"180\">Features:<\/strong> Motorized DC-Iris, IR compatible, 3MP high resolution<br data-start=\"233\" data-end=\"236\" \/><strong data-start=\"236\" data-end=\"254\">Body \/ Weight:<\/strong> CS-mount, compact, ~150 g<\/p>","protected":false},"excerpt":{"rendered":"<p>Sensor uy\u011funlu\u011fu: 1\/2.7\u2033Fokal uzunluq: 5\u201350 mm vari-fokalA\u00e7\u0131l\u0131\u015f: F\/1.4 \u2013 CloseFokus:  [&#8230;]<\/p>","protected":false},"featured_media":7721,"comment_status":"open","ping_status":"closed","template":"","meta":[],"product_brand":[],"product_cat":[216],"product_tag":[],"class_list":{"0":"post-7720","1":"product","2":"type-product","3":"status-publish","4":"has-post-thumbnail","6":"product_cat-idis-global","7":"pa_mehsul-tipi-obyektiv","9":"first","10":"instock","11":"sold-individually","12":"shipping-taxable","13":"purchasable","14":"product-type-simple"},"_links":{"self":[{"href":"https:\/\/engitech.az\/en\/wp-json\/wp\/v2\/product\/7720","targetHints":{"allow":["GET"]}}],"collection":[{"href":"https:\/\/engitech.az\/en\/wp-json\/wp\/v2\/product"}],"about":[{"href":"https:\/\/engitech.az\/en\/wp-json\/wp\/v2\/types\/product"}],"replies":[{"embeddable":true,"href":"https:\/\/engitech.az\/en\/wp-json\/wp\/v2\/comments?post=7720"}],"wp:featuredmedia":[{"embeddable":true,"href":"https:\/\/engitech.az\/en\/wp-json\/wp\/v2\/media\/7721"}],"wp:attachment":[{"href":"https:\/\/engitech.az\/en\/wp-json\/wp\/v2\/media?parent=7720"}],"wp:term":[{"taxonomy":"product_brand","embeddable":true,"href":"https:\/\/engitech.az\/en\/wp-json\/wp\/v2\/product_brand?post=7720"},{"taxonomy":"product_cat","embeddable":true,"href":"https:\/\/engitech.az\/en\/wp-json\/wp\/v2\/product_cat?post=7720"},{"taxonomy":"product_tag","embeddable":true,"href":"https:\/\/engitech.az\/en\/wp-json\/wp\/v2\/product_tag?post=7720"}],"curies":[{"name":"wp","href":"https:\/\/api.w.org\/{rel}","templated":true}]}}