{"id":7722,"date":"2025-10-27T12:42:17","date_gmt":"2025-10-27T12:42:17","guid":{"rendered":"https:\/\/engitech.az\/?post_type=product&#038;p=7722"},"modified":"2025-10-27T12:42:17","modified_gmt":"2025-10-27T12:42:17","slug":"da-lnc501p-4mp-p-iris-lens","status":"publish","type":"product","link":"https:\/\/engitech.az\/en\/product\/da-lnc501p-4mp-p-iris-lens\/","title":{"rendered":"DA-LNC501P \u2013 4MP P-Iris Lens"},"content":{"rendered":"<ul>\n<li><strong data-start=\"39\" data-end=\"60\">Sensor compatibility:<\/strong> 1\/1.8\u2033<\/li>\n<li><strong data-start=\"70\" data-end=\"88\">Focal length:<\/strong> 12\u201350 mm vari-focal<\/li>\n<li><strong data-start=\"111\" data-end=\"122\">Opening:<\/strong> F\/1.5\u2013F\/1.9<\/li>\n<li><strong data-start=\"137\" data-end=\"147\">Focus:<\/strong> 2.5 m \u2013 \u221e<\/li>\n<li><strong data-start=\"160\" data-end=\"178\">Features:<\/strong> Motorized P-Iris, IR correction, 4MP high resolution<\/li>\n<li><strong data-start=\"232\" data-end=\"250\">Body \/ Weight:<\/strong> CS-mount, compact, 150 g<\/li>\n<\/ul>","protected":false},"excerpt":{"rendered":"<p>Sensor uy\u011funlu\u011fu: 1\/1.8\u2033 Fokal uzunluq: 12\u201350 mm vari-fokal A\u00e7\u0131l\u0131\u015f: F\/1.5\u2013F\/1.9  [&#8230;]<\/p>","protected":false},"featured_media":7723,"comment_status":"open","ping_status":"closed","template":"","meta":[],"product_brand":[],"product_cat":[216],"product_tag":[],"class_list":{"0":"post-7722","1":"product","2":"type-product","3":"status-publish","4":"has-post-thumbnail","6":"product_cat-idis-global","7":"pa_mehsul-tipi-obyektiv","9":"first","10":"instock","11":"sold-individually","12":"shipping-taxable","13":"purchasable","14":"product-type-simple"},"_links":{"self":[{"href":"https:\/\/engitech.az\/en\/wp-json\/wp\/v2\/product\/7722","targetHints":{"allow":["GET"]}}],"collection":[{"href":"https:\/\/engitech.az\/en\/wp-json\/wp\/v2\/product"}],"about":[{"href":"https:\/\/engitech.az\/en\/wp-json\/wp\/v2\/types\/product"}],"replies":[{"embeddable":true,"href":"https:\/\/engitech.az\/en\/wp-json\/wp\/v2\/comments?post=7722"}],"wp:featuredmedia":[{"embeddable":true,"href":"https:\/\/engitech.az\/en\/wp-json\/wp\/v2\/media\/7723"}],"wp:attachment":[{"href":"https:\/\/engitech.az\/en\/wp-json\/wp\/v2\/media?parent=7722"}],"wp:term":[{"taxonomy":"product_brand","embeddable":true,"href":"https:\/\/engitech.az\/en\/wp-json\/wp\/v2\/product_brand?post=7722"},{"taxonomy":"product_cat","embeddable":true,"href":"https:\/\/engitech.az\/en\/wp-json\/wp\/v2\/product_cat?post=7722"},{"taxonomy":"product_tag","embeddable":true,"href":"https:\/\/engitech.az\/en\/wp-json\/wp\/v2\/product_tag?post=7722"}],"curies":[{"name":"wp","href":"https:\/\/api.w.org\/{rel}","templated":true}]}}