{"id":7819,"date":"2025-11-04T11:26:21","date_gmt":"2025-11-04T11:26:21","guid":{"rendered":"https:\/\/engitech.az\/?post_type=product&#038;p=7819"},"modified":"2025-11-12T10:46:45","modified_gmt":"2025-11-12T10:46:45","slug":"1u-loaded-sliding-patch-panel-fc-st","status":"publish","type":"product","link":"https:\/\/engitech.az\/en\/product\/1u-loaded-sliding-patch-panel-fc-st\/","title":{"rendered":"1U Loaded Sliding Patch Panel \u2013 FC\/ST"},"content":{"rendered":"<ul>\n<li data-start=\"73\" data-end=\"94\"><strong data-start=\"73\" data-end=\"82\">Size:<\/strong> 1U (Rack)<\/li>\n<li data-start=\"97\" data-end=\"120\"><strong data-start=\"97\" data-end=\"109\">Ports:<\/strong> FC and ST<\/li>\n<li data-start=\"123\" data-end=\"165\"><strong data-start=\"123\" data-end=\"138\">Feature:<\/strong> Removable with a slider<\/li>\n<li data-start=\"168\" data-end=\"195\"><strong data-start=\"168\" data-end=\"181\">Material:<\/strong> Metal body<\/li>\n<li data-start=\"198\" data-end=\"233\"><strong data-start=\"198\" data-end=\"213\">Installation:<\/strong> 19\u201d Rack compatible<\/li>\n<li data-start=\"236\" data-end=\"273\"><strong data-start=\"236\" data-end=\"246\">Fiber:<\/strong> Single-mode \/ Multi-mode<\/li>\n<\/ul>","protected":false},"excerpt":{"rendered":"<p>\u00d6l\u00e7\u00fc: 1U (Rack) Portlar: FC v\u0259 ST X\u00fcsusiyy\u0259t: Slayderl\u0259 \u00e7\u0131xar\u0131la  [&#8230;]<\/p>","protected":false},"featured_media":7820,"comment_status":"open","ping_status":"closed","template":"","meta":[],"product_brand":[],"product_cat":[229],"product_tag":[],"class_list":{"0":"post-7819","1":"product","2":"type-product","3":"status-publish","4":"has-post-thumbnail","6":"product_cat-linxcom","7":"pa_mehsul-tipi-fibre-management-patch-panel","9":"first","10":"instock","11":"sold-individually","12":"shipping-taxable","13":"purchasable","14":"product-type-simple"},"_links":{"self":[{"href":"https:\/\/engitech.az\/en\/wp-json\/wp\/v2\/product\/7819","targetHints":{"allow":["GET"]}}],"collection":[{"href":"https:\/\/engitech.az\/en\/wp-json\/wp\/v2\/product"}],"about":[{"href":"https:\/\/engitech.az\/en\/wp-json\/wp\/v2\/types\/product"}],"replies":[{"embeddable":true,"href":"https:\/\/engitech.az\/en\/wp-json\/wp\/v2\/comments?post=7819"}],"wp:featuredmedia":[{"embeddable":true,"href":"https:\/\/engitech.az\/en\/wp-json\/wp\/v2\/media\/7820"}],"wp:attachment":[{"href":"https:\/\/engitech.az\/en\/wp-json\/wp\/v2\/media?parent=7819"}],"wp:term":[{"taxonomy":"product_brand","embeddable":true,"href":"https:\/\/engitech.az\/en\/wp-json\/wp\/v2\/product_brand?post=7819"},{"taxonomy":"product_cat","embeddable":true,"href":"https:\/\/engitech.az\/en\/wp-json\/wp\/v2\/product_cat?post=7819"},{"taxonomy":"product_tag","embeddable":true,"href":"https:\/\/engitech.az\/en\/wp-json\/wp\/v2\/product_tag?post=7819"}],"curies":[{"name":"wp","href":"https:\/\/api.w.org\/{rel}","templated":true}]}}