{"id":7821,"date":"2025-11-04T11:29:13","date_gmt":"2025-11-04T11:29:13","guid":{"rendered":"https:\/\/engitech.az\/?post_type=product&#038;p=7821"},"modified":"2025-11-12T08:33:26","modified_gmt":"2025-11-12T08:33:26","slug":"1u-loaded-sliding-patch-panel-sc-dx-lc-qd","status":"publish","type":"product","link":"https:\/\/engitech.az\/en\/product\/1u-loaded-sliding-patch-panel-sc-dx-lc-qd\/","title":{"rendered":"1U Loaded Sliding Patch Panel \u2013 SC\/DX-LC\/QD"},"content":{"rendered":"<ul>\n<li data-start=\"88\" data-end=\"109\"><strong data-start=\"88\" data-end=\"97\">Size:<\/strong> 1U (Rack)<\/li>\n<li data-start=\"112\" data-end=\"140\"><strong data-start=\"112\" data-end=\"124\">Ports:<\/strong> SC, DX-LC, QD<\/li>\n<li data-start=\"143\" data-end=\"185\"><strong data-start=\"143\" data-end=\"158\">Feature:<\/strong> Removable with a slider<\/li>\n<li data-start=\"188\" data-end=\"215\"><strong data-start=\"188\" data-end=\"201\">Material:<\/strong> Metal body<\/li>\n<li data-start=\"218\" data-end=\"253\"><strong data-start=\"218\" data-end=\"233\">Installation:<\/strong> 19\u201d Rack compatible<\/li>\n<li data-start=\"256\" data-end=\"293\"><strong data-start=\"256\" data-end=\"266\">Fiber:<\/strong> Single-mode \/ Multi-mode<\/li>\n<\/ul>","protected":false},"excerpt":{"rendered":"<p>\u00d6l\u00e7\u00fc: 1U (Rack) Portlar: SC, DX-LC, QD X\u00fcsusiyy\u0259t: Slayderl\u0259 \u00e7\u0131xar\u0131la  [&#8230;]<\/p>","protected":false},"featured_media":7822,"comment_status":"open","ping_status":"closed","template":"","meta":[],"product_brand":[],"product_cat":[229],"product_tag":[],"class_list":{"0":"post-7821","1":"product","2":"type-product","3":"status-publish","4":"has-post-thumbnail","6":"product_cat-linxcom","7":"pa_mehsul-tipi-fibre-management-patch-panel","9":"first","10":"instock","11":"sold-individually","12":"shipping-taxable","13":"purchasable","14":"product-type-simple"},"_links":{"self":[{"href":"https:\/\/engitech.az\/en\/wp-json\/wp\/v2\/product\/7821","targetHints":{"allow":["GET"]}}],"collection":[{"href":"https:\/\/engitech.az\/en\/wp-json\/wp\/v2\/product"}],"about":[{"href":"https:\/\/engitech.az\/en\/wp-json\/wp\/v2\/types\/product"}],"replies":[{"embeddable":true,"href":"https:\/\/engitech.az\/en\/wp-json\/wp\/v2\/comments?post=7821"}],"wp:featuredmedia":[{"embeddable":true,"href":"https:\/\/engitech.az\/en\/wp-json\/wp\/v2\/media\/7822"}],"wp:attachment":[{"href":"https:\/\/engitech.az\/en\/wp-json\/wp\/v2\/media?parent=7821"}],"wp:term":[{"taxonomy":"product_brand","embeddable":true,"href":"https:\/\/engitech.az\/en\/wp-json\/wp\/v2\/product_brand?post=7821"},{"taxonomy":"product_cat","embeddable":true,"href":"https:\/\/engitech.az\/en\/wp-json\/wp\/v2\/product_cat?post=7821"},{"taxonomy":"product_tag","embeddable":true,"href":"https:\/\/engitech.az\/en\/wp-json\/wp\/v2\/product_tag?post=7821"}],"curies":[{"name":"wp","href":"https:\/\/api.w.org\/{rel}","templated":true}]}}