{"id":7823,"date":"2025-11-04T11:30:39","date_gmt":"2025-11-04T11:30:39","guid":{"rendered":"https:\/\/engitech.az\/?post_type=product&#038;p=7823"},"modified":"2025-11-12T08:33:54","modified_gmt":"2025-11-12T08:33:54","slug":"1u-24-port-loaded-sliding-patch-panel-sc-lc","status":"publish","type":"product","link":"https:\/\/engitech.az\/en\/product\/1u-24-port-loaded-sliding-patch-panel-sc-lc\/","title":{"rendered":"1U 24 Port \u2013 Loaded Sliding Patch Panel \u2013 SC\/LC"},"content":{"rendered":"<ul>\n<li data-start=\"81\" data-end=\"102\"><strong data-start=\"81\" data-end=\"90\">Size:<\/strong> 1U (Rack)<\/li>\n<li data-start=\"105\" data-end=\"144\"><strong data-start=\"105\" data-end=\"117\">Ports:<\/strong> 24 ports, SC and LC compatible<\/li>\n<li data-start=\"147\" data-end=\"189\"><strong data-start=\"147\" data-end=\"162\">Feature:<\/strong> Removable with a slider<\/li>\n<li data-start=\"192\" data-end=\"219\"><strong data-start=\"192\" data-end=\"205\">Material:<\/strong> Metal body<\/li>\n<li data-start=\"222\" data-end=\"257\"><strong data-start=\"222\" data-end=\"237\">Installation:<\/strong> 19\u201d Rack compatible<\/li>\n<li data-start=\"260\" data-end=\"298\"><strong data-start=\"260\" data-end=\"270\">Fiber:<\/strong> Single-mode and Multi-mode<\/li>\n<\/ul>","protected":false},"excerpt":{"rendered":"<p>\u00d6l\u00e7\u00fc: 1U (Rack) Portlar: 24 port, SC v\u0259 LC uyumlu  [&#8230;]<\/p>","protected":false},"featured_media":7824,"comment_status":"open","ping_status":"closed","template":"","meta":[],"product_brand":[],"product_cat":[229],"product_tag":[],"class_list":{"0":"post-7823","1":"product","2":"type-product","3":"status-publish","4":"has-post-thumbnail","6":"product_cat-linxcom","7":"pa_mehsul-tipi-fibre-management-patch-panel","9":"first","10":"instock","11":"sold-individually","12":"shipping-taxable","13":"purchasable","14":"product-type-simple"},"_links":{"self":[{"href":"https:\/\/engitech.az\/en\/wp-json\/wp\/v2\/product\/7823","targetHints":{"allow":["GET"]}}],"collection":[{"href":"https:\/\/engitech.az\/en\/wp-json\/wp\/v2\/product"}],"about":[{"href":"https:\/\/engitech.az\/en\/wp-json\/wp\/v2\/types\/product"}],"replies":[{"embeddable":true,"href":"https:\/\/engitech.az\/en\/wp-json\/wp\/v2\/comments?post=7823"}],"wp:featuredmedia":[{"embeddable":true,"href":"https:\/\/engitech.az\/en\/wp-json\/wp\/v2\/media\/7824"}],"wp:attachment":[{"href":"https:\/\/engitech.az\/en\/wp-json\/wp\/v2\/media?parent=7823"}],"wp:term":[{"taxonomy":"product_brand","embeddable":true,"href":"https:\/\/engitech.az\/en\/wp-json\/wp\/v2\/product_brand?post=7823"},{"taxonomy":"product_cat","embeddable":true,"href":"https:\/\/engitech.az\/en\/wp-json\/wp\/v2\/product_cat?post=7823"},{"taxonomy":"product_tag","embeddable":true,"href":"https:\/\/engitech.az\/en\/wp-json\/wp\/v2\/product_tag?post=7823"}],"curies":[{"name":"wp","href":"https:\/\/api.w.org\/{rel}","templated":true}]}}