{"id":7825,"date":"2025-11-04T11:36:16","date_gmt":"2025-11-04T11:36:16","guid":{"rendered":"https:\/\/engitech.az\/?post_type=product&#038;p=7825"},"modified":"2025-11-12T08:34:19","modified_gmt":"2025-11-12T08:34:19","slug":"1u-fo-drawer-patch-panel-w-cable-management","status":"publish","type":"product","link":"https:\/\/engitech.az\/en\/product\/1u-fo-drawer-patch-panel-w-cable-management\/","title":{"rendered":"1U FO Drawer Patch Panel W\/Cable Management"},"content":{"rendered":"<ul>\n<li data-start=\"80\" data-end=\"101\"><strong data-start=\"80\" data-end=\"89\">Size:<\/strong> 1U (Rack)<\/li>\n<li data-start=\"104\" data-end=\"149\"><strong data-start=\"104\" data-end=\"119\">Feature:<\/strong> Slider\/drawer-type panel<\/li>\n<li data-start=\"152\" data-end=\"204\"><strong data-start=\"152\" data-end=\"173\">Cable Management:<\/strong> With internal cable management<\/li>\n<li data-start=\"207\" data-end=\"234\"><strong data-start=\"207\" data-end=\"220\">Material:<\/strong> Metal body<\/li>\n<li data-start=\"237\" data-end=\"272\"><strong data-start=\"237\" data-end=\"252\">Installation:<\/strong> 19\u201d Rack compatible<\/li>\n<li data-start=\"275\" data-end=\"332\"><strong data-start=\"275\" data-end=\"285\">Fiber:<\/strong> Compatible with Single-mode \/ Multi-mode ports<\/li>\n<\/ul>","protected":false},"excerpt":{"rendered":"<p>\u00d6l\u00e7\u00fc: 1U (Rack) X\u00fcsusiyy\u0259t: Slayder\/\u00e7ekmec\u0259 tipli panel Cable Management: Daxili  [&#8230;]<\/p>","protected":false},"featured_media":7826,"comment_status":"open","ping_status":"closed","template":"","meta":[],"product_brand":[],"product_cat":[229],"product_tag":[],"class_list":{"0":"post-7825","1":"product","2":"type-product","3":"status-publish","4":"has-post-thumbnail","6":"product_cat-linxcom","7":"pa_mehsul-tipi-fibre-management-patch-panel","9":"first","10":"instock","11":"sold-individually","12":"shipping-taxable","13":"purchasable","14":"product-type-simple"},"_links":{"self":[{"href":"https:\/\/engitech.az\/en\/wp-json\/wp\/v2\/product\/7825","targetHints":{"allow":["GET"]}}],"collection":[{"href":"https:\/\/engitech.az\/en\/wp-json\/wp\/v2\/product"}],"about":[{"href":"https:\/\/engitech.az\/en\/wp-json\/wp\/v2\/types\/product"}],"replies":[{"embeddable":true,"href":"https:\/\/engitech.az\/en\/wp-json\/wp\/v2\/comments?post=7825"}],"wp:featuredmedia":[{"embeddable":true,"href":"https:\/\/engitech.az\/en\/wp-json\/wp\/v2\/media\/7826"}],"wp:attachment":[{"href":"https:\/\/engitech.az\/en\/wp-json\/wp\/v2\/media?parent=7825"}],"wp:term":[{"taxonomy":"product_brand","embeddable":true,"href":"https:\/\/engitech.az\/en\/wp-json\/wp\/v2\/product_brand?post=7825"},{"taxonomy":"product_cat","embeddable":true,"href":"https:\/\/engitech.az\/en\/wp-json\/wp\/v2\/product_cat?post=7825"},{"taxonomy":"product_tag","embeddable":true,"href":"https:\/\/engitech.az\/en\/wp-json\/wp\/v2\/product_tag?post=7825"}],"curies":[{"name":"wp","href":"https:\/\/api.w.org\/{rel}","templated":true}]}}