{"id":7827,"date":"2025-11-04T11:38:37","date_gmt":"2025-11-04T11:38:37","guid":{"rendered":"https:\/\/engitech.az\/?post_type=product&#038;p=7827"},"modified":"2025-11-12T10:29:49","modified_gmt":"2025-11-12T10:29:49","slug":"1u-pivoting-splitter-panel","status":"publish","type":"product","link":"https:\/\/engitech.az\/en\/product\/1u-pivoting-splitter-panel\/","title":{"rendered":"1U FO Pivoting Splitter Panel"},"content":{"rendered":"<ul>\n<li data-start=\"65\" data-end=\"86\"><strong data-start=\"65\" data-end=\"74\">Size:<\/strong> 1U (Rack)<\/li>\n<li data-start=\"89\" data-end=\"147\"><strong data-start=\"89\" data-end=\"104\">Feature:<\/strong> Pivot design splitter panel<\/li>\n<li data-start=\"150\" data-end=\"177\"><strong data-start=\"150\" data-end=\"163\">Material:<\/strong> Metal body<\/li>\n<li data-start=\"180\" data-end=\"215\"><strong data-start=\"180\" data-end=\"195\">Installation:<\/strong> 19\u201d Rack compatible<\/li>\n<li data-start=\"218\" data-end=\"280\"><strong data-start=\"218\" data-end=\"228\">Fiber:<\/strong> Compatible with Single-mode \/ Multi-mode splitters<\/li>\n<\/ul>","protected":false},"excerpt":{"rendered":"<p>\u00d6l\u00e7\u00fc: 1U (Rack) X\u00fcsusiyy\u0259t: Pivot (f\u0131rlanan) dizaynl\u0131 splitter panel Material:  [&#8230;]<\/p>","protected":false},"featured_media":7828,"comment_status":"open","ping_status":"closed","template":"","meta":[],"product_brand":[],"product_cat":[229],"product_tag":[],"class_list":{"0":"post-7827","1":"product","2":"type-product","3":"status-publish","4":"has-post-thumbnail","6":"product_cat-linxcom","7":"pa_mehsul-tipi-fibre-management-patch-panel","9":"first","10":"instock","11":"sold-individually","12":"shipping-taxable","13":"purchasable","14":"product-type-simple"},"_links":{"self":[{"href":"https:\/\/engitech.az\/en\/wp-json\/wp\/v2\/product\/7827","targetHints":{"allow":["GET"]}}],"collection":[{"href":"https:\/\/engitech.az\/en\/wp-json\/wp\/v2\/product"}],"about":[{"href":"https:\/\/engitech.az\/en\/wp-json\/wp\/v2\/types\/product"}],"replies":[{"embeddable":true,"href":"https:\/\/engitech.az\/en\/wp-json\/wp\/v2\/comments?post=7827"}],"wp:featuredmedia":[{"embeddable":true,"href":"https:\/\/engitech.az\/en\/wp-json\/wp\/v2\/media\/7828"}],"wp:attachment":[{"href":"https:\/\/engitech.az\/en\/wp-json\/wp\/v2\/media?parent=7827"}],"wp:term":[{"taxonomy":"product_brand","embeddable":true,"href":"https:\/\/engitech.az\/en\/wp-json\/wp\/v2\/product_brand?post=7827"},{"taxonomy":"product_cat","embeddable":true,"href":"https:\/\/engitech.az\/en\/wp-json\/wp\/v2\/product_cat?post=7827"},{"taxonomy":"product_tag","embeddable":true,"href":"https:\/\/engitech.az\/en\/wp-json\/wp\/v2\/product_tag?post=7827"}],"curies":[{"name":"wp","href":"https:\/\/api.w.org\/{rel}","templated":true}]}}