{"id":7831,"date":"2025-11-04T11:42:01","date_gmt":"2025-11-04T11:42:01","guid":{"rendered":"https:\/\/engitech.az\/?post_type=product&#038;p=7831"},"modified":"2025-11-12T10:31:01","modified_gmt":"2025-11-12T10:31:01","slug":"1u-pivoting-panel-ftth-solutions","status":"publish","type":"product","link":"https:\/\/engitech.az\/en\/product\/1u-pivoting-panel-ftth-solutions\/","title":{"rendered":"1U Pivoting Panel (FTTH Solutions)"},"content":{"rendered":"<ul>\n<li data-start=\"70\" data-end=\"91\"><strong data-start=\"70\" data-end=\"79\">Size:<\/strong> 1U (Rack)<\/li>\n<li data-start=\"94\" data-end=\"177\"><strong data-start=\"94\" data-end=\"109\">Feature:<\/strong> Pivot design, for FTTH (Fiber To The Home) applications<\/li>\n<li data-start=\"180\" data-end=\"207\"><strong data-start=\"180\" data-end=\"193\">Material:<\/strong> Metal body<\/li>\n<li data-start=\"210\" data-end=\"245\"><strong data-start=\"210\" data-end=\"225\">Installation:<\/strong> 19\u201d Rack compatible<\/li>\n<li data-start=\"248\" data-end=\"317\"><strong data-start=\"248\" data-end=\"258\">Fiber:<\/strong> Compatible with single-mode\/multi-mode splitters and ports<\/li>\n<\/ul>","protected":false},"excerpt":{"rendered":"<p>\u00d6l\u00e7\u00fc: 1U (Rack) X\u00fcsusiyy\u0259t: Pivot (f\u0131rlanan) dizayn, FTTH (Fiber To  [&#8230;]<\/p>","protected":false},"featured_media":7832,"comment_status":"open","ping_status":"closed","template":"","meta":[],"product_brand":[],"product_cat":[229],"product_tag":[],"class_list":{"0":"post-7831","1":"product","2":"type-product","3":"status-publish","4":"has-post-thumbnail","6":"product_cat-linxcom","7":"pa_mehsul-tipi-fibre-management-patch-panel","9":"first","10":"instock","11":"sold-individually","12":"shipping-taxable","13":"purchasable","14":"product-type-simple"},"_links":{"self":[{"href":"https:\/\/engitech.az\/en\/wp-json\/wp\/v2\/product\/7831","targetHints":{"allow":["GET"]}}],"collection":[{"href":"https:\/\/engitech.az\/en\/wp-json\/wp\/v2\/product"}],"about":[{"href":"https:\/\/engitech.az\/en\/wp-json\/wp\/v2\/types\/product"}],"replies":[{"embeddable":true,"href":"https:\/\/engitech.az\/en\/wp-json\/wp\/v2\/comments?post=7831"}],"wp:featuredmedia":[{"embeddable":true,"href":"https:\/\/engitech.az\/en\/wp-json\/wp\/v2\/media\/7832"}],"wp:attachment":[{"href":"https:\/\/engitech.az\/en\/wp-json\/wp\/v2\/media?parent=7831"}],"wp:term":[{"taxonomy":"product_brand","embeddable":true,"href":"https:\/\/engitech.az\/en\/wp-json\/wp\/v2\/product_brand?post=7831"},{"taxonomy":"product_cat","embeddable":true,"href":"https:\/\/engitech.az\/en\/wp-json\/wp\/v2\/product_cat?post=7831"},{"taxonomy":"product_tag","embeddable":true,"href":"https:\/\/engitech.az\/en\/wp-json\/wp\/v2\/product_tag?post=7831"}],"curies":[{"name":"wp","href":"https:\/\/api.w.org\/{rel}","templated":true}]}}