{"id":7833,"date":"2025-11-04T11:43:46","date_gmt":"2025-11-04T11:43:46","guid":{"rendered":"https:\/\/engitech.az\/?post_type=product&#038;p=7833"},"modified":"2025-11-12T10:31:41","modified_gmt":"2025-11-12T10:31:41","slug":"2u-sliding-drawer-panel","status":"publish","type":"product","link":"https:\/\/engitech.az\/en\/product\/2u-sliding-drawer-panel\/","title":{"rendered":"2U FO Sliding Drawer Panel"},"content":{"rendered":"<ul>\n<li data-start=\"62\" data-end=\"83\"><strong data-start=\"62\" data-end=\"71\">Size:<\/strong> 2U (Rack)<\/li>\n<li data-start=\"86\" data-end=\"132\"><strong data-start=\"86\" data-end=\"101\">Feature:<\/strong> Slider\/drawer type design<\/li>\n<li data-start=\"135\" data-end=\"162\"><strong data-start=\"135\" data-end=\"148\">Material:<\/strong> Metal body<\/li>\n<li data-start=\"165\" data-end=\"200\"><strong data-start=\"165\" data-end=\"180\">Installation:<\/strong> 19\u201d Rack compatible<\/li>\n<li data-start=\"203\" data-end=\"260\"><strong data-start=\"203\" data-end=\"213\">Fiber:<\/strong> Compatible with Single-mode \/ Multi-mode ports<\/li>\n<li data-start=\"263\" data-end=\"302\"><strong data-start=\"263\" data-end=\"273\">Additional:<\/strong> With internal cable management<\/li>\n<\/ul>","protected":false},"excerpt":{"rendered":"<p>\u00d6l\u00e7\u00fc: 2U (Rack) X\u00fcsusiyy\u0259t: Slayder\/\u00e7ekmec\u0259 tipli dizayn Material: Metal g\u00f6vd\u0259  [&#8230;]<\/p>","protected":false},"featured_media":7834,"comment_status":"open","ping_status":"closed","template":"","meta":[],"product_brand":[],"product_cat":[229],"product_tag":[],"class_list":{"0":"post-7833","1":"product","2":"type-product","3":"status-publish","4":"has-post-thumbnail","6":"product_cat-linxcom","7":"pa_mehsul-tipi-fibre-management-patch-panel","9":"first","10":"instock","11":"sold-individually","12":"shipping-taxable","13":"purchasable","14":"product-type-simple"},"_links":{"self":[{"href":"https:\/\/engitech.az\/en\/wp-json\/wp\/v2\/product\/7833","targetHints":{"allow":["GET"]}}],"collection":[{"href":"https:\/\/engitech.az\/en\/wp-json\/wp\/v2\/product"}],"about":[{"href":"https:\/\/engitech.az\/en\/wp-json\/wp\/v2\/types\/product"}],"replies":[{"embeddable":true,"href":"https:\/\/engitech.az\/en\/wp-json\/wp\/v2\/comments?post=7833"}],"wp:featuredmedia":[{"embeddable":true,"href":"https:\/\/engitech.az\/en\/wp-json\/wp\/v2\/media\/7834"}],"wp:attachment":[{"href":"https:\/\/engitech.az\/en\/wp-json\/wp\/v2\/media?parent=7833"}],"wp:term":[{"taxonomy":"product_brand","embeddable":true,"href":"https:\/\/engitech.az\/en\/wp-json\/wp\/v2\/product_brand?post=7833"},{"taxonomy":"product_cat","embeddable":true,"href":"https:\/\/engitech.az\/en\/wp-json\/wp\/v2\/product_cat?post=7833"},{"taxonomy":"product_tag","embeddable":true,"href":"https:\/\/engitech.az\/en\/wp-json\/wp\/v2\/product_tag?post=7833"}],"curies":[{"name":"wp","href":"https:\/\/api.w.org\/{rel}","templated":true}]}}