{"id":7835,"date":"2025-11-04T11:45:39","date_gmt":"2025-11-04T11:45:39","guid":{"rendered":"https:\/\/engitech.az\/?post_type=product&#038;p=7835"},"modified":"2025-11-12T10:32:06","modified_gmt":"2025-11-12T10:32:06","slug":"2u-pivoting-panel-ftth-solutions","status":"publish","type":"product","link":"https:\/\/engitech.az\/en\/product\/2u-pivoting-panel-ftth-solutions\/","title":{"rendered":"2U Pivoting Panel (FTTH Solutions)"},"content":{"rendered":"<ul>\n<li data-start=\"70\" data-end=\"91\"><strong data-start=\"70\" data-end=\"79\">Size:<\/strong> 2U (Rack)<\/li>\n<li data-start=\"94\" data-end=\"157\"><strong data-start=\"94\" data-end=\"109\">Feature:<\/strong> Pivot design, for FTTH applications<\/li>\n<li data-start=\"160\" data-end=\"187\"><strong data-start=\"160\" data-end=\"173\">Material:<\/strong> Metal body<\/li>\n<li data-start=\"190\" data-end=\"225\"><strong data-start=\"190\" data-end=\"205\">Installation:<\/strong> 19\u201d Rack compatible<\/li>\n<li data-start=\"228\" data-end=\"297\"><strong data-start=\"228\" data-end=\"238\">Fiber:<\/strong> Compatible with single-mode\/multi-mode splitters and ports<\/li>\n<\/ul>","protected":false},"excerpt":{"rendered":"<p>\u00d6l\u00e7\u00fc: 2U (Rack) X\u00fcsusiyy\u0259t: Pivot (f\u0131rlanan) dizayn, FTTH t\u0259tbiql\u0259ri \u00fc\u00e7\u00fcn  [&#8230;]<\/p>","protected":false},"featured_media":7836,"comment_status":"open","ping_status":"closed","template":"","meta":[],"product_brand":[],"product_cat":[229],"product_tag":[],"class_list":{"0":"post-7835","1":"product","2":"type-product","3":"status-publish","4":"has-post-thumbnail","6":"product_cat-linxcom","7":"pa_mehsul-tipi-fibre-management-patch-panel","9":"first","10":"instock","11":"sold-individually","12":"shipping-taxable","13":"purchasable","14":"product-type-simple"},"_links":{"self":[{"href":"https:\/\/engitech.az\/en\/wp-json\/wp\/v2\/product\/7835","targetHints":{"allow":["GET"]}}],"collection":[{"href":"https:\/\/engitech.az\/en\/wp-json\/wp\/v2\/product"}],"about":[{"href":"https:\/\/engitech.az\/en\/wp-json\/wp\/v2\/types\/product"}],"replies":[{"embeddable":true,"href":"https:\/\/engitech.az\/en\/wp-json\/wp\/v2\/comments?post=7835"}],"wp:featuredmedia":[{"embeddable":true,"href":"https:\/\/engitech.az\/en\/wp-json\/wp\/v2\/media\/7836"}],"wp:attachment":[{"href":"https:\/\/engitech.az\/en\/wp-json\/wp\/v2\/media?parent=7835"}],"wp:term":[{"taxonomy":"product_brand","embeddable":true,"href":"https:\/\/engitech.az\/en\/wp-json\/wp\/v2\/product_brand?post=7835"},{"taxonomy":"product_cat","embeddable":true,"href":"https:\/\/engitech.az\/en\/wp-json\/wp\/v2\/product_cat?post=7835"},{"taxonomy":"product_tag","embeddable":true,"href":"https:\/\/engitech.az\/en\/wp-json\/wp\/v2\/product_tag?post=7835"}],"curies":[{"name":"wp","href":"https:\/\/api.w.org\/{rel}","templated":true}]}}