{"id":7843,"date":"2025-11-04T11:59:29","date_gmt":"2025-11-04T11:59:29","guid":{"rendered":"https:\/\/engitech.az\/?post_type=product&#038;p=7843"},"modified":"2025-11-12T11:03:26","modified_gmt":"2025-11-12T11:03:26","slug":"4u-high-density-splicing-panel","status":"publish","type":"product","link":"https:\/\/engitech.az\/en\/product\/4u-high-density-splicing-panel\/","title":{"rendered":"4U High Density Splicing Panel"},"content":{"rendered":"<ul>\n<li data-start=\"90\" data-end=\"174\"><strong data-start=\"90\" data-end=\"105\">Feature:<\/strong> High-density splicing panel, capable of connecting a large number of fibers<\/li>\n<li data-start=\"177\" data-end=\"204\"><strong data-start=\"177\" data-end=\"190\">Material:<\/strong> Metal body<\/li>\n<li data-start=\"207\" data-end=\"242\"><strong data-start=\"207\" data-end=\"222\">Installation:<\/strong> 19\u201d Rack compatible<\/li>\n<li data-start=\"245\" data-end=\"317\"><strong data-start=\"245\" data-end=\"255\">Fiber:<\/strong> Compatible for connecting single-mode \/ multi-mode fibers<\/li>\n<li data-start=\"320\" data-end=\"390\"><strong data-start=\"320\" data-end=\"330\">Additional:<\/strong> Internal tray and routing support for cable management<\/li>\n<\/ul>","protected":false},"excerpt":{"rendered":"<p>X\u00fcsusiyy\u0259t: Y\u00fcks\u0259k s\u0131xl\u0131ql\u0131 splicing panel, \u00e7ox sayda fiber birl\u0259\u015fdirm\u0259 imkan\u0131  [&#8230;]<\/p>","protected":false},"featured_media":7844,"comment_status":"open","ping_status":"closed","template":"","meta":[],"product_brand":[],"product_cat":[229],"product_tag":[],"class_list":{"0":"post-7843","1":"product","2":"type-product","3":"status-publish","4":"has-post-thumbnail","6":"product_cat-linxcom","7":"pa_mehsul-tipi-fibre-management-patch-panel","9":"first","10":"instock","11":"sold-individually","12":"shipping-taxable","13":"purchasable","14":"product-type-simple"},"_links":{"self":[{"href":"https:\/\/engitech.az\/en\/wp-json\/wp\/v2\/product\/7843","targetHints":{"allow":["GET"]}}],"collection":[{"href":"https:\/\/engitech.az\/en\/wp-json\/wp\/v2\/product"}],"about":[{"href":"https:\/\/engitech.az\/en\/wp-json\/wp\/v2\/types\/product"}],"replies":[{"embeddable":true,"href":"https:\/\/engitech.az\/en\/wp-json\/wp\/v2\/comments?post=7843"}],"wp:featuredmedia":[{"embeddable":true,"href":"https:\/\/engitech.az\/en\/wp-json\/wp\/v2\/media\/7844"}],"wp:attachment":[{"href":"https:\/\/engitech.az\/en\/wp-json\/wp\/v2\/media?parent=7843"}],"wp:term":[{"taxonomy":"product_brand","embeddable":true,"href":"https:\/\/engitech.az\/en\/wp-json\/wp\/v2\/product_brand?post=7843"},{"taxonomy":"product_cat","embeddable":true,"href":"https:\/\/engitech.az\/en\/wp-json\/wp\/v2\/product_cat?post=7843"},{"taxonomy":"product_tag","embeddable":true,"href":"https:\/\/engitech.az\/en\/wp-json\/wp\/v2\/product_tag?post=7843"}],"curies":[{"name":"wp","href":"https:\/\/api.w.org\/{rel}","templated":true}]}}