{"id":7847,"date":"2025-11-04T12:16:28","date_gmt":"2025-11-04T12:16:28","guid":{"rendered":"https:\/\/engitech.az\/?post_type=product&#038;p=7847"},"modified":"2025-11-12T11:05:01","modified_gmt":"2025-11-12T11:05:01","slug":"high-density-distribution-frame","status":"publish","type":"product","link":"https:\/\/engitech.az\/en\/product\/high-density-distribution-frame\/","title":{"rendered":"High Density Distribution Frame"},"content":{"rendered":"<ul>\n<li data-start=\"81\" data-end=\"107\"><strong data-start=\"81\" data-end=\"90\">Size:<\/strong> Rack mountable<\/li>\n<li data-start=\"110\" data-end=\"174\"><strong data-start=\"110\" data-end=\"125\">Feature:<\/strong> High-density fiber and cable distribution<\/li>\n<li data-start=\"177\" data-end=\"198\"><strong data-start=\"177\" data-end=\"190\">Material:<\/strong> Metal<\/li>\n<li data-start=\"201\" data-end=\"236\"><strong data-start=\"201\" data-end=\"216\">Installation:<\/strong> 19\u201d Rack compatible<\/li>\n<li data-start=\"239\" data-end=\"289\"><strong data-start=\"239\" data-end=\"249\">Additional:<\/strong> Cable management and modular ports<\/li>\n<\/ul>","protected":false},"excerpt":{"rendered":"<p>\u00d6l\u00e7\u00fc: Rack mountable X\u00fcsusiyy\u0259t: Y\u00fcks\u0259k s\u0131xl\u0131ql\u0131 fiber v\u0259 kabell\u0259rin paylanmas\u0131  [&#8230;]<\/p>","protected":false},"featured_media":7849,"comment_status":"open","ping_status":"closed","template":"","meta":[],"product_brand":[],"product_cat":[229],"product_tag":[],"class_list":{"0":"post-7847","1":"product","2":"type-product","3":"status-publish","4":"has-post-thumbnail","6":"product_cat-linxcom","7":"pa_mehsul-tipi-fibre-management-patch-panel","9":"first","10":"instock","11":"sold-individually","12":"shipping-taxable","13":"purchasable","14":"product-type-simple"},"_links":{"self":[{"href":"https:\/\/engitech.az\/en\/wp-json\/wp\/v2\/product\/7847","targetHints":{"allow":["GET"]}}],"collection":[{"href":"https:\/\/engitech.az\/en\/wp-json\/wp\/v2\/product"}],"about":[{"href":"https:\/\/engitech.az\/en\/wp-json\/wp\/v2\/types\/product"}],"replies":[{"embeddable":true,"href":"https:\/\/engitech.az\/en\/wp-json\/wp\/v2\/comments?post=7847"}],"wp:featuredmedia":[{"embeddable":true,"href":"https:\/\/engitech.az\/en\/wp-json\/wp\/v2\/media\/7849"}],"wp:attachment":[{"href":"https:\/\/engitech.az\/en\/wp-json\/wp\/v2\/media?parent=7847"}],"wp:term":[{"taxonomy":"product_brand","embeddable":true,"href":"https:\/\/engitech.az\/en\/wp-json\/wp\/v2\/product_brand?post=7847"},{"taxonomy":"product_cat","embeddable":true,"href":"https:\/\/engitech.az\/en\/wp-json\/wp\/v2\/product_cat?post=7847"},{"taxonomy":"product_tag","embeddable":true,"href":"https:\/\/engitech.az\/en\/wp-json\/wp\/v2\/product_tag?post=7847"}],"curies":[{"name":"wp","href":"https:\/\/api.w.org\/{rel}","templated":true}]}}