{"id":7850,"date":"2025-11-04T12:18:44","date_gmt":"2025-11-04T12:18:44","guid":{"rendered":"https:\/\/engitech.az\/?post_type=product&#038;p=7850"},"modified":"2025-11-12T11:05:24","modified_gmt":"2025-11-12T11:05:24","slug":"3u-modular-lgx-panel-f7","status":"publish","type":"product","link":"https:\/\/engitech.az\/en\/product\/3u-modular-lgx-panel-f7\/","title":{"rendered":"3U MODULAR LGX PANEL \u2013 F7"},"content":{"rendered":"<ul>\n<li data-start=\"61\" data-end=\"82\"><strong data-start=\"61\" data-end=\"70\">Size:<\/strong> 3U (Rack)<\/li>\n<li data-start=\"85\" data-end=\"152\"><strong data-start=\"85\" data-end=\"100\">Feature:<\/strong> LGX modular design, replaceable modular cards<\/li>\n<li data-start=\"155\" data-end=\"176\"><strong data-start=\"155\" data-end=\"168\">Material:<\/strong> Metal<\/li>\n<li data-start=\"179\" data-end=\"214\"><strong data-start=\"179\" data-end=\"194\">Installation:<\/strong> 19\u201d Rack compatible<\/li>\n<li data-start=\"217\" data-end=\"274\"><strong data-start=\"217\" data-end=\"227\">Fiber:<\/strong> Compatible with Single-mode \/ Multi-mode ports<\/li>\n<\/ul>","protected":false},"excerpt":{"rendered":"<p>\u00d6l\u00e7\u00fc: 3U (Rack) X\u00fcsusiyy\u0259t: LGX modul dizayn, d\u0259yi\u015fdiril\u0259 bil\u0259n modul  [&#8230;]<\/p>","protected":false},"featured_media":7851,"comment_status":"open","ping_status":"closed","template":"","meta":[],"product_brand":[],"product_cat":[229],"product_tag":[],"class_list":{"0":"post-7850","1":"product","2":"type-product","3":"status-publish","4":"has-post-thumbnail","6":"product_cat-linxcom","7":"pa_mehsul-tipi-fibre-management-patch-panel","9":"first","10":"instock","11":"sold-individually","12":"shipping-taxable","13":"purchasable","14":"product-type-simple"},"_links":{"self":[{"href":"https:\/\/engitech.az\/en\/wp-json\/wp\/v2\/product\/7850","targetHints":{"allow":["GET"]}}],"collection":[{"href":"https:\/\/engitech.az\/en\/wp-json\/wp\/v2\/product"}],"about":[{"href":"https:\/\/engitech.az\/en\/wp-json\/wp\/v2\/types\/product"}],"replies":[{"embeddable":true,"href":"https:\/\/engitech.az\/en\/wp-json\/wp\/v2\/comments?post=7850"}],"wp:featuredmedia":[{"embeddable":true,"href":"https:\/\/engitech.az\/en\/wp-json\/wp\/v2\/media\/7851"}],"wp:attachment":[{"href":"https:\/\/engitech.az\/en\/wp-json\/wp\/v2\/media?parent=7850"}],"wp:term":[{"taxonomy":"product_brand","embeddable":true,"href":"https:\/\/engitech.az\/en\/wp-json\/wp\/v2\/product_brand?post=7850"},{"taxonomy":"product_cat","embeddable":true,"href":"https:\/\/engitech.az\/en\/wp-json\/wp\/v2\/product_cat?post=7850"},{"taxonomy":"product_tag","embeddable":true,"href":"https:\/\/engitech.az\/en\/wp-json\/wp\/v2\/product_tag?post=7850"}],"curies":[{"name":"wp","href":"https:\/\/api.w.org\/{rel}","templated":true}]}}