{"id":7888,"date":"2025-11-05T07:15:38","date_gmt":"2025-11-05T07:15:38","guid":{"rendered":"https:\/\/engitech.az\/?post_type=product&#038;p=7888"},"modified":"2025-11-12T11:59:03","modified_gmt":"2025-11-12T11:59:03","slug":"indoor-terminal-box-model-6","status":"publish","type":"product","link":"https:\/\/engitech.az\/en\/product\/indoor-terminal-box-model-6\/","title":{"rendered":"Indoor Terminal Box \u2013 Model 6"},"content":{"rendered":"<ul>\n<li data-start=\"61\" data-end=\"97\"><strong data-start=\"61\" data-end=\"74\">Usage:<\/strong> Indoor fiber distribution<\/li>\n<li data-start=\"100\" data-end=\"129\"><strong data-start=\"100\" data-end=\"113\">Material:<\/strong> Plastic\/metal<\/li>\n<li data-start=\"132\" data-end=\"163\"><strong data-start=\"132\" data-end=\"147\">Installation:<\/strong> Wall mounting<\/li>\n<li data-start=\"166\" data-end=\"203\"><strong data-start=\"166\" data-end=\"176\">Fiber:<\/strong> Single-mode \/ Multi-mode<\/li>\n<li data-start=\"206\" data-end=\"263\"><strong data-start=\"206\" data-end=\"216\">Additional:<\/strong> More port options, built-in cable management<\/li>\n<\/ul>","protected":false},"excerpt":{"rendered":"<p>\u0130stifad\u0259: Indoor fiber paylama Material: Plastik\/metal Qura\u015fd\u0131rma: Divar montaj\u0131 Fiber:  [&#8230;]<\/p>","protected":false},"featured_media":7890,"comment_status":"open","ping_status":"closed","template":"","meta":[],"product_brand":[],"product_cat":[229],"product_tag":[],"class_list":{"0":"post-7888","1":"product","2":"type-product","3":"status-publish","4":"has-post-thumbnail","6":"product_cat-linxcom","7":"pa_mehsul-tipi-fibre-management-terminal-box","9":"first","10":"instock","11":"sold-individually","12":"shipping-taxable","13":"purchasable","14":"product-type-simple"},"_links":{"self":[{"href":"https:\/\/engitech.az\/en\/wp-json\/wp\/v2\/product\/7888","targetHints":{"allow":["GET"]}}],"collection":[{"href":"https:\/\/engitech.az\/en\/wp-json\/wp\/v2\/product"}],"about":[{"href":"https:\/\/engitech.az\/en\/wp-json\/wp\/v2\/types\/product"}],"replies":[{"embeddable":true,"href":"https:\/\/engitech.az\/en\/wp-json\/wp\/v2\/comments?post=7888"}],"wp:featuredmedia":[{"embeddable":true,"href":"https:\/\/engitech.az\/en\/wp-json\/wp\/v2\/media\/7890"}],"wp:attachment":[{"href":"https:\/\/engitech.az\/en\/wp-json\/wp\/v2\/media?parent=7888"}],"wp:term":[{"taxonomy":"product_brand","embeddable":true,"href":"https:\/\/engitech.az\/en\/wp-json\/wp\/v2\/product_brand?post=7888"},{"taxonomy":"product_cat","embeddable":true,"href":"https:\/\/engitech.az\/en\/wp-json\/wp\/v2\/product_cat?post=7888"},{"taxonomy":"product_tag","embeddable":true,"href":"https:\/\/engitech.az\/en\/wp-json\/wp\/v2\/product_tag?post=7888"}],"curies":[{"name":"wp","href":"https:\/\/api.w.org\/{rel}","templated":true}]}}