{"id":7897,"date":"2025-11-05T07:43:26","date_gmt":"2025-11-05T07:43:26","guid":{"rendered":"https:\/\/engitech.az\/?post_type=product&#038;p=7897"},"modified":"2025-11-12T12:00:38","modified_gmt":"2025-11-12T12:00:38","slug":"indoor-terminal-box-model-15b","status":"publish","type":"product","link":"https:\/\/engitech.az\/en\/product\/indoor-terminal-box-model-15b\/","title":{"rendered":"Indoor Terminal Box \u2013 Model 15B"},"content":{"rendered":"<ul>\n<li data-start=\"63\" data-end=\"99\"><strong data-start=\"63\" data-end=\"76\">Usage:<\/strong> Indoor fiber distribution<\/li>\n<li data-start=\"102\" data-end=\"131\"><strong data-start=\"102\" data-end=\"115\">Material:<\/strong> Plastic\/metal<\/li>\n<li data-start=\"134\" data-end=\"165\"><strong data-start=\"134\" data-end=\"149\">Installation:<\/strong> Wall mounting<\/li>\n<li data-start=\"168\" data-end=\"205\"><strong data-start=\"168\" data-end=\"178\">Fiber:<\/strong> Single-mode \/ Multi-mode<\/li>\n<li data-start=\"208\" data-end=\"267\"><strong data-start=\"208\" data-end=\"218\">Additional:<\/strong> High port capacity, neat cable management<\/li>\n<\/ul>","protected":false},"excerpt":{"rendered":"<p>\u0130stifad\u0259: Indoor fiber paylama Material: Plastik\/metal Qura\u015fd\u0131rma: Divar montaj\u0131 Fiber:  [&#8230;]<\/p>","protected":false},"featured_media":7898,"comment_status":"open","ping_status":"closed","template":"","meta":[],"product_brand":[],"product_cat":[229],"product_tag":[],"class_list":{"0":"post-7897","1":"product","2":"type-product","3":"status-publish","4":"has-post-thumbnail","6":"product_cat-linxcom","7":"pa_mehsul-tipi-fibre-management-terminal-box","9":"first","10":"instock","11":"sold-individually","12":"shipping-taxable","13":"purchasable","14":"product-type-simple"},"_links":{"self":[{"href":"https:\/\/engitech.az\/en\/wp-json\/wp\/v2\/product\/7897","targetHints":{"allow":["GET"]}}],"collection":[{"href":"https:\/\/engitech.az\/en\/wp-json\/wp\/v2\/product"}],"about":[{"href":"https:\/\/engitech.az\/en\/wp-json\/wp\/v2\/types\/product"}],"replies":[{"embeddable":true,"href":"https:\/\/engitech.az\/en\/wp-json\/wp\/v2\/comments?post=7897"}],"wp:featuredmedia":[{"embeddable":true,"href":"https:\/\/engitech.az\/en\/wp-json\/wp\/v2\/media\/7898"}],"wp:attachment":[{"href":"https:\/\/engitech.az\/en\/wp-json\/wp\/v2\/media?parent=7897"}],"wp:term":[{"taxonomy":"product_brand","embeddable":true,"href":"https:\/\/engitech.az\/en\/wp-json\/wp\/v2\/product_brand?post=7897"},{"taxonomy":"product_cat","embeddable":true,"href":"https:\/\/engitech.az\/en\/wp-json\/wp\/v2\/product_cat?post=7897"},{"taxonomy":"product_tag","embeddable":true,"href":"https:\/\/engitech.az\/en\/wp-json\/wp\/v2\/product_tag?post=7897"}],"curies":[{"name":"wp","href":"https:\/\/api.w.org\/{rel}","templated":true}]}}