{"id":7905,"date":"2025-11-05T08:05:09","date_gmt":"2025-11-05T08:05:09","guid":{"rendered":"https:\/\/engitech.az\/?post_type=product&#038;p=7905"},"modified":"2025-11-12T12:05:45","modified_gmt":"2025-11-12T12:05:45","slug":"outdoor-terminal-box-model-11","status":"publish","type":"product","link":"https:\/\/engitech.az\/en\/product\/outdoor-terminal-box-model-11\/","title":{"rendered":"Outdoor Terminal Box \u2013 Model 11"},"content":{"rendered":"<ul>\n<li data-start=\"84\" data-end=\"117\"><strong data-start=\"84\" data-end=\"93\">Port:<\/strong> 24\u201332 fibers (SC port)<\/li>\n<li data-start=\"120\" data-end=\"164\"><strong data-start=\"120\" data-end=\"131\">Protection:<\/strong> IP65, outdoor-proof<\/li>\n<li data-start=\"167\" data-end=\"199\"><strong data-start=\"167\" data-end=\"178\">Assembly:<\/strong> Wall, pole, cabinet<\/li>\n<li data-start=\"202\" data-end=\"237\"><strong data-start=\"202\" data-end=\"215\">Material:<\/strong> Steel + rubber seal<\/li>\n<li data-start=\"240\" data-end=\"274\"><strong data-start=\"240\" data-end=\"249\">Size:<\/strong> Approximately 310\u00d7260\u00d785 mm<\/li>\n<\/ul>","protected":false},"excerpt":{"rendered":"<p>Port: 24\u201332 fiber (SC port) Qoruma: IP65, a\u00e7\u0131q hava \u00fc\u00e7\u00fcn  [&#8230;]<\/p>","protected":false},"featured_media":7907,"comment_status":"open","ping_status":"closed","template":"","meta":[],"product_brand":[],"product_cat":[229],"product_tag":[],"class_list":{"0":"post-7905","1":"product","2":"type-product","3":"status-publish","4":"has-post-thumbnail","6":"product_cat-linxcom","7":"pa_mehsul-tipi-fibre-management-terminal-box","9":"first","10":"instock","11":"sold-individually","12":"shipping-taxable","13":"purchasable","14":"product-type-simple"},"_links":{"self":[{"href":"https:\/\/engitech.az\/en\/wp-json\/wp\/v2\/product\/7905","targetHints":{"allow":["GET"]}}],"collection":[{"href":"https:\/\/engitech.az\/en\/wp-json\/wp\/v2\/product"}],"about":[{"href":"https:\/\/engitech.az\/en\/wp-json\/wp\/v2\/types\/product"}],"replies":[{"embeddable":true,"href":"https:\/\/engitech.az\/en\/wp-json\/wp\/v2\/comments?post=7905"}],"wp:featuredmedia":[{"embeddable":true,"href":"https:\/\/engitech.az\/en\/wp-json\/wp\/v2\/media\/7907"}],"wp:attachment":[{"href":"https:\/\/engitech.az\/en\/wp-json\/wp\/v2\/media?parent=7905"}],"wp:term":[{"taxonomy":"product_brand","embeddable":true,"href":"https:\/\/engitech.az\/en\/wp-json\/wp\/v2\/product_brand?post=7905"},{"taxonomy":"product_cat","embeddable":true,"href":"https:\/\/engitech.az\/en\/wp-json\/wp\/v2\/product_cat?post=7905"},{"taxonomy":"product_tag","embeddable":true,"href":"https:\/\/engitech.az\/en\/wp-json\/wp\/v2\/product_tag?post=7905"}],"curies":[{"name":"wp","href":"https:\/\/api.w.org\/{rel}","templated":true}]}}