{"id":7908,"date":"2025-11-05T08:08:31","date_gmt":"2025-11-05T08:08:31","guid":{"rendered":"https:\/\/engitech.az\/?post_type=product&#038;p=7908"},"modified":"2025-11-12T12:06:52","modified_gmt":"2025-11-12T12:06:52","slug":"outdoor-fiber-distribution-box-4","status":"publish","type":"product","link":"https:\/\/engitech.az\/en\/product\/outdoor-fiber-distribution-box-4\/","title":{"rendered":"Outdoor Fiber Distribution Box 4"},"content":{"rendered":"<ul>\n<li data-start=\"76\" data-end=\"96\"><strong data-start=\"76\" data-end=\"85\">Port:<\/strong> 48 fibers<\/li>\n<li data-start=\"99\" data-end=\"143\"><strong data-start=\"99\" data-end=\"110\">Protection:<\/strong> IP54, outdoor-proof<\/li>\n<li data-start=\"146\" data-end=\"186\"><strong data-start=\"146\" data-end=\"157\">Assembly:<\/strong> Post-mount<\/li>\n<li data-start=\"189\" data-end=\"221\"><strong data-start=\"189\" data-end=\"202\">Material:<\/strong> PVC + ABS housing<\/li>\n<li data-start=\"224\" data-end=\"248\"><strong data-start=\"224\" data-end=\"233\">Size:<\/strong> 585\u00d7390\u00d7173mm<\/li>\n<\/ul>","protected":false},"excerpt":{"rendered":"<p>Port: 48 fiber Qoruma: IP54, a\u00e7\u0131q hava \u00fc\u00e7\u00fcn dayan\u0131ql\u0131 Montaj:  [&#8230;]<\/p>","protected":false},"featured_media":7910,"comment_status":"open","ping_status":"closed","template":"","meta":[],"product_brand":[],"product_cat":[229],"product_tag":[],"class_list":{"0":"post-7908","1":"product","2":"type-product","3":"status-publish","4":"has-post-thumbnail","6":"product_cat-linxcom","7":"pa_mehsul-tipi-fibre-management-terminal-box","9":"first","10":"instock","11":"sold-individually","12":"shipping-taxable","13":"purchasable","14":"product-type-simple"},"_links":{"self":[{"href":"https:\/\/engitech.az\/en\/wp-json\/wp\/v2\/product\/7908","targetHints":{"allow":["GET"]}}],"collection":[{"href":"https:\/\/engitech.az\/en\/wp-json\/wp\/v2\/product"}],"about":[{"href":"https:\/\/engitech.az\/en\/wp-json\/wp\/v2\/types\/product"}],"replies":[{"embeddable":true,"href":"https:\/\/engitech.az\/en\/wp-json\/wp\/v2\/comments?post=7908"}],"wp:featuredmedia":[{"embeddable":true,"href":"https:\/\/engitech.az\/en\/wp-json\/wp\/v2\/media\/7910"}],"wp:attachment":[{"href":"https:\/\/engitech.az\/en\/wp-json\/wp\/v2\/media?parent=7908"}],"wp:term":[{"taxonomy":"product_brand","embeddable":true,"href":"https:\/\/engitech.az\/en\/wp-json\/wp\/v2\/product_brand?post=7908"},{"taxonomy":"product_cat","embeddable":true,"href":"https:\/\/engitech.az\/en\/wp-json\/wp\/v2\/product_cat?post=7908"},{"taxonomy":"product_tag","embeddable":true,"href":"https:\/\/engitech.az\/en\/wp-json\/wp\/v2\/product_tag?post=7908"}],"curies":[{"name":"wp","href":"https:\/\/api.w.org\/{rel}","templated":true}]}}