{"id":7954,"date":"2025-11-05T12:10:18","date_gmt":"2025-11-05T12:10:18","guid":{"rendered":"https:\/\/engitech.az\/?post_type=product&#038;p=7954"},"modified":"2025-11-12T12:34:56","modified_gmt":"2025-11-12T12:34:56","slug":"inline-splice-enclosure-im432-8","status":"publish","type":"product","link":"https:\/\/engitech.az\/en\/product\/inline-splice-enclosure-im432-8\/","title":{"rendered":"Inline Splice Enclosure IM432-8"},"content":{"rendered":"<ul>\n<li data-start=\"39\" data-end=\"72\"><strong data-start=\"39\" data-end=\"48\">Port:<\/strong> 8 entry\/exit points<\/li>\n<li data-start=\"75\" data-end=\"97\"><strong data-start=\"75\" data-end=\"85\">Capacity:<\/strong> 432 fibers<\/li>\n<li data-start=\"100\" data-end=\"124\"><strong data-start=\"100\" data-end=\"111\">Protection:<\/strong> IP68, IK10<\/li>\n<li data-start=\"127\" data-end=\"186\"><strong data-start=\"127\" data-end=\"138\">Assembly:<\/strong> Air\/ground burial\/wall\/pipe system<\/li>\n<li data-start=\"189\" data-end=\"228\"><strong data-start=\"189\" data-end=\"202\">Material:<\/strong> ABS\/Polycarbonate body<\/li>\n<li data-start=\"231\" data-end=\"293\"><strong data-start=\"231\" data-end=\"240\">Size:<\/strong> 450\u00d7250\u00d7240mm<\/li>\n<\/ul>","protected":false},"excerpt":{"rendered":"<p>Port: 8 giri\u015f\/\u00e7\u0131x\u0131\u015f n\u00f6qt\u0259si Tutum: 432 fiber Qoruma: IP68, IK10  [&#8230;]<\/p>","protected":false},"featured_media":7955,"comment_status":"open","ping_status":"closed","template":"","meta":[],"product_brand":[],"product_cat":[229],"product_tag":[],"class_list":{"0":"post-7954","1":"product","2":"type-product","3":"status-publish","4":"has-post-thumbnail","6":"product_cat-linxcom","7":"pa_mehsul-tipi-fibre-management-splice-enclosure","9":"first","10":"instock","11":"sold-individually","12":"shipping-taxable","13":"purchasable","14":"product-type-simple"},"_links":{"self":[{"href":"https:\/\/engitech.az\/en\/wp-json\/wp\/v2\/product\/7954","targetHints":{"allow":["GET"]}}],"collection":[{"href":"https:\/\/engitech.az\/en\/wp-json\/wp\/v2\/product"}],"about":[{"href":"https:\/\/engitech.az\/en\/wp-json\/wp\/v2\/types\/product"}],"replies":[{"embeddable":true,"href":"https:\/\/engitech.az\/en\/wp-json\/wp\/v2\/comments?post=7954"}],"wp:featuredmedia":[{"embeddable":true,"href":"https:\/\/engitech.az\/en\/wp-json\/wp\/v2\/media\/7955"}],"wp:attachment":[{"href":"https:\/\/engitech.az\/en\/wp-json\/wp\/v2\/media?parent=7954"}],"wp:term":[{"taxonomy":"product_brand","embeddable":true,"href":"https:\/\/engitech.az\/en\/wp-json\/wp\/v2\/product_brand?post=7954"},{"taxonomy":"product_cat","embeddable":true,"href":"https:\/\/engitech.az\/en\/wp-json\/wp\/v2\/product_cat?post=7954"},{"taxonomy":"product_tag","embeddable":true,"href":"https:\/\/engitech.az\/en\/wp-json\/wp\/v2\/product_tag?post=7954"}],"curies":[{"name":"wp","href":"https:\/\/api.w.org\/{rel}","templated":true}]}}