{"id":7967,"date":"2025-11-05T12:44:31","date_gmt":"2025-11-05T12:44:31","guid":{"rendered":"https:\/\/engitech.az\/?post_type=product&#038;p=7967"},"modified":"2025-11-12T12:55:10","modified_gmt":"2025-11-12T12:55:10","slug":"fan-out-pigtails","status":"publish","type":"product","link":"https:\/\/engitech.az\/en\/product\/fan-out-pigtails\/","title":{"rendered":"Fan-Out Pigtails"},"content":{"rendered":"<ul>\n<li data-start=\"26\" data-end=\"88\"><strong data-start=\"26\" data-end=\"37\">Application:<\/strong> Separate termination of multi-fiber cables<\/li>\n<li data-start=\"91\" data-end=\"119\"><strong data-start=\"91\" data-end=\"100\">Port:<\/strong> 2\u201312 fibers typical<\/li>\n<li data-start=\"122\" data-end=\"151\"><strong data-start=\"122\" data-end=\"136\">Connector:<\/strong> LC\/SC\/ST<\/li>\n<li data-start=\"154\" data-end=\"187\"><strong data-start=\"154\" data-end=\"167\">Material:<\/strong> PVC\/LSZH jacket<\/li>\n<li data-start=\"190\" data-end=\"211\"><strong data-start=\"190\" data-end=\"201\">Loss:<\/strong> \u22640.4dB<\/li>\n<\/ul>","protected":false},"excerpt":{"rendered":"<p>T\u0259tbiq: Multi\u2011fiber kabell\u0259rin ayr\u0131\u2011ayr\u0131 sonland\u0131r\u0131lmas\u0131 Port: 2\u201312 fiber tipik Konnektor:  [&#8230;]<\/p>","protected":false},"featured_media":7972,"comment_status":"open","ping_status":"closed","template":"","meta":[],"product_brand":[],"product_cat":[229],"product_tag":[],"class_list":{"0":"post-7967","1":"product","2":"type-product","3":"status-publish","4":"has-post-thumbnail","6":"product_cat-linxcom","7":"pa_mehsul-tipi-fibre-optic-components-and-assemblies","9":"first","10":"instock","11":"sold-individually","12":"shipping-taxable","13":"purchasable","14":"product-type-simple"},"_links":{"self":[{"href":"https:\/\/engitech.az\/en\/wp-json\/wp\/v2\/product\/7967","targetHints":{"allow":["GET"]}}],"collection":[{"href":"https:\/\/engitech.az\/en\/wp-json\/wp\/v2\/product"}],"about":[{"href":"https:\/\/engitech.az\/en\/wp-json\/wp\/v2\/types\/product"}],"replies":[{"embeddable":true,"href":"https:\/\/engitech.az\/en\/wp-json\/wp\/v2\/comments?post=7967"}],"wp:featuredmedia":[{"embeddable":true,"href":"https:\/\/engitech.az\/en\/wp-json\/wp\/v2\/media\/7972"}],"wp:attachment":[{"href":"https:\/\/engitech.az\/en\/wp-json\/wp\/v2\/media?parent=7967"}],"wp:term":[{"taxonomy":"product_brand","embeddable":true,"href":"https:\/\/engitech.az\/en\/wp-json\/wp\/v2\/product_brand?post=7967"},{"taxonomy":"product_cat","embeddable":true,"href":"https:\/\/engitech.az\/en\/wp-json\/wp\/v2\/product_cat?post=7967"},{"taxonomy":"product_tag","embeddable":true,"href":"https:\/\/engitech.az\/en\/wp-json\/wp\/v2\/product_tag?post=7967"}],"curies":[{"name":"wp","href":"https:\/\/api.w.org\/{rel}","templated":true}]}}