{"id":7989,"date":"2025-11-05T14:37:55","date_gmt":"2025-11-05T14:37:55","guid":{"rendered":"https:\/\/engitech.az\/?post_type=product&#038;p=7989"},"modified":"2025-11-12T13:34:46","modified_gmt":"2025-11-12T13:34:46","slug":"dead-zone-eliminator","status":"publish","type":"product","link":"https:\/\/engitech.az\/en\/product\/dead-zone-eliminator\/","title":{"rendered":"Dead Zone Eliminator"},"content":{"rendered":"<ul>\n<li data-start=\"30\" data-end=\"81\"><strong data-start=\"30\" data-end=\"41\">Application:<\/strong> Reduces dead zone in OTDR tests<\/li>\n<li data-start=\"84\" data-end=\"118\"><strong data-start=\"84\" data-end=\"92\">Fiber:<\/strong> Single-mode \/ Multi-mode<\/li>\n<li data-start=\"121\" data-end=\"155\"><strong data-start=\"121\" data-end=\"133\">Length:<\/strong> 100 m and more<\/li>\n<li data-start=\"158\" data-end=\"187\"><strong data-start=\"158\" data-end=\"172\">Connector:<\/strong> SC\/LC\/FC<\/li>\n<li data-start=\"190\" data-end=\"218\"><strong data-start=\"190\" data-end=\"201\">Design:<\/strong> Lightweight, portable<\/li>\n<\/ul>","protected":false},"excerpt":{"rendered":"<p>T\u0259tbiq: OTDR testl\u0259rind\u0259 \u00f6l\u00fc zonas\u0131n\u0131 azald\u0131r Lif: Single\u2011mode \/ Multimode  [&#8230;]<\/p>","protected":false},"featured_media":7990,"comment_status":"open","ping_status":"closed","template":"","meta":[],"product_brand":[],"product_cat":[229],"product_tag":[],"class_list":{"0":"post-7989","1":"product","2":"type-product","3":"status-publish","4":"has-post-thumbnail","6":"product_cat-linxcom","7":"pa_mehsul-tipi-fibre-optic-components-and-assemblies","9":"first","10":"instock","11":"sold-individually","12":"shipping-taxable","13":"purchasable","14":"product-type-simple"},"_links":{"self":[{"href":"https:\/\/engitech.az\/en\/wp-json\/wp\/v2\/product\/7989","targetHints":{"allow":["GET"]}}],"collection":[{"href":"https:\/\/engitech.az\/en\/wp-json\/wp\/v2\/product"}],"about":[{"href":"https:\/\/engitech.az\/en\/wp-json\/wp\/v2\/types\/product"}],"replies":[{"embeddable":true,"href":"https:\/\/engitech.az\/en\/wp-json\/wp\/v2\/comments?post=7989"}],"wp:featuredmedia":[{"embeddable":true,"href":"https:\/\/engitech.az\/en\/wp-json\/wp\/v2\/media\/7990"}],"wp:attachment":[{"href":"https:\/\/engitech.az\/en\/wp-json\/wp\/v2\/media?parent=7989"}],"wp:term":[{"taxonomy":"product_brand","embeddable":true,"href":"https:\/\/engitech.az\/en\/wp-json\/wp\/v2\/product_brand?post=7989"},{"taxonomy":"product_cat","embeddable":true,"href":"https:\/\/engitech.az\/en\/wp-json\/wp\/v2\/product_cat?post=7989"},{"taxonomy":"product_tag","embeddable":true,"href":"https:\/\/engitech.az\/en\/wp-json\/wp\/v2\/product_tag?post=7989"}],"curies":[{"name":"wp","href":"https:\/\/api.w.org\/{rel}","templated":true}]}}