{"id":7998,"date":"2025-11-06T06:24:13","date_gmt":"2025-11-06T06:24:13","guid":{"rendered":"https:\/\/engitech.az\/?post_type=product&#038;p=7998"},"modified":"2025-11-12T13:37:01","modified_gmt":"2025-11-12T13:37:01","slug":"breakout-cable","status":"publish","type":"product","link":"https:\/\/engitech.az\/en\/product\/breakout-cable\/","title":{"rendered":"Breakout Cable"},"content":{"rendered":"<ul>\n<li data-start=\"24\" data-end=\"73\"><strong data-start=\"24\" data-end=\"35\">Application:<\/strong> For separate termination of each fiber<\/li>\n<li data-start=\"76\" data-end=\"97\"><strong data-start=\"76\" data-end=\"84\">Fiber:<\/strong> 2\u201312 fibers<\/li>\n<li data-start=\"100\" data-end=\"153\"><strong data-start=\"100\" data-end=\"113\">Structure:<\/strong> Separate sub-cables, aramid reinforcement<\/li>\n<li data-start=\"156\" data-end=\"186\"><strong data-start=\"156\" data-end=\"167\">Protection:<\/strong> PVC\/LSZH sheath<\/li>\n<li data-start=\"189\" data-end=\"235\"><strong data-start=\"189\" data-end=\"202\">Usage:<\/strong> Internal network and data centers<\/li>\n<\/ul>","protected":false},"excerpt":{"rendered":"<p>T\u0259tbiq: H\u0259r lifin ayr\u0131 sonland\u0131r\u0131lmas\u0131 \u00fc\u00e7\u00fcn Lif: 2\u201312 fiber Struktur:  [&#8230;]<\/p>","protected":false},"featured_media":7999,"comment_status":"open","ping_status":"closed","template":"","meta":[],"product_brand":[],"product_cat":[229],"product_tag":[],"class_list":{"0":"post-7998","1":"product","2":"type-product","3":"status-publish","4":"has-post-thumbnail","6":"product_cat-linxcom","7":"pa_mehsul-tipi-fibre-optik-cable","9":"first","10":"instock","11":"sold-individually","12":"shipping-taxable","13":"product-type-simple"},"_links":{"self":[{"href":"https:\/\/engitech.az\/en\/wp-json\/wp\/v2\/product\/7998","targetHints":{"allow":["GET"]}}],"collection":[{"href":"https:\/\/engitech.az\/en\/wp-json\/wp\/v2\/product"}],"about":[{"href":"https:\/\/engitech.az\/en\/wp-json\/wp\/v2\/types\/product"}],"replies":[{"embeddable":true,"href":"https:\/\/engitech.az\/en\/wp-json\/wp\/v2\/comments?post=7998"}],"wp:featuredmedia":[{"embeddable":true,"href":"https:\/\/engitech.az\/en\/wp-json\/wp\/v2\/media\/7999"}],"wp:attachment":[{"href":"https:\/\/engitech.az\/en\/wp-json\/wp\/v2\/media?parent=7998"}],"wp:term":[{"taxonomy":"product_brand","embeddable":true,"href":"https:\/\/engitech.az\/en\/wp-json\/wp\/v2\/product_brand?post=7998"},{"taxonomy":"product_cat","embeddable":true,"href":"https:\/\/engitech.az\/en\/wp-json\/wp\/v2\/product_cat?post=7998"},{"taxonomy":"product_tag","embeddable":true,"href":"https:\/\/engitech.az\/en\/wp-json\/wp\/v2\/product_tag?post=7998"}],"curies":[{"name":"wp","href":"https:\/\/api.w.org\/{rel}","templated":true}]}}