{"id":8000,"date":"2025-11-06T06:30:57","date_gmt":"2025-11-06T06:30:57","guid":{"rendered":"https:\/\/engitech.az\/?post_type=product&#038;p=8000"},"modified":"2025-11-12T13:37:35","modified_gmt":"2025-11-12T13:37:35","slug":"drop-cable","status":"publish","type":"product","link":"https:\/\/engitech.az\/en\/product\/drop-cable\/","title":{"rendered":"Drop Cable"},"content":{"rendered":"<ul>\n<li data-start=\"20\" data-end=\"67\"><strong data-start=\"20\" data-end=\"31\">Application:<\/strong> Last-kilometer (subscriber) connection<\/li>\n<li data-start=\"70\" data-end=\"90\"><strong data-start=\"70\" data-end=\"78\">Fiber:<\/strong> 1\u201312 cores<\/li>\n<li data-start=\"93\" data-end=\"130\"><strong data-start=\"93\" data-end=\"103\">Form:<\/strong> Straight \/ circular \/ figure-8<\/li>\n<li data-start=\"133\" data-end=\"175\"><strong data-start=\"133\" data-end=\"144\">Protection:<\/strong> UV-resistant, fully dielectric<\/li>\n<li data-start=\"178\" data-end=\"208\"><strong data-start=\"178\" data-end=\"191\">Usage:<\/strong> Outdoor \/ indoor<\/li>\n<\/ul>","protected":false},"excerpt":{"rendered":"<p>T\u0259tbiq: Son-kilometr (abonent) ba\u011flant\u0131s\u0131 Lif: 1\u201312 n\u00fcv\u0259 Forma: D\u00fcz \/  [&#8230;]<\/p>","protected":false},"featured_media":8001,"comment_status":"open","ping_status":"closed","template":"","meta":[],"product_brand":[],"product_cat":[229],"product_tag":[],"class_list":{"0":"post-8000","1":"product","2":"type-product","3":"status-publish","4":"has-post-thumbnail","6":"product_cat-linxcom","7":"pa_mehsul-tipi-fibre-optik-cable","9":"first","10":"instock","11":"sold-individually","12":"shipping-taxable","13":"product-type-simple"},"_links":{"self":[{"href":"https:\/\/engitech.az\/en\/wp-json\/wp\/v2\/product\/8000","targetHints":{"allow":["GET"]}}],"collection":[{"href":"https:\/\/engitech.az\/en\/wp-json\/wp\/v2\/product"}],"about":[{"href":"https:\/\/engitech.az\/en\/wp-json\/wp\/v2\/types\/product"}],"replies":[{"embeddable":true,"href":"https:\/\/engitech.az\/en\/wp-json\/wp\/v2\/comments?post=8000"}],"wp:featuredmedia":[{"embeddable":true,"href":"https:\/\/engitech.az\/en\/wp-json\/wp\/v2\/media\/8001"}],"wp:attachment":[{"href":"https:\/\/engitech.az\/en\/wp-json\/wp\/v2\/media?parent=8000"}],"wp:term":[{"taxonomy":"product_brand","embeddable":true,"href":"https:\/\/engitech.az\/en\/wp-json\/wp\/v2\/product_brand?post=8000"},{"taxonomy":"product_cat","embeddable":true,"href":"https:\/\/engitech.az\/en\/wp-json\/wp\/v2\/product_cat?post=8000"},{"taxonomy":"product_tag","embeddable":true,"href":"https:\/\/engitech.az\/en\/wp-json\/wp\/v2\/product_tag?post=8000"}],"curies":[{"name":"wp","href":"https:\/\/api.w.org\/{rel}","templated":true}]}}