{"id":8002,"date":"2025-11-06T06:34:39","date_gmt":"2025-11-06T06:34:39","guid":{"rendered":"https:\/\/engitech.az\/?post_type=product&#038;p=8002"},"modified":"2025-11-12T13:38:16","modified_gmt":"2025-11-12T13:38:16","slug":"duplex-flat-cable","status":"publish","type":"product","link":"https:\/\/engitech.az\/en\/product\/duplex-flat-cable\/","title":{"rendered":"Duplex Flat Cable"},"content":{"rendered":"<ul>\n<li data-start=\"27\" data-end=\"86\"><strong data-start=\"27\" data-end=\"38\">Application:<\/strong> For dual-fiber connections and device connections<\/li>\n<li data-start=\"89\" data-end=\"115\"><strong data-start=\"89\" data-end=\"97\">Fiber:<\/strong> 2 fibers (SM\/MM)<\/li>\n<li data-start=\"118\" data-end=\"152\"><strong data-start=\"118\" data-end=\"128\">Form:<\/strong> Straight, parallel structure<\/li>\n<li data-start=\"155\" data-end=\"185\"><strong data-start=\"155\" data-end=\"166\">Protection:<\/strong> PVC\/LSZH sheath<\/li>\n<li data-start=\"188\" data-end=\"239\"><strong data-start=\"188\" data-end=\"201\">Usage:<\/strong> Internal network and patch cord production<\/li>\n<\/ul>","protected":false},"excerpt":{"rendered":"<p>T\u0259tbiq: \u0130ki lifli \u0259laq\u0259l\u0259r v\u0259 cihaz birl\u0259\u015fm\u0259l\u0259ri \u00fc\u00e7\u00fcn Lif: 2  [&#8230;]<\/p>","protected":false},"featured_media":8004,"comment_status":"open","ping_status":"closed","template":"","meta":[],"product_brand":[],"product_cat":[229],"product_tag":[],"class_list":{"0":"post-8002","1":"product","2":"type-product","3":"status-publish","4":"has-post-thumbnail","6":"product_cat-linxcom","7":"pa_mehsul-tipi-fibre-optik-cable","9":"first","10":"instock","11":"sold-individually","12":"shipping-taxable","13":"product-type-simple"},"_links":{"self":[{"href":"https:\/\/engitech.az\/en\/wp-json\/wp\/v2\/product\/8002","targetHints":{"allow":["GET"]}}],"collection":[{"href":"https:\/\/engitech.az\/en\/wp-json\/wp\/v2\/product"}],"about":[{"href":"https:\/\/engitech.az\/en\/wp-json\/wp\/v2\/types\/product"}],"replies":[{"embeddable":true,"href":"https:\/\/engitech.az\/en\/wp-json\/wp\/v2\/comments?post=8002"}],"wp:featuredmedia":[{"embeddable":true,"href":"https:\/\/engitech.az\/en\/wp-json\/wp\/v2\/media\/8004"}],"wp:attachment":[{"href":"https:\/\/engitech.az\/en\/wp-json\/wp\/v2\/media?parent=8002"}],"wp:term":[{"taxonomy":"product_brand","embeddable":true,"href":"https:\/\/engitech.az\/en\/wp-json\/wp\/v2\/product_brand?post=8002"},{"taxonomy":"product_cat","embeddable":true,"href":"https:\/\/engitech.az\/en\/wp-json\/wp\/v2\/product_cat?post=8002"},{"taxonomy":"product_tag","embeddable":true,"href":"https:\/\/engitech.az\/en\/wp-json\/wp\/v2\/product_tag?post=8002"}],"curies":[{"name":"wp","href":"https:\/\/api.w.org\/{rel}","templated":true}]}}