{"id":8009,"date":"2025-11-06T06:43:38","date_gmt":"2025-11-06T06:43:38","guid":{"rendered":"https:\/\/engitech.az\/?post_type=product&#038;p=8009"},"modified":"2025-11-12T13:41:09","modified_gmt":"2025-11-12T13:41:09","slug":"opgw-b-cable","status":"publish","type":"product","link":"https:\/\/engitech.az\/en\/product\/opgw-b-cable\/","title":{"rendered":"OPGW-B Cable"},"content":{"rendered":"<ul>\n<li data-start=\"22\" data-end=\"53\"><strong data-start=\"22\" data-end=\"33\">Application:<\/strong> For overhead lines<\/li>\n<li data-start=\"56\" data-end=\"77\"><strong data-start=\"56\" data-end=\"64\">Fiber:<\/strong> 2\u201324 fibers<\/li>\n<li data-start=\"80\" data-end=\"129\"><strong data-start=\"80\" data-end=\"93\">Structure:<\/strong> Aluminum-clad steel + optical fiber<\/li>\n<li data-start=\"132\" data-end=\"172\"><strong data-start=\"132\" data-end=\"143\">Protection:<\/strong> Water and stress resistant<\/li>\n<li data-start=\"175\" data-end=\"207\"><strong data-start=\"175\" data-end=\"191\">Temperature:<\/strong> -40\u00b0C \u2013 +85\u00b0C<\/li>\n<\/ul>","protected":false},"excerpt":{"rendered":"<p>T\u0259tbiq: Hava x\u0259tl\u0259ri \u00fc\u00e7\u00fcn Lif: 2\u201324 fiber Struktur: Al\u00fcminium\u2011kapl\u0131 polad  [&#8230;]<\/p>","protected":false},"featured_media":8010,"comment_status":"open","ping_status":"closed","template":"","meta":[],"product_brand":[],"product_cat":[229],"product_tag":[],"class_list":{"0":"post-8009","1":"product","2":"type-product","3":"status-publish","4":"has-post-thumbnail","6":"product_cat-linxcom","7":"pa_mehsul-tipi-fibre-optik-cable","9":"first","10":"instock","11":"sold-individually","12":"shipping-taxable","13":"product-type-simple"},"_links":{"self":[{"href":"https:\/\/engitech.az\/en\/wp-json\/wp\/v2\/product\/8009","targetHints":{"allow":["GET"]}}],"collection":[{"href":"https:\/\/engitech.az\/en\/wp-json\/wp\/v2\/product"}],"about":[{"href":"https:\/\/engitech.az\/en\/wp-json\/wp\/v2\/types\/product"}],"replies":[{"embeddable":true,"href":"https:\/\/engitech.az\/en\/wp-json\/wp\/v2\/comments?post=8009"}],"wp:featuredmedia":[{"embeddable":true,"href":"https:\/\/engitech.az\/en\/wp-json\/wp\/v2\/media\/8010"}],"wp:attachment":[{"href":"https:\/\/engitech.az\/en\/wp-json\/wp\/v2\/media?parent=8009"}],"wp:term":[{"taxonomy":"product_brand","embeddable":true,"href":"https:\/\/engitech.az\/en\/wp-json\/wp\/v2\/product_brand?post=8009"},{"taxonomy":"product_cat","embeddable":true,"href":"https:\/\/engitech.az\/en\/wp-json\/wp\/v2\/product_cat?post=8009"},{"taxonomy":"product_tag","embeddable":true,"href":"https:\/\/engitech.az\/en\/wp-json\/wp\/v2\/product_tag?post=8009"}],"curies":[{"name":"wp","href":"https:\/\/api.w.org\/{rel}","templated":true}]}}