{"id":8013,"date":"2025-11-06T06:48:13","date_gmt":"2025-11-06T06:48:13","guid":{"rendered":"https:\/\/engitech.az\/?post_type=product&#038;p=8013"},"modified":"2025-11-12T13:42:11","modified_gmt":"2025-11-12T13:42:11","slug":"waterproof-breakout-cable","status":"publish","type":"product","link":"https:\/\/engitech.az\/en\/product\/waterproof-breakout-cable\/","title":{"rendered":"Waterproof Breakout Cable"},"content":{"rendered":"<ul>\n<li data-start=\"33\" data-end=\"78\"><strong data-start=\"33\" data-end=\"44\">Application:<\/strong> For outdoor and harsh environments<\/li>\n<li data-start=\"81\" data-end=\"116\"><strong data-start=\"81\" data-end=\"89\">Fiber:<\/strong> 2\u201324 or more cores<\/li>\n<li data-start=\"119\" data-end=\"173\"><strong data-start=\"119\" data-end=\"130\">Protection:<\/strong> Water and dust resistant \u2013 IP67\/IP68 level<\/li>\n<li data-start=\"176\" data-end=\"251\"><strong data-start=\"176\" data-end=\"189\">Structure:<\/strong> Each fiber is in a separate sub-cable, reinforced with strength members<\/li>\n<li data-start=\"254\" data-end=\"329\"><strong data-start=\"254\" data-end=\"267\">Usage:<\/strong> Data centers, FTTA, high-density networking between devices<\/li>\n<\/ul>","protected":false},"excerpt":{"rendered":"<p>T\u0259tbiq: A\u00e7\u0131q hava v\u0259 s\u0259rt m\u00fchitl\u0259r \u00fc\u00e7\u00fcn Lif: 2\u201324 v\u0259  [&#8230;]<\/p>","protected":false},"featured_media":8014,"comment_status":"open","ping_status":"closed","template":"","meta":[],"product_brand":[],"product_cat":[229],"product_tag":[],"class_list":{"0":"post-8013","1":"product","2":"type-product","3":"status-publish","4":"has-post-thumbnail","6":"product_cat-linxcom","7":"pa_mehsul-tipi-fibre-optik-cable","9":"first","10":"instock","11":"sold-individually","12":"shipping-taxable","13":"product-type-simple"},"_links":{"self":[{"href":"https:\/\/engitech.az\/en\/wp-json\/wp\/v2\/product\/8013","targetHints":{"allow":["GET"]}}],"collection":[{"href":"https:\/\/engitech.az\/en\/wp-json\/wp\/v2\/product"}],"about":[{"href":"https:\/\/engitech.az\/en\/wp-json\/wp\/v2\/types\/product"}],"replies":[{"embeddable":true,"href":"https:\/\/engitech.az\/en\/wp-json\/wp\/v2\/comments?post=8013"}],"wp:featuredmedia":[{"embeddable":true,"href":"https:\/\/engitech.az\/en\/wp-json\/wp\/v2\/media\/8014"}],"wp:attachment":[{"href":"https:\/\/engitech.az\/en\/wp-json\/wp\/v2\/media?parent=8013"}],"wp:term":[{"taxonomy":"product_brand","embeddable":true,"href":"https:\/\/engitech.az\/en\/wp-json\/wp\/v2\/product_brand?post=8013"},{"taxonomy":"product_cat","embeddable":true,"href":"https:\/\/engitech.az\/en\/wp-json\/wp\/v2\/product_cat?post=8013"},{"taxonomy":"product_tag","embeddable":true,"href":"https:\/\/engitech.az\/en\/wp-json\/wp\/v2\/product_tag?post=8013"}],"curies":[{"name":"wp","href":"https:\/\/api.w.org\/{rel}","templated":true}]}}