{"id":8029,"date":"2025-11-06T07:22:37","date_gmt":"2025-11-06T07:22:37","guid":{"rendered":"https:\/\/engitech.az\/?post_type=product&#038;p=8029"},"modified":"2025-11-12T13:47:41","modified_gmt":"2025-11-12T13:47:41","slug":"non-armored-duct-cable","status":"publish","type":"product","link":"https:\/\/engitech.az\/en\/product\/non-armored-duct-cable\/","title":{"rendered":"Non-Armoured Duct Cable"},"content":{"rendered":"<ul>\n<li data-start=\"33\" data-end=\"74\"><strong data-start=\"33\" data-end=\"44\">Application:<\/strong> In-channel optical connections<\/li>\n<li data-start=\"77\" data-end=\"100\"><strong data-start=\"77\" data-end=\"85\">Fiber:<\/strong> 12\u2013144 fibers<\/li>\n<li data-start=\"103\" data-end=\"147\"><strong data-start=\"103\" data-end=\"116\">Structure:<\/strong> Loose tube + aramid strength member<\/li>\n<li data-start=\"150\" data-end=\"178\"><strong data-start=\"150\" data-end=\"161\">Protection:<\/strong> PVC\/PE coating<\/li>\n<li data-start=\"181\" data-end=\"217\"><strong data-start=\"181\" data-end=\"194\">Usage:<\/strong> Indoor \/ outdoor ducts<\/li>\n<\/ul>","protected":false},"excerpt":{"rendered":"<p>T\u0259tbiq: Kanal i\u00e7i optik ba\u011flant\u0131lar Lif: 12\u2013144 fiber Struktur: Loose  [&#8230;]<\/p>","protected":false},"featured_media":8030,"comment_status":"open","ping_status":"closed","template":"","meta":[],"product_brand":[],"product_cat":[229],"product_tag":[],"class_list":{"0":"post-8029","1":"product","2":"type-product","3":"status-publish","4":"has-post-thumbnail","6":"product_cat-linxcom","7":"pa_mehsul-tipi-fibre-optik-cable","9":"first","10":"instock","11":"sold-individually","12":"shipping-taxable","13":"purchasable","14":"product-type-simple"},"_links":{"self":[{"href":"https:\/\/engitech.az\/en\/wp-json\/wp\/v2\/product\/8029","targetHints":{"allow":["GET"]}}],"collection":[{"href":"https:\/\/engitech.az\/en\/wp-json\/wp\/v2\/product"}],"about":[{"href":"https:\/\/engitech.az\/en\/wp-json\/wp\/v2\/types\/product"}],"replies":[{"embeddable":true,"href":"https:\/\/engitech.az\/en\/wp-json\/wp\/v2\/comments?post=8029"}],"wp:featuredmedia":[{"embeddable":true,"href":"https:\/\/engitech.az\/en\/wp-json\/wp\/v2\/media\/8030"}],"wp:attachment":[{"href":"https:\/\/engitech.az\/en\/wp-json\/wp\/v2\/media?parent=8029"}],"wp:term":[{"taxonomy":"product_brand","embeddable":true,"href":"https:\/\/engitech.az\/en\/wp-json\/wp\/v2\/product_brand?post=8029"},{"taxonomy":"product_cat","embeddable":true,"href":"https:\/\/engitech.az\/en\/wp-json\/wp\/v2\/product_cat?post=8029"},{"taxonomy":"product_tag","embeddable":true,"href":"https:\/\/engitech.az\/en\/wp-json\/wp\/v2\/product_tag?post=8029"}],"curies":[{"name":"wp","href":"https:\/\/api.w.org\/{rel}","templated":true}]}}