{"id":8072,"date":"2025-11-06T11:32:47","date_gmt":"2025-11-06T11:32:47","guid":{"rendered":"https:\/\/engitech.az\/?post_type=product&#038;p=8072"},"modified":"2025-11-13T05:24:01","modified_gmt":"2025-11-13T05:24:01","slug":"dual-fiber-to-rj45-media-converter","status":"publish","type":"product","link":"https:\/\/engitech.az\/en\/product\/dual-fiber-to-rj45-media-converter\/","title":{"rendered":"Dual Fiber to RJ45 Media Converter"},"content":{"rendered":"<ul>\n<li data-start=\"44\" data-end=\"82\"><strong data-start=\"44\" data-end=\"55\">Application:<\/strong> Fiber \u2194 Ethernet conversion<\/li>\n<li data-start=\"85\" data-end=\"112\"><strong data-start=\"85\" data-end=\"94\">Port:<\/strong> 2\u00d7Fiber, 1\u00d7RJ45<\/li>\n<li data-start=\"115\" data-end=\"144\"><strong data-start=\"115\" data-end=\"125\">Speed:<\/strong> 10\/100\/1000Mbps<\/li>\n<li data-start=\"147\" data-end=\"175\"><strong data-start=\"147\" data-end=\"158\">Distance:<\/strong> Up to 120 km<\/li>\n<li data-start=\"178\" data-end=\"219\"><strong data-start=\"178\" data-end=\"191\">Usage:<\/strong> Network extension, data center<\/li>\n<\/ul>","protected":false},"excerpt":{"rendered":"<p>T\u0259tbiq: Fiber \u2194 Ethernet \u00e7evirm\u0259 Port: 2\u00d7Fiber, 1\u00d7RJ45 S\u00fcr\u0259t: 10\/100\/1000  [&#8230;]<\/p>","protected":false},"featured_media":8074,"comment_status":"open","ping_status":"closed","template":"","meta":[],"product_brand":[],"product_cat":[229],"product_tag":[],"class_list":{"0":"post-8072","1":"product","2":"type-product","3":"status-publish","4":"has-post-thumbnail","6":"product_cat-linxcom","7":"pa_mehsul-tipi-fibre-optic-active","9":"first","10":"instock","11":"sold-individually","12":"shipping-taxable","13":"purchasable","14":"product-type-simple"},"_links":{"self":[{"href":"https:\/\/engitech.az\/en\/wp-json\/wp\/v2\/product\/8072","targetHints":{"allow":["GET"]}}],"collection":[{"href":"https:\/\/engitech.az\/en\/wp-json\/wp\/v2\/product"}],"about":[{"href":"https:\/\/engitech.az\/en\/wp-json\/wp\/v2\/types\/product"}],"replies":[{"embeddable":true,"href":"https:\/\/engitech.az\/en\/wp-json\/wp\/v2\/comments?post=8072"}],"wp:featuredmedia":[{"embeddable":true,"href":"https:\/\/engitech.az\/en\/wp-json\/wp\/v2\/media\/8074"}],"wp:attachment":[{"href":"https:\/\/engitech.az\/en\/wp-json\/wp\/v2\/media?parent=8072"}],"wp:term":[{"taxonomy":"product_brand","embeddable":true,"href":"https:\/\/engitech.az\/en\/wp-json\/wp\/v2\/product_brand?post=8072"},{"taxonomy":"product_cat","embeddable":true,"href":"https:\/\/engitech.az\/en\/wp-json\/wp\/v2\/product_cat?post=8072"},{"taxonomy":"product_tag","embeddable":true,"href":"https:\/\/engitech.az\/en\/wp-json\/wp\/v2\/product_tag?post=8072"}],"curies":[{"name":"wp","href":"https:\/\/api.w.org\/{rel}","templated":true}]}}