{"id":8086,"date":"2025-11-06T12:12:40","date_gmt":"2025-11-06T12:12:40","guid":{"rendered":"https:\/\/engitech.az\/?post_type=product&#038;p=8086"},"modified":"2025-11-13T07:13:22","modified_gmt":"2025-11-13T07:13:22","slug":"sfp-transceiver","status":"publish","type":"product","link":"https:\/\/engitech.az\/en\/product\/sfp-transceiver\/","title":{"rendered":"SFP Transceiver"},"content":{"rendered":"<ul>\n<li data-start=\"25\" data-end=\"66\"><strong data-start=\"25\" data-end=\"36\">Application:<\/strong> Fiber or copper connections<\/li>\n<li data-start=\"69\" data-end=\"91\"><strong data-start=\"69\" data-end=\"79\">Speed:<\/strong> 1\/10Gbps<\/li>\n<li data-start=\"94\" data-end=\"109\"><strong data-start=\"94\" data-end=\"103\">Port:<\/strong> SFP<\/li>\n<li data-start=\"112\" data-end=\"140\"><strong data-start=\"112\" data-end=\"123\">Distance:<\/strong> 100 m \u2013 120 km<\/li>\n<li data-start=\"143\" data-end=\"188\"><strong data-start=\"143\" data-end=\"156\">Usage:<\/strong> Switch, router, media converter<\/li>\n<\/ul>","protected":false},"excerpt":{"rendered":"<p>T\u0259tbiq: Fiber v\u0259 ya mis ba\u011flant\u0131lar S\u00fcr\u0259t: 1\/10 Gbps Port:  [&#8230;]<\/p>","protected":false},"featured_media":8087,"comment_status":"open","ping_status":"closed","template":"","meta":[],"product_brand":[],"product_cat":[229],"product_tag":[],"class_list":{"0":"post-8086","1":"product","2":"type-product","3":"status-publish","4":"has-post-thumbnail","6":"product_cat-linxcom","7":"pa_mehsul-tipi-fibre-optic-active","9":"first","10":"instock","11":"sold-individually","12":"shipping-taxable","13":"purchasable","14":"product-type-simple"},"_links":{"self":[{"href":"https:\/\/engitech.az\/en\/wp-json\/wp\/v2\/product\/8086","targetHints":{"allow":["GET"]}}],"collection":[{"href":"https:\/\/engitech.az\/en\/wp-json\/wp\/v2\/product"}],"about":[{"href":"https:\/\/engitech.az\/en\/wp-json\/wp\/v2\/types\/product"}],"replies":[{"embeddable":true,"href":"https:\/\/engitech.az\/en\/wp-json\/wp\/v2\/comments?post=8086"}],"wp:featuredmedia":[{"embeddable":true,"href":"https:\/\/engitech.az\/en\/wp-json\/wp\/v2\/media\/8087"}],"wp:attachment":[{"href":"https:\/\/engitech.az\/en\/wp-json\/wp\/v2\/media?parent=8086"}],"wp:term":[{"taxonomy":"product_brand","embeddable":true,"href":"https:\/\/engitech.az\/en\/wp-json\/wp\/v2\/product_brand?post=8086"},{"taxonomy":"product_cat","embeddable":true,"href":"https:\/\/engitech.az\/en\/wp-json\/wp\/v2\/product_cat?post=8086"},{"taxonomy":"product_tag","embeddable":true,"href":"https:\/\/engitech.az\/en\/wp-json\/wp\/v2\/product_tag?post=8086"}],"curies":[{"name":"wp","href":"https:\/\/api.w.org\/{rel}","templated":true}]}}