{"id":8099,"date":"2025-11-06T13:20:42","date_gmt":"2025-11-06T13:20:42","guid":{"rendered":"https:\/\/engitech.az\/?post_type=product&#038;p=8099"},"modified":"2025-11-13T07:19:53","modified_gmt":"2025-11-13T07:19:53","slug":"cat3-utp-patch-panel-50-port","status":"publish","type":"product","link":"https:\/\/engitech.az\/en\/product\/cat3-utp-patch-panel-50-port\/","title":{"rendered":"CAT3 UTP Patch Panel 50 Port"},"content":{"rendered":"<ul>\n<li data-start=\"38\" data-end=\"83\"><strong data-start=\"38\" data-end=\"49\">Application:<\/strong> Telephone and low-speed network<\/li>\n<li data-start=\"86\" data-end=\"109\"><strong data-start=\"86\" data-end=\"95\">Port:<\/strong> 50 UTP RJ45<\/li>\n<li data-start=\"112\" data-end=\"138\"><strong data-start=\"112\" data-end=\"125\">Compatibility:<\/strong> CAT3 cable<\/li>\n<li data-start=\"141\" data-end=\"163\"><strong data-start=\"141\" data-end=\"152\">Assembly:<\/strong> 19\u2033 rack<\/li>\n<li data-start=\"166\" data-end=\"211\"><strong data-start=\"166\" data-end=\"179\">Usage:<\/strong> Telephone rooms, internal network<\/li>\n<\/ul>","protected":false},"excerpt":{"rendered":"<p>T\u0259tbiq: Telefon v\u0259 a\u015fa\u011f\u0131 s\u00fcr\u0259tli \u015f\u0259b\u0259k\u0259 Port: 50 UTP RJ45  [&#8230;]<\/p>","protected":false},"featured_media":8100,"comment_status":"open","ping_status":"closed","template":"","meta":[],"product_brand":[],"product_cat":[229],"product_tag":[],"class_list":{"0":"post-8099","1":"product","2":"type-product","3":"status-publish","4":"has-post-thumbnail","6":"product_cat-linxcom","7":"pa_mehsul-tipi-voice","9":"first","10":"instock","11":"sold-individually","12":"shipping-taxable","13":"purchasable","14":"product-type-simple"},"_links":{"self":[{"href":"https:\/\/engitech.az\/en\/wp-json\/wp\/v2\/product\/8099","targetHints":{"allow":["GET"]}}],"collection":[{"href":"https:\/\/engitech.az\/en\/wp-json\/wp\/v2\/product"}],"about":[{"href":"https:\/\/engitech.az\/en\/wp-json\/wp\/v2\/types\/product"}],"replies":[{"embeddable":true,"href":"https:\/\/engitech.az\/en\/wp-json\/wp\/v2\/comments?post=8099"}],"wp:featuredmedia":[{"embeddable":true,"href":"https:\/\/engitech.az\/en\/wp-json\/wp\/v2\/media\/8100"}],"wp:attachment":[{"href":"https:\/\/engitech.az\/en\/wp-json\/wp\/v2\/media?parent=8099"}],"wp:term":[{"taxonomy":"product_brand","embeddable":true,"href":"https:\/\/engitech.az\/en\/wp-json\/wp\/v2\/product_brand?post=8099"},{"taxonomy":"product_cat","embeddable":true,"href":"https:\/\/engitech.az\/en\/wp-json\/wp\/v2\/product_cat?post=8099"},{"taxonomy":"product_tag","embeddable":true,"href":"https:\/\/engitech.az\/en\/wp-json\/wp\/v2\/product_tag?post=8099"}],"curies":[{"name":"wp","href":"https:\/\/api.w.org\/{rel}","templated":true}]}}