{"id":8101,"date":"2025-11-06T13:22:50","date_gmt":"2025-11-06T13:22:50","guid":{"rendered":"https:\/\/engitech.az\/?post_type=product&#038;p=8101"},"modified":"2025-11-13T07:20:17","modified_gmt":"2025-11-13T07:20:17","slug":"cat3-utp-multipair-cable","status":"publish","type":"product","link":"https:\/\/engitech.az\/en\/product\/cat3-utp-multipair-cable\/","title":{"rendered":"CAT3 UTP Multi-Pair Cable"},"content":{"rendered":"<ul>\n<li data-start=\"35\" data-end=\"80\"><strong data-start=\"35\" data-end=\"46\">Application:<\/strong> Telephone and low-speed network<\/li>\n<li data-start=\"83\" data-end=\"110\"><strong data-start=\"83\" data-end=\"98\">Fiber\/Pair:<\/strong> 2\u2013100 pairs<\/li>\n<li data-start=\"113\" data-end=\"158\"><strong data-start=\"113\" data-end=\"126\">Structure:<\/strong> Unshielded Twisted Pair (UTP)<\/li>\n<li data-start=\"161\" data-end=\"191\"><strong data-start=\"161\" data-end=\"172\">Protection:<\/strong> PVC\/LSZH sheath<\/li>\n<li data-start=\"194\" data-end=\"241\"><strong data-start=\"194\" data-end=\"207\">Usage:<\/strong> Internal network, telephone systems<\/li>\n<\/ul>","protected":false},"excerpt":{"rendered":"<p>T\u0259tbiq: Telefon v\u0259 a\u015fa\u011f\u0131 s\u00fcr\u0259tli \u015f\u0259b\u0259k\u0259 Lif \/ Pair: 2\u2013100  [&#8230;]<\/p>","protected":false},"featured_media":8102,"comment_status":"open","ping_status":"closed","template":"","meta":[],"product_brand":[],"product_cat":[229],"product_tag":[],"class_list":{"0":"post-8101","1":"product","2":"type-product","3":"status-publish","4":"has-post-thumbnail","6":"product_cat-linxcom","7":"pa_mehsul-tipi-voice","9":"first","10":"instock","11":"sold-individually","12":"shipping-taxable","13":"purchasable","14":"product-type-simple"},"_links":{"self":[{"href":"https:\/\/engitech.az\/en\/wp-json\/wp\/v2\/product\/8101","targetHints":{"allow":["GET"]}}],"collection":[{"href":"https:\/\/engitech.az\/en\/wp-json\/wp\/v2\/product"}],"about":[{"href":"https:\/\/engitech.az\/en\/wp-json\/wp\/v2\/types\/product"}],"replies":[{"embeddable":true,"href":"https:\/\/engitech.az\/en\/wp-json\/wp\/v2\/comments?post=8101"}],"wp:featuredmedia":[{"embeddable":true,"href":"https:\/\/engitech.az\/en\/wp-json\/wp\/v2\/media\/8102"}],"wp:attachment":[{"href":"https:\/\/engitech.az\/en\/wp-json\/wp\/v2\/media?parent=8101"}],"wp:term":[{"taxonomy":"product_brand","embeddable":true,"href":"https:\/\/engitech.az\/en\/wp-json\/wp\/v2\/product_brand?post=8101"},{"taxonomy":"product_cat","embeddable":true,"href":"https:\/\/engitech.az\/en\/wp-json\/wp\/v2\/product_cat?post=8101"},{"taxonomy":"product_tag","embeddable":true,"href":"https:\/\/engitech.az\/en\/wp-json\/wp\/v2\/product_tag?post=8101"}],"curies":[{"name":"wp","href":"https:\/\/api.w.org\/{rel}","templated":true}]}}